{"id":6602,"date":"2022-05-13T12:16:31","date_gmt":"2022-05-13T10:16:31","guid":{"rendered":"https:\/\/www.insuit.net\/us\/?page_id=6602"},"modified":"2025-11-06T13:23:23","modified_gmt":"2025-11-06T12:23:23","slug":"politica-calidad-ambiental","status":"publish","type":"page","link":"https:\/\/www.insuit.net\/us\/es\/politica-calidad-ambiental\/","title":{"rendered":"Pol\u00edtica de calidad y medioambiental"},"content":{"rendered":"\t\t<div data-elementor-type=\"wp-page\" data-elementor-id=\"6602\" class=\"elementor elementor-6602 elementor-6670\">\n\t\t\t\t\t\t<section class=\"elementor-section elementor-top-section elementor-element elementor-element-9b1fd0e legal-content elementor-section-boxed elementor-section-height-default elementor-section-height-default\" data-id=\"9b1fd0e\" data-element_type=\"section\" data-e-type=\"section\">\n\t\t\t\t\t\t<div class=\"elementor-container elementor-column-gap-default\">\n\t\t\t\t\t<div class=\"elementor-column elementor-col-100 elementor-top-column elementor-element elementor-element-96447b5\" data-id=\"96447b5\" data-element_type=\"column\" data-e-type=\"column\">\n\t\t\t<div class=\"elementor-widget-wrap elementor-element-populated\">\n\t\t\t\t\t\t<div class=\"elementor-element elementor-element-75dfccf elementor-widget elementor-widget-heading\" data-id=\"75dfccf\" data-element_type=\"widget\" data-e-type=\"widget\" data-widget_type=\"heading.default\">\n\t\t\t\t<div class=\"elementor-widget-container\">\n\t\t\t\t\t<h1 class=\"elementor-heading-title elementor-size-default\">Pol\u00edtica de calidad y medioambiental<\/h1>\t\t\t\t<\/div>\n\t\t\t\t<\/div>\n\t\t\t\t<div class=\"elementor-element elementor-element-17ee95e elementor-widget elementor-widget-text-editor\" data-id=\"17ee95e\" data-element_type=\"widget\" data-e-type=\"widget\" data-widget_type=\"text-editor.default\">\n\t\t\t\t<div class=\"elementor-widget-container\">\n\t\t\t\t\t\t\t\t\t<div role=\"region\" aria-labelledby=\"i4t-id-11\"><p><strong>Pol\u00edtica EVERYCODE<br \/><\/strong><\/p><ul><li><a href=\"https:\/\/www.insuit.net\/us\/wp-content\/uploads\/sites\/4\/2024\/06\/Politica_integrada_signed.pdf\" target=\"_blank\" rel=\"noopener\">Consultar pol\u00edtica integrada<\/a>.<\/li><\/ul><p><strong>Pol\u00edtica<\/strong><strong>\u00a0ISO 14001<\/strong><\/p><ul><li><a href=\"https:\/\/www.insuit.net\/us\/wp-content\/uploads\/sites\/4\/2022\/09\/39.1669-1R3-Certificado-ISO-14001-Rev-2.0_firmado.pdf\" target=\"_blank\" rel=\"noopener\">Certificaci\u00f3n ISO 14001 EVERYCODE<\/a>.<\/li><li><a href=\"https:\/\/www.kiwa.com\/es\/es\/productos2\/certificacion\/iso-14001-certificacion-de-sistemas-de-gestion-ambiental\/\" target=\"_blank\" rel=\"noopener\">M\u00e1s informaci\u00f3n<\/a>.<\/li><\/ul><p><strong>Pol\u00edtica\u00a0ISO 9001<\/strong><\/p><ul><li><a href=\"https:\/\/www.insuit.net\/us\/wp-content\/uploads\/sites\/4\/2023\/07\/39.1669-1R3-Certificado-ISO-9001-Rev.2.0_firmado.pdf\" target=\"_blank\" rel=\"noopener\">Certificaci\u00f3n ISO 9001 EVERYCODE<\/a>.<\/li><li><a href=\"https:\/\/www.kiwa.com\/es\/es\/productos2\/certificacion\/iso-9001-sistema-de-gestion-de-calidad\/\" target=\"_blank\" rel=\"noopener\">M\u00e1s informaci\u00f3n<\/a>.<\/li><\/ul><\/div><div role=\"region\" aria-labelledby=\"i4t-id-12\">\u00a0<\/div>\t\t\t\t\t\t\t\t<\/div>\n\t\t\t\t<\/div>\n\t\t\t\t\t<\/div>\n\t\t<\/div>\n\t\t\t\t\t<\/div>\n\t\t<\/section>\n\t\t\t\t<\/div>\n\t\t","protected":false},"excerpt":{"rendered":"<p>Pol\u00edtica de calidad y medioambiental Pol\u00edtica EVERYCODE Consultar pol\u00edtica integrada. Pol\u00edtica\u00a0ISO 14001 Certificaci\u00f3n ISO 14001 EVERYCODE. M\u00e1s informaci\u00f3n. Pol\u00edtica\u00a0ISO 9001 Certificaci\u00f3n ISO 9001 EVERYCODE. M\u00e1s informaci\u00f3n.<\/p>\n","protected":false},"author":11,"featured_media":0,"parent":0,"menu_order":0,"comment_status":"closed","ping_status":"closed","template":"","meta":{"_acf_changed":false,"footnotes":""},"tags":[],"class_list":["post-6602","page","type-page","status-publish","hentry"],"acf":[],"yoast_head":"<!-- This site is optimized with the Yoast SEO plugin v27.4 - https:\/\/yoast.com\/product\/yoast-seo-wordpress\/ -->\n<title>Pol\u00edtica de calidad y medioambiental - inSuit US<\/title>\n<meta name=\"robots\" content=\"noindex, follow\" \/>\n<meta property=\"og:locale\" content=\"es_ES\" \/>\n<meta property=\"og:type\" content=\"article\" \/>\n<meta property=\"og:title\" content=\"Pol\u00edtica de calidad y medioambiental - inSuit US\" \/>\n<meta property=\"og:description\" content=\"Pol\u00edtica de calidad y medioambiental Pol\u00edtica EVERYCODE Consultar pol\u00edtica integrada. Pol\u00edtica\u00a0ISO 14001 Certificaci\u00f3n ISO 14001 EVERYCODE. M\u00e1s informaci\u00f3n. Pol\u00edtica\u00a0ISO 9001 Certificaci\u00f3n ISO 9001 EVERYCODE. M\u00e1s informaci\u00f3n.\" \/>\n<meta property=\"og:url\" content=\"https:\/\/www.insuit.net\/us\/es\/politica-calidad-ambiental\/\" \/>\n<meta property=\"og:site_name\" content=\"inSuit US\" \/>\n<meta property=\"article:modified_time\" content=\"2025-11-06T12:23:23+00:00\" \/>\n<meta name=\"twitter:card\" content=\"summary_large_image\" \/>\n<meta name=\"twitter:label1\" content=\"Tiempo de lectura\" \/>\n\t<meta name=\"twitter:data1\" content=\"1 minuto\" \/>\n<script type=\"application\/ld+json\" class=\"yoast-schema-graph\">{\"@context\":\"https:\\\/\\\/schema.org\",\"@graph\":[{\"@type\":\"WebPage\",\"@id\":\"https:\\\/\\\/www.insuit.net\\\/us\\\/es\\\/politica-calidad-ambiental\\\/\",\"url\":\"https:\\\/\\\/www.insuit.net\\\/us\\\/es\\\/politica-calidad-ambiental\\\/\",\"name\":\"Pol\u00edtica de calidad y medioambiental - inSuit US\",\"isPartOf\":{\"@id\":\"https:\\\/\\\/www.insuit.net\\\/us\\\/es\\\/#website\"},\"datePublished\":\"2022-05-13T10:16:31+00:00\",\"dateModified\":\"2025-11-06T12:23:23+00:00\",\"breadcrumb\":{\"@id\":\"https:\\\/\\\/www.insuit.net\\\/us\\\/es\\\/politica-calidad-ambiental\\\/#breadcrumb\"},\"inLanguage\":\"es\",\"potentialAction\":[{\"@type\":\"ReadAction\",\"target\":[\"https:\\\/\\\/www.insuit.net\\\/us\\\/es\\\/politica-calidad-ambiental\\\/\"]}]},{\"@type\":\"BreadcrumbList\",\"@id\":\"https:\\\/\\\/www.insuit.net\\\/us\\\/es\\\/politica-calidad-ambiental\\\/#breadcrumb\",\"itemListElement\":[{\"@type\":\"ListItem\",\"position\":1,\"name\":\"Home\",\"item\":\"https:\\\/\\\/www.insuit.net\\\/us\\\/es\\\/\"},{\"@type\":\"ListItem\",\"position\":2,\"name\":\"Pol\u00edtica de calidad y medioambiental\"}]},{\"@type\":\"WebSite\",\"@id\":\"https:\\\/\\\/www.insuit.net\\\/us\\\/es\\\/#website\",\"url\":\"https:\\\/\\\/www.insuit.net\\\/us\\\/es\\\/\",\"name\":\"inSuit US\",\"description\":\"Web accessibility for people with disabilities\",\"potentialAction\":[{\"@type\":\"SearchAction\",\"target\":{\"@type\":\"EntryPoint\",\"urlTemplate\":\"https:\\\/\\\/www.insuit.net\\\/us\\\/es\\\/?s={search_term_string}\"},\"query-input\":{\"@type\":\"PropertyValueSpecification\",\"valueRequired\":true,\"valueName\":\"search_term_string\"}}],\"inLanguage\":\"es\"}]}<\/script>\n<!-- \/ Yoast SEO plugin. -->","yoast_head_json":{"title":"Pol\u00edtica de calidad y medioambiental - inSuit US","robots":{"index":"noindex","follow":"follow"},"og_locale":"es_ES","og_type":"article","og_title":"Pol\u00edtica de calidad y medioambiental - inSuit US","og_description":"Pol\u00edtica de calidad y medioambiental Pol\u00edtica EVERYCODE Consultar pol\u00edtica integrada. Pol\u00edtica\u00a0ISO 14001 Certificaci\u00f3n ISO 14001 EVERYCODE. M\u00e1s informaci\u00f3n. Pol\u00edtica\u00a0ISO 9001 Certificaci\u00f3n ISO 9001 EVERYCODE. M\u00e1s informaci\u00f3n.","og_url":"https:\/\/www.insuit.net\/us\/es\/politica-calidad-ambiental\/","og_site_name":"inSuit US","article_modified_time":"2025-11-06T12:23:23+00:00","twitter_card":"summary_large_image","twitter_misc":{"Tiempo de lectura":"1 minuto"},"schema":{"@context":"https:\/\/schema.org","@graph":[{"@type":"WebPage","@id":"https:\/\/www.insuit.net\/us\/es\/politica-calidad-ambiental\/","url":"https:\/\/www.insuit.net\/us\/es\/politica-calidad-ambiental\/","name":"Pol\u00edtica de calidad y medioambiental - inSuit US","isPartOf":{"@id":"https:\/\/www.insuit.net\/us\/es\/#website"},"datePublished":"2022-05-13T10:16:31+00:00","dateModified":"2025-11-06T12:23:23+00:00","breadcrumb":{"@id":"https:\/\/www.insuit.net\/us\/es\/politica-calidad-ambiental\/#breadcrumb"},"inLanguage":"es","potentialAction":[{"@type":"ReadAction","target":["https:\/\/www.insuit.net\/us\/es\/politica-calidad-ambiental\/"]}]},{"@type":"BreadcrumbList","@id":"https:\/\/www.insuit.net\/us\/es\/politica-calidad-ambiental\/#breadcrumb","itemListElement":[{"@type":"ListItem","position":1,"name":"Home","item":"https:\/\/www.insuit.net\/us\/es\/"},{"@type":"ListItem","position":2,"name":"Pol\u00edtica de calidad y medioambiental"}]},{"@type":"WebSite","@id":"https:\/\/www.insuit.net\/us\/es\/#website","url":"https:\/\/www.insuit.net\/us\/es\/","name":"inSuit US","description":"Web accessibility for people with disabilities","potentialAction":[{"@type":"SearchAction","target":{"@type":"EntryPoint","urlTemplate":"https:\/\/www.insuit.net\/us\/es\/?s={search_term_string}"},"query-input":{"@type":"PropertyValueSpecification","valueRequired":true,"valueName":"search_term_string"}}],"inLanguage":"es"}]}},"_links":{"self":[{"href":"https:\/\/www.insuit.net\/us\/es\/wp-json\/wp\/v2\/pages\/6602","targetHints":{"allow":["GET"]}}],"collection":[{"href":"https:\/\/www.insuit.net\/us\/es\/wp-json\/wp\/v2\/pages"}],"about":[{"href":"https:\/\/www.insuit.net\/us\/es\/wp-json\/wp\/v2\/types\/page"}],"author":[{"embeddable":true,"href":"https:\/\/www.insuit.net\/us\/es\/wp-json\/wp\/v2\/users\/11"}],"replies":[{"embeddable":true,"href":"https:\/\/www.insuit.net\/us\/es\/wp-json\/wp\/v2\/comments?post=6602"}],"version-history":[{"count":29,"href":"https:\/\/www.insuit.net\/us\/es\/wp-json\/wp\/v2\/pages\/6602\/revisions"}],"predecessor-version":[{"id":30910,"href":"https:\/\/www.insuit.net\/us\/es\/wp-json\/wp\/v2\/pages\/6602\/revisions\/30910"}],"wp:attachment":[{"href":"https:\/\/www.insuit.net\/us\/es\/wp-json\/wp\/v2\/media?parent=6602"}],"wp:term":[{"taxonomy":"post_tag","embeddable":true,"href":"https:\/\/www.insuit.net\/us\/es\/wp-json\/wp\/v2\/tags?post=6602"}],"curies":[{"name":"wp","href":"https:\/\/api.w.org\/{rel}","templated":true}]}}