{"id":4947,"date":"2021-10-06T17:26:04","date_gmt":"2021-10-06T15:26:04","guid":{"rendered":"https:\/\/www.insuit.net\/us\/?page_id=4947"},"modified":"2026-02-10T14:16:21","modified_gmt":"2026-02-10T13:16:21","slug":"declaracion-accesibilidad","status":"publish","type":"page","link":"https:\/\/www.insuit.net\/us\/es\/declaracion-accesibilidad\/","title":{"rendered":"Declaraci\u00f3n de accesibilidad"},"content":{"rendered":"\t\t<div data-elementor-type=\"wp-page\" data-elementor-id=\"4947\" class=\"elementor elementor-4947 elementor-5035\">\n\t\t\t\t\t\t<section class=\"elementor-section elementor-top-section elementor-element elementor-element-9b1fd0e legal-content elementor-section-boxed elementor-section-height-default elementor-section-height-default\" data-id=\"9b1fd0e\" data-element_type=\"section\" data-e-type=\"section\">\n\t\t\t\t\t\t<div class=\"elementor-container elementor-column-gap-default\">\n\t\t\t\t\t<div class=\"elementor-column elementor-col-100 elementor-top-column elementor-element elementor-element-96447b5\" data-id=\"96447b5\" data-element_type=\"column\" data-e-type=\"column\">\n\t\t\t<div class=\"elementor-widget-wrap elementor-element-populated\">\n\t\t\t\t\t\t<div class=\"elementor-element elementor-element-75dfccf elementor-widget elementor-widget-heading\" data-id=\"75dfccf\" data-element_type=\"widget\" data-e-type=\"widget\" data-widget_type=\"heading.default\">\n\t\t\t\t<div class=\"elementor-widget-container\">\n\t\t\t\t\t<h1 class=\"elementor-heading-title elementor-size-default\">Declaraci\u00f3n de accesibilidad<\/h1>\t\t\t\t<\/div>\n\t\t\t\t<\/div>\n\t\t\t\t<div class=\"elementor-element elementor-element-17ee95e elementor-widget elementor-widget-text-editor\" data-id=\"17ee95e\" data-element_type=\"widget\" data-e-type=\"widget\" data-widget_type=\"text-editor.default\">\n\t\t\t\t<div class=\"elementor-widget-container\">\n\t\t\t\t\t\t\t\t\t<p>En Everycode S.L. trabajamos constantemente para garantizar el acceso universal a nuestra web. Nuestro objetivo es que todas las personas, independientemente de su edad, discapacidad o cualquier otra circunstancia personal, puedan navegar por todo el dominio <a href=\"\/us\/es\/\" target=\"_blank\" rel=\"noopener\">insuit.net<\/a> sin encontrar dificultades de acceso.<\/p><p>Para lograr una mayor accesibilidad del sitio web de INSUIT se han aplicado criterios basados en las directrices WCAG\/WAI establecidas por el World Wide Web Consortium (W3C) , el organismo internacional encargado de supervisar las tecnolog\u00edas y la adopci\u00f3n de est\u00e1ndares en Internet. En este sentido, el sitio web de INSUIT ha sido desarrollado con el objetivo de asegurar su conformidad con el nivel AA de las Pautas de Accesibilidad al Contenido Web (WCAG) 2.1 de la Iniciativa de Accesibilidad Web (WAI) del W3C. Everycode SL ha evaluado la accesibilidad de este sitio web siguiendo los requisitos de las WCAG 2.1.<\/p><p>Esta declaraci\u00f3n de accesibilidad se aplica al sitio web <a href=\"\/us\/es\/\" target=\"_blank\" rel=\"noopener\">www.insuit.net<\/a> con exclusi\u00f3n del contenido incrustado de otros dominios.<\/p><h2>Estado actual<\/h2><p>El sitio web\u00a0<a href=\"\/us\/es\/\" target=\"_blank\" rel=\"noopener\">www.insuit.net<\/a> ha recibido la <a href=\"\/us\/es\/certificacion-accesibilidad-web-insuit-aa\/\" target=\"_blank\" rel=\"noopener\">Certificaci\u00f3n inSuit AA<\/a> de acuerdo con los requisitos de WCAG 2.1, Nivel de conformidad AA.<\/p><p>Se han a\u00f1adido las siguientes funcionalidades a <a href=\"\/us\/es\/\" target=\"_blank\" rel=\"noopener\">www.insuit.net<\/a> para permitir un mejor acceso a sus contenidos:<\/p><ul><li>Las caracter\u00edsticas visuales del sitio web (tipo de letra, color de fuente y fondo, etc.) se definen mediante el uso de hojas de estilo para que el usuario pueda ajustar las caracter\u00edsticas del texto seg\u00fan sus preferencias.<\/li><li>Los tama\u00f1os de fuente se han definido utilizando unidades relativas para que el tama\u00f1o de fuente se pueda aumentar o disminuir en las opciones del navegador.<\/li><li>Si un usuario accede a la p\u00e1gina con un navegador que no soporta hojas de estilos, esto no representa un problema ya que a\u00fan podr\u00e1 acceder al contenido con el CSS deshabilitado.<\/li><li>Las p\u00e1ginas web tienen una estructura clara para que todo el contenido sea visible para todos los usuarios, incluidos aquellos que utilizan lectores de pantalla e incluso usuarios que deshabilitan hojas de estilos, etc. Con este objetivo, se han codificado en HTML los encabezados de secci\u00f3n, las listas y todos los elementos que ayudan a la comprensi\u00f3n general del sitio web.<\/li><li>El sitio ha sido construido utilizando c\u00f3digo compatible con gram\u00e1ticas formales para garantizar que el contenido se muestre correctamente en diferentes navegadores.<\/li><\/ul><h2>Contenido no accesible<\/h2><p>El contenido que se recoge a continuaci\u00f3n no es accesible por los siguientes motivos:<\/p><ol><li>Algunas im\u00e1genes no est\u00e1n etiquetadas o tienen una alternativa textual gen\u00e9rica [requisito n\u00famero 9.1.1.1 de la norma UNE-EN 301549:2022-03 Contenido no textual].<\/li><li>Algunos videos pregrabados en el sitio web no disponen de audio descripci\u00f3n o medios alternativos. requisitos n\u00famero 9.1.2.5 y 9.1.2.3 de la norma UNE-EN 301549:2022-03 Audio descripci\u00f3n o medios alternativos (grabado)].<\/li><li>En algunas p\u00e1ginas se han podido utilizar im\u00e1genes de texto en lugar de texto para transmitir informaci\u00f3n [requisito n\u00famero 9.1.4.5 de la norma UNE-EN 301549:2022-03 im\u00e1genes de texto].<\/li><\/ol><h2>Elaboraci\u00f3n de esta declaraci\u00f3n de accesibilidad<\/h2><p>Esta declaraci\u00f3n fue preparada el <strong>25 de septiembre de 2024<\/strong>.<\/p><p>El m\u00e9todo utilizado para elaborar esta declaraci\u00f3n fue una auditor\u00eda de accesibilidad realizada por Everycode S.L. el <strong>25 de julio de 2024<\/strong>.<\/p><p>Esta declaraci\u00f3n fue revisada por \u00faltima vez el: <strong>2 de octubre de 2025<\/strong>.<\/p><p>Los resultados de la auditor\u00eda cumplen plenamente los requisitos de la norma WCAG 2.1, Nivel de Conformidad AA, cumpliendo el nivel de accesibilidad requerido por la legislaci\u00f3n vigente.<\/p><h2>Observaciones y datos de contacto<\/h2><p>Puede realizar comunicaciones sobre requisitos de accesibilidad como, por ejemplo:<\/p><ul><li>Informar sobre cualquier posible incumplimiento por este sitio web.<\/li><li>Transmitir otras dificultades de acceso al contenido.<\/li><li>Formular cualquier otra consulta o sugerencia de mejora relativa a la accesibilidad del sitio web.<\/li><\/ul><p>Para estas comunicaciones tiene disponible estos canales de comunicaci\u00f3n:<\/p><p>Enlace a Formulario: <a href=\"\/us\/es\/contacto\/\" target=\"_blank\" rel=\"noopener\">https:\/\/www.insuit.net\/us\/es\/contacto\/<\/a><\/p><div role=\"region\" aria-labelledby=\"i4t-id-10\" data-insuit-uuid=\"b7cfe2ae-3202-4682-9639-2b7d87f6e7e0\" aria-label=\"Contenido opcional\"><div><h2>Contenido opcional<\/h2><p>Everycode S.L. ha incorporado a su web <strong>inSuit Tools\u2122<\/strong>, una soluci\u00f3n de accesibilidad digital que proporciona una serie de herramientas y ayudas t\u00e9cnicas para la navegaci\u00f3n accesible. inSuit Tools\u2122 opera en paralelo con la soluci\u00f3n inSuit Remedy\u2122, que mejora la accesibilidad y la usabilidad web de manera \u00f3ptima y eficaz. Esta transforma la p\u00e1gina web en tiempo real en base a WCAG y WAI-ARIA, de forma personalizada por expertos en accesibilidad y usabilidad, haci\u00e9ndola m\u00e1s accesible e inclusiva.<\/p><p>Para activar inSuit Tools\u2122 en la web de Everycode S.L.: activa la pesta\u00f1a correspondiente situada en el lado izquierdo de la pantalla (HERRAMIENTAS DE ACCESIBILIDAD).<\/p><div align=\"center\"><img decoding=\"async\" src=\"https:\/\/www.insuit.net\/us\/wp-content\/uploads\/2024\/09\/pestana-nueva-2024-min.jpg\" alt=\"Captura de pantalla de la pesta\u00f1a de activaci\u00f3n de inSuit Tools.\" width=\"65\" height=\"214\" \/><\/div><p>El sitio web proporciona a los usuarios ayudas t\u00e9cnicas para ayudarles a navegar de acuerdo a sus necesidades y preferencias.<\/p><h3>Ayudas t\u00e9cnicas de inSuit Tools\u2122<\/h3><table role=\"table\" aria-labelledby=\"i4t-id-11\"><thead><tr aria-hidden=\"true\"><th><p>Ayuda t\u00e9cnica<\/p><\/th><td><p>Dirigida a:<\/p><\/td><\/tr><\/thead><tbody aria-labelledby=\"dec-acc-insuit-table-caption-id\"><tr aria-labelledby=\"dec-acc-insuit-row-1-id\"><th>Navegaci\u00f3n mediante teclado<\/th><td><p><span style=\"display: none;\" aria-hidden=\"true\">Dirigida a:<\/span><\/p><p><strong>Personas ciegas<\/strong>. Los usuarios pueden escuchar el contenido de la p\u00e1gina web y navegar utilizando el teclado y marcadores numerados.<\/p><\/td><\/tr><tr aria-labelledby=\"dec-acc-insuit-row-2-id\"><th>Navegaci\u00f3n para personas con visi\u00f3n reducida<\/th><td><p><span style=\"display: none;\" aria-hidden=\"true\">Dirigida a:<\/span><\/p><p><strong>Personas con discapacidad visual<\/strong>.\u00a0Se puede ampliar el contenido de las p\u00e1ginas web, ajustar el contraste y facilitar la lectura a las personas con dislexia.<\/p><\/td><\/tr><tr aria-labelledby=\"dec-acc-insuit-row-3-id\"><th>Comandos de voz<\/th><td><p><span style=\"display: none;\" aria-hidden=\"true\">Dirigida a:<\/span><\/p><p><strong>Personas con discapacidad motriz<\/strong>.\u00a0Acceso a todo el contenido de la p\u00e1gina mediante sencillos comandos de voz.<\/p><\/td><\/tr><tr aria-labelledby=\"dec-acc-insuit-row-4-id\"><th>Navegaci\u00f3n por sonido<\/th><td><p><span style=\"display: none;\" aria-hidden=\"true\">Dirigida a:<\/span><\/p><p><strong>Personas con discapacidad motriz que tambi\u00e9n tengan dificultad para hablar<\/strong>.\u00a0Permite a los usuarios navegar utilizando cualquier tipo de sonido, recorriendo las opciones disponibles.<\/p><\/td><\/tr><tr aria-labelledby=\"dec-acc-insuit-row-5-id\"><th>Navegaci\u00f3n mediante pulsador<\/th><td><p><span style=\"display: none;\" aria-hidden=\"true\">Dirigida a:<\/span><\/p><p><strong>Personas con discapacidades motoras graves<\/strong>.\u00a0Este tipo de navegaci\u00f3n utiliza cualquier tecla del teclado como un \u00fanico bot\u00f3n que permite al usuario seleccionar entre un conjunto de opciones disponibles que aparecen en la pantalla.<\/p><\/td><\/tr><tr aria-labelledby=\"dec-acc-insuit-row-6-id\"><th>Navegaci\u00f3n sencilla mediante botones<\/th><td><p><span style=\"display: none;\" aria-hidden=\"true\">Dirigida a:<\/span><\/p><p><strong>Personas con discapacidades cognitivas y personas mayores<\/strong>.\u00a0Navegaci\u00f3n sencilla con el rat\u00f3n mediante elementos visuales destacados y botones virtuales.<\/p><\/td><\/tr><tr aria-labelledby=\"dec-acc-insuit-row-7-id\"><th>Navegaci\u00f3n sencilla mediante texto ampliado<\/th><td><p><span style=\"display: none;\" aria-hidden=\"true\">Dirigida a:<\/span><\/p><p><strong>Personas mayores o con poca habilidad digital<\/strong>.\u00a0Navegaci\u00f3n con rat\u00f3n que permite aumentar el tama\u00f1o del puntero, resaltar enlaces, cambiar el contraste de color, hacer zoom sobre el contenido y la estructura, cambiar a una fuente m\u00e1s legible o especial para disl\u00e9xicos y tambi\u00e9n cuenta con botones para convertir texto a voz para contenido textual.<\/p><\/td><\/tr><tr aria-labelledby=\"dec-acc-insuit-row-7-id\"><th>Optimizado lectores de pantalla<\/th><td><p><span style=\"display: none;\" aria-hidden=\"true\">Dirigida a:<\/span><\/p><p><strong>Personas con discapacidad visual o personas mayores<\/strong>. Utilizan Asistentes de Accesibilidad propios (Lectores de Pantalla, Lupas, etc..), este modo optimiza la compatibilidad con los mismos<\/p><\/td><\/tr><\/tbody><\/table><p>Estas son algunas de las ayudas que permiten a las personas con discapacidad acceder a toda la informaci\u00f3n publicada en cualquier formato en nuestra web: PDFs, im\u00e1genes, v\u00eddeos, archivos de audio, tablas, etc., adem\u00e1s de formularios online accesibles.<\/p><\/div><\/div>\t\t\t\t\t\t\t\t<\/div>\n\t\t\t\t<\/div>\n\t\t\t\t\t<\/div>\n\t\t<\/div>\n\t\t\t\t\t<\/div>\n\t\t<\/section>\n\t\t\t\t<\/div>\n\t\t","protected":false},"excerpt":{"rendered":"<p>Declaraci\u00f3n de accesibilidad En Everycode S.L. trabajamos constantemente para garantizar el acceso universal a nuestra web. Nuestro objetivo es que todas las personas, independientemente de su edad, discapacidad o cualquier otra circunstancia personal, puedan navegar por todo el dominio insuit.net sin encontrar dificultades de acceso. Para lograr una mayor accesibilidad del sitio web de INSUIT [&hellip;]<\/p>\n","protected":false},"author":11,"featured_media":0,"parent":0,"menu_order":0,"comment_status":"closed","ping_status":"closed","template":"","meta":{"_acf_changed":false,"footnotes":""},"tags":[],"class_list":["post-4947","page","type-page","status-publish","hentry"],"acf":[],"yoast_head":"<!-- This site is optimized with the Yoast SEO plugin v27.4 - https:\/\/yoast.com\/product\/yoast-seo-wordpress\/ -->\n<title>Declaraci\u00f3n de accesibilidad - inSuit US<\/title>\n<meta name=\"robots\" content=\"noindex, follow\" \/>\n<meta property=\"og:locale\" content=\"es_ES\" \/>\n<meta property=\"og:type\" content=\"article\" \/>\n<meta property=\"og:title\" content=\"Declaraci\u00f3n de accesibilidad - inSuit US\" \/>\n<meta property=\"og:description\" content=\"Declaraci\u00f3n de accesibilidad En Everycode S.L. trabajamos constantemente para garantizar el acceso universal a nuestra web. Nuestro objetivo es que todas las personas, independientemente de su edad, discapacidad o cualquier otra circunstancia personal, puedan navegar por todo el dominio insuit.net sin encontrar dificultades de acceso. Para lograr una mayor accesibilidad del sitio web de INSUIT [&hellip;]\" \/>\n<meta property=\"og:url\" content=\"https:\/\/www.insuit.net\/us\/es\/declaracion-accesibilidad\/\" \/>\n<meta property=\"og:site_name\" content=\"inSuit US\" \/>\n<meta property=\"article:modified_time\" content=\"2026-02-10T13:16:21+00:00\" \/>\n<meta property=\"og:image\" content=\"https:\/\/www.insuit.net\/us\/wp-content\/uploads\/2024\/09\/pestana-nueva-2024-min.jpg\" \/>\n<meta name=\"twitter:card\" content=\"summary_large_image\" \/>\n<meta name=\"twitter:label1\" content=\"Tiempo de lectura\" \/>\n\t<meta name=\"twitter:data1\" content=\"6 minutos\" \/>\n<script type=\"application\/ld+json\" class=\"yoast-schema-graph\">{\"@context\":\"https:\\\/\\\/schema.org\",\"@graph\":[{\"@type\":\"WebPage\",\"@id\":\"https:\\\/\\\/www.insuit.net\\\/us\\\/es\\\/declaracion-accesibilidad\\\/\",\"url\":\"https:\\\/\\\/www.insuit.net\\\/us\\\/es\\\/declaracion-accesibilidad\\\/\",\"name\":\"Declaraci\u00f3n de accesibilidad - inSuit US\",\"isPartOf\":{\"@id\":\"https:\\\/\\\/www.insuit.net\\\/us\\\/es\\\/#website\"},\"primaryImageOfPage\":{\"@id\":\"https:\\\/\\\/www.insuit.net\\\/us\\\/es\\\/declaracion-accesibilidad\\\/#primaryimage\"},\"image\":{\"@id\":\"https:\\\/\\\/www.insuit.net\\\/us\\\/es\\\/declaracion-accesibilidad\\\/#primaryimage\"},\"thumbnailUrl\":\"https:\\\/\\\/www.insuit.net\\\/us\\\/wp-content\\\/uploads\\\/2024\\\/09\\\/pestana-nueva-2024-min.jpg\",\"datePublished\":\"2021-10-06T15:26:04+00:00\",\"dateModified\":\"2026-02-10T13:16:21+00:00\",\"breadcrumb\":{\"@id\":\"https:\\\/\\\/www.insuit.net\\\/us\\\/es\\\/declaracion-accesibilidad\\\/#breadcrumb\"},\"inLanguage\":\"es\",\"potentialAction\":[{\"@type\":\"ReadAction\",\"target\":[\"https:\\\/\\\/www.insuit.net\\\/us\\\/es\\\/declaracion-accesibilidad\\\/\"]}]},{\"@type\":\"ImageObject\",\"inLanguage\":\"es\",\"@id\":\"https:\\\/\\\/www.insuit.net\\\/us\\\/es\\\/declaracion-accesibilidad\\\/#primaryimage\",\"url\":\"https:\\\/\\\/www.insuit.net\\\/us\\\/wp-content\\\/uploads\\\/2024\\\/09\\\/pestana-nueva-2024-min.jpg\",\"contentUrl\":\"https:\\\/\\\/www.insuit.net\\\/us\\\/wp-content\\\/uploads\\\/2024\\\/09\\\/pestana-nueva-2024-min.jpg\"},{\"@type\":\"BreadcrumbList\",\"@id\":\"https:\\\/\\\/www.insuit.net\\\/us\\\/es\\\/declaracion-accesibilidad\\\/#breadcrumb\",\"itemListElement\":[{\"@type\":\"ListItem\",\"position\":1,\"name\":\"Home\",\"item\":\"https:\\\/\\\/www.insuit.net\\\/us\\\/es\\\/\"},{\"@type\":\"ListItem\",\"position\":2,\"name\":\"Declaraci\u00f3n de accesibilidad\"}]},{\"@type\":\"WebSite\",\"@id\":\"https:\\\/\\\/www.insuit.net\\\/us\\\/es\\\/#website\",\"url\":\"https:\\\/\\\/www.insuit.net\\\/us\\\/es\\\/\",\"name\":\"inSuit US\",\"description\":\"Web accessibility for people with disabilities\",\"potentialAction\":[{\"@type\":\"SearchAction\",\"target\":{\"@type\":\"EntryPoint\",\"urlTemplate\":\"https:\\\/\\\/www.insuit.net\\\/us\\\/es\\\/?s={search_term_string}\"},\"query-input\":{\"@type\":\"PropertyValueSpecification\",\"valueRequired\":true,\"valueName\":\"search_term_string\"}}],\"inLanguage\":\"es\"}]}<\/script>\n<!-- \/ Yoast SEO plugin. -->","yoast_head_json":{"title":"Declaraci\u00f3n de accesibilidad - inSuit US","robots":{"index":"noindex","follow":"follow"},"og_locale":"es_ES","og_type":"article","og_title":"Declaraci\u00f3n de accesibilidad - inSuit US","og_description":"Declaraci\u00f3n de accesibilidad En Everycode S.L. trabajamos constantemente para garantizar el acceso universal a nuestra web. Nuestro objetivo es que todas las personas, independientemente de su edad, discapacidad o cualquier otra circunstancia personal, puedan navegar por todo el dominio insuit.net sin encontrar dificultades de acceso. Para lograr una mayor accesibilidad del sitio web de INSUIT [&hellip;]","og_url":"https:\/\/www.insuit.net\/us\/es\/declaracion-accesibilidad\/","og_site_name":"inSuit US","article_modified_time":"2026-02-10T13:16:21+00:00","og_image":[{"url":"https:\/\/www.insuit.net\/us\/wp-content\/uploads\/2024\/09\/pestana-nueva-2024-min.jpg","type":"","width":"","height":""}],"twitter_card":"summary_large_image","twitter_misc":{"Tiempo de lectura":"6 minutos"},"schema":{"@context":"https:\/\/schema.org","@graph":[{"@type":"WebPage","@id":"https:\/\/www.insuit.net\/us\/es\/declaracion-accesibilidad\/","url":"https:\/\/www.insuit.net\/us\/es\/declaracion-accesibilidad\/","name":"Declaraci\u00f3n de accesibilidad - inSuit US","isPartOf":{"@id":"https:\/\/www.insuit.net\/us\/es\/#website"},"primaryImageOfPage":{"@id":"https:\/\/www.insuit.net\/us\/es\/declaracion-accesibilidad\/#primaryimage"},"image":{"@id":"https:\/\/www.insuit.net\/us\/es\/declaracion-accesibilidad\/#primaryimage"},"thumbnailUrl":"https:\/\/www.insuit.net\/us\/wp-content\/uploads\/2024\/09\/pestana-nueva-2024-min.jpg","datePublished":"2021-10-06T15:26:04+00:00","dateModified":"2026-02-10T13:16:21+00:00","breadcrumb":{"@id":"https:\/\/www.insuit.net\/us\/es\/declaracion-accesibilidad\/#breadcrumb"},"inLanguage":"es","potentialAction":[{"@type":"ReadAction","target":["https:\/\/www.insuit.net\/us\/es\/declaracion-accesibilidad\/"]}]},{"@type":"ImageObject","inLanguage":"es","@id":"https:\/\/www.insuit.net\/us\/es\/declaracion-accesibilidad\/#primaryimage","url":"https:\/\/www.insuit.net\/us\/wp-content\/uploads\/2024\/09\/pestana-nueva-2024-min.jpg","contentUrl":"https:\/\/www.insuit.net\/us\/wp-content\/uploads\/2024\/09\/pestana-nueva-2024-min.jpg"},{"@type":"BreadcrumbList","@id":"https:\/\/www.insuit.net\/us\/es\/declaracion-accesibilidad\/#breadcrumb","itemListElement":[{"@type":"ListItem","position":1,"name":"Home","item":"https:\/\/www.insuit.net\/us\/es\/"},{"@type":"ListItem","position":2,"name":"Declaraci\u00f3n de accesibilidad"}]},{"@type":"WebSite","@id":"https:\/\/www.insuit.net\/us\/es\/#website","url":"https:\/\/www.insuit.net\/us\/es\/","name":"inSuit US","description":"Web accessibility for people with disabilities","potentialAction":[{"@type":"SearchAction","target":{"@type":"EntryPoint","urlTemplate":"https:\/\/www.insuit.net\/us\/es\/?s={search_term_string}"},"query-input":{"@type":"PropertyValueSpecification","valueRequired":true,"valueName":"search_term_string"}}],"inLanguage":"es"}]}},"_links":{"self":[{"href":"https:\/\/www.insuit.net\/us\/es\/wp-json\/wp\/v2\/pages\/4947","targetHints":{"allow":["GET"]}}],"collection":[{"href":"https:\/\/www.insuit.net\/us\/es\/wp-json\/wp\/v2\/pages"}],"about":[{"href":"https:\/\/www.insuit.net\/us\/es\/wp-json\/wp\/v2\/types\/page"}],"author":[{"embeddable":true,"href":"https:\/\/www.insuit.net\/us\/es\/wp-json\/wp\/v2\/users\/11"}],"replies":[{"embeddable":true,"href":"https:\/\/www.insuit.net\/us\/es\/wp-json\/wp\/v2\/comments?post=4947"}],"version-history":[{"count":87,"href":"https:\/\/www.insuit.net\/us\/es\/wp-json\/wp\/v2\/pages\/4947\/revisions"}],"predecessor-version":[{"id":32400,"href":"https:\/\/www.insuit.net\/us\/es\/wp-json\/wp\/v2\/pages\/4947\/revisions\/32400"}],"wp:attachment":[{"href":"https:\/\/www.insuit.net\/us\/es\/wp-json\/wp\/v2\/media?parent=4947"}],"wp:term":[{"taxonomy":"post_tag","embeddable":true,"href":"https:\/\/www.insuit.net\/us\/es\/wp-json\/wp\/v2\/tags?post=4947"}],"curies":[{"name":"wp","href":"https:\/\/api.w.org\/{rel}","templated":true}]}}