{"id":13,"date":"2020-02-13T13:24:46","date_gmt":"2020-02-13T13:24:46","guid":{"rendered":"https:\/\/www.insuit.net\/us\/?page_id=13"},"modified":"2025-12-02T09:58:15","modified_gmt":"2025-12-02T08:58:15","slug":"politica-privacidad","status":"publish","type":"page","link":"https:\/\/www.insuit.net\/us\/es\/politica-privacidad\/","title":{"rendered":"Pol\u00edtica de privacidad"},"content":{"rendered":"\t\t<div data-elementor-type=\"wp-page\" data-elementor-id=\"13\" class=\"elementor elementor-13 elementor-2960\">\n\t\t\t\t\t\t<section class=\"elementor-section elementor-top-section elementor-element elementor-element-9b1fd0e legal-content elementor-section-boxed elementor-section-height-default elementor-section-height-default\" data-id=\"9b1fd0e\" data-element_type=\"section\" data-e-type=\"section\">\n\t\t\t\t\t\t<div class=\"elementor-container elementor-column-gap-default\">\n\t\t\t\t\t<div class=\"elementor-column elementor-col-100 elementor-top-column elementor-element elementor-element-96447b5\" data-id=\"96447b5\" data-element_type=\"column\" data-e-type=\"column\">\n\t\t\t<div class=\"elementor-widget-wrap elementor-element-populated\">\n\t\t\t\t\t\t<div class=\"elementor-element elementor-element-75dfccf elementor-widget elementor-widget-heading\" data-id=\"75dfccf\" data-element_type=\"widget\" data-e-type=\"widget\" data-widget_type=\"heading.default\">\n\t\t\t\t<div class=\"elementor-widget-container\">\n\t\t\t\t\t<h1 class=\"elementor-heading-title elementor-size-default\">Pol\u00edtica de privacidad<\/h1>\t\t\t\t<\/div>\n\t\t\t\t<\/div>\n\t\t\t\t<div class=\"elementor-element elementor-element-17ee95e elementor-widget elementor-widget-text-editor\" data-id=\"17ee95e\" data-element_type=\"widget\" data-e-type=\"widget\" data-widget_type=\"text-editor.default\">\n\t\t\t\t<div class=\"elementor-widget-container\">\n\t\t\t\t\t\t\t\t\t<div class=\"elementor-element elementor-element-17ee95e elementor-widget elementor-widget-text-editor\" data-id=\"17ee95e\" data-element_type=\"widget\" data-widget_type=\"text-editor.default\"><div class=\"elementor-widget-container\"><p><strong>Responsable del tratamiento<\/strong><\/p><p>En cumplimiento con la normativa legal vigente en materia de protecci\u00f3n de datos de car\u00e1cter personal, se informa al usuario que sus datos ser\u00e1n tratados por\u00a0EVERYCODE S.L., con NIF B98657711en adelante EL RESPONSABLE.<\/p><p><strong>Finalidad del tratamiento<\/strong><\/p><p><strong>Contacto<\/strong><\/p><p>La finalidad del tratamiento es la de atender su solicitud y de posibilitar la gesti\u00f3n de la relaci\u00f3n y contacto con Usted.<\/p><p>Otra finalidad es la de enviarle comunicaciones comerciales y de cortes\u00eda relacionadas con nuestra entidad, a trav\u00e9s del tel\u00e9fono, correo postal ordinario, correo electr\u00f3nico o medios de comunicaci\u00f3n electr\u00f3nica equivalentes.<\/p><p>Si el usuario no marca la aceptaci\u00f3n de la casilla correspondiente antes del env\u00edo de la solicitud de consulta, no recibir\u00e1 comunicaciones comerciales y de inter\u00e9s de esta entidad, sin perjuicio de ser atendida su consulta.<\/p><p><strong>Solicita tu demo<\/strong><\/p><p>La finalidad del tratamiento es la de atender su solicitud de demostraci\u00f3n personalizada, as\u00ed como posibilitar el contacto con Usted.<\/p><p>Otra finalidad es la de enviarle comunicaciones comerciales y de cortes\u00eda relacionadas con nuestra entidad, a trav\u00e9s del tel\u00e9fono, correo postal ordinario, correo electr\u00f3nico o medios de comunicaci\u00f3n electr\u00f3nica equivalentes.<\/p><p>Si el usuario no marca la aceptaci\u00f3n de la casilla correspondiente antes del env\u00edo de la solicitud de consulta, no recibir\u00e1 comunicaciones comerciales y de inter\u00e9s de esta entidad, sin perjuicio de ser atendida su consulta.<\/p><p><strong>Suscribirme<\/strong><\/p><p>La finalidad es la de responder a su solicitud de suscripci\u00f3n y enviarle comunicaciones comerciales y de cortes\u00eda relacionadas con nuestra entidad, a trav\u00e9s de correo electr\u00f3nico o medios de comunicaci\u00f3n electr\u00f3nica equivalentes, teniendo el consentimiento debido a la suscripci\u00f3n realizada.<\/p><p><strong>Cesi\u00f3n de los datos<\/strong><\/p><p>El usuario acepta y consiente el tratamiento automatizado de los mismos por parte de EL RESPONSABLE quien garantiza que los datos recogidos no ser\u00e1n cedidos a terceras personas ni usados con otro fin comercial que no sea para el que han sido recabados y que siempre que fuera a\u00a0realizarse alg\u00fan tipo de cesi\u00f3n de datos personales, de forma previa, se solicitar\u00eda el consentimiento\u00a0expreso, informado, e inequ\u00edvoco por parte de los titulares. Los datos proporcionados se conservar\u00e1n mientras se mantenga la relaci\u00f3n comercial o durante los a\u00f1os necesarios para cumplir con las obligaciones legales.<\/p><p><b>Informaci\u00f3n recopilada a trav\u00e9s de servicios de autenticaci\u00f3n de terceros<\/b><\/p><p>En algunas de nuestras aplicaciones, ofrecemos la posibilidad de registrarse y autenticarse utilizando servicios de terceros, como Google o Microsoft. Al utilizar estas opciones, nos autorizas a recopilar, almacenar y usar tu informaci\u00f3n de acuerdo con esta Pol\u00edtica de Privacidad.<\/p><p>A continuaci\u00f3n, detallamos la informaci\u00f3n que tratamos para cada proveedor:<\/p><p><b>1. Uso de datos de usuario de Google:<\/b><\/p><p>Nuestra aplicaci\u00f3n utiliza los servicios de autenticaci\u00f3n de Google para permitir que los usuarios accedan con sus cuentas de Google. Solo solicitamos los siguientes datos:<\/p><ul><li><p><b>Direcci\u00f3n de correo electr\u00f3nico:<\/b>\u00a0para identificar al usuario de forma \u00fanica en nuestra aplicaci\u00f3n.<\/p><\/li><li><p><b>Nombre y foto de perfil:<\/b>\u00a0para personalizar la experiencia del usuario.<\/p><\/li><\/ul><p>Puedes gestionar y revocar los permisos de acceso concedidos a nuestra aplicaci\u00f3n en cualquier momento desde el panel de seguridad de tu cuenta de Google:\u00a0<a href=\"https:\/\/myaccount.google.com\/permissions\" target=\"_blank\" rel=\"noopener\" data-saferedirecturl=\"https:\/\/www.google.com\/url?q=https:\/\/myaccount.google.com\/permissions&amp;source=gmail&amp;ust=1760706415181000&amp;usg=AOvVaw26yamzwhHrQgukkIvYZq9R\">https:\/\/myaccount.google.com\/<wbr \/>permissions<\/a>.<\/p><p><b>2. Uso de datos de usuario de Microsoft:<\/b><\/p><p>Nuestra aplicaci\u00f3n utiliza los servicios de autenticaci\u00f3n de Microsoft para permitir que los usuarios accedan con sus cuentas de Microsoft. Solo solicitamos los siguientes datos:<\/p><ul><li><p><b>Direcci\u00f3n de correo electr\u00f3nico:<\/b>\u00a0para identificar al usuario de forma \u00fanica en nuestra aplicaci\u00f3n.<\/p><\/li><li><p><b>Nombre y foto de perfil:<\/b>\u00a0para personalizar la experiencia del usuario.<\/p><\/li><\/ul><p>Puedes gestionar y revocar los permisos de acceso concedidos a nuestra aplicaci\u00f3n en cualquier momento desde el panel de seguridad de tu cuenta de Microsoft:\u00a0<a href=\"https:\/\/account.live.com\/consent\/Manage\" target=\"_blank\" rel=\"noopener\" data-saferedirecturl=\"https:\/\/www.google.com\/url?q=https:\/\/www.google.com\/search?q%3Dhttps:\/\/account.live.com\/consent\/Manage&amp;source=gmail&amp;ust=1760706415181000&amp;usg=AOvVaw2ehohl_Ga07EZOZQ-SW7ux\">https:\/\/account.live.com\/<wbr \/>consent\/Manage<\/a>.<\/p><p><b>Disposiciones comunes a ambos servicios:<\/b><\/p><p>Los datos obtenidos a trav\u00e9s de estos servicios se utilizan exclusivamente para ofrecer el acceso a la aplicaci\u00f3n y mejorar tu experiencia. En ning\u00fan caso se ceden o comparten con terceros con fines distintos a los aqu\u00ed expuestos.<\/p><p><strong>Exactitud y veracidad de los datos<\/strong><\/p><p>El usuario es el \u00fanico responsable de la veracidad y correcci\u00f3n de los datos incluidos e informados, exoner\u00e1ndose a EL RESPONSABLE de cualquier responsabilidad al respecto.<\/p><p><strong>Medidas de seguridad<\/strong><\/p><p>EL RESPONSABLE ha adoptado todas las medidas t\u00e9cnicas y\u00a0organizativas necesarias para garantizar la seguridad e integridad de los datos de car\u00e1cter personal\u00a0que trate, as\u00ed como para evitar su p\u00e9rdida, alteraci\u00f3n y\/o acceso por parte de terceros no autorizados.\u00a0<\/p><p>Este sitio web puede contener enlaces a otros sitios web que podr\u00edan almacenar informaci\u00f3n sobre los usuarios. EL RESPONSABLE no se hace responsable por la gesti\u00f3n de la informaci\u00f3n de usuario ni por las condiciones de protecci\u00f3n de datos y confidencialidad de otros sitios web.<\/p><p><strong>Cambios en la presente Pol\u00edtica de Privacidad<\/strong><\/p><p>EL RESPONSABLE se reserva el derecho a modificar su Pol\u00edtica de Privacidad, de acuerdo a su propio criterio, o motivado por un cambio legislativo, jurisprudencial o doctrinal de la Agencia Espa\u00f1ola de Protecci\u00f3n de Datos. Cualquier modificaci\u00f3n de la Pol\u00edtica de Privacidad ser\u00e1 publicada al menos diez d\u00edas antes de su efectiva aplicaci\u00f3n. El uso de la Web despu\u00e9s de dichos cambios implicar\u00e1 la aceptaci\u00f3n de \u00e9stos.<\/p><p><strong>Plazo de supresi\u00f3n de los datos<\/strong><\/p><p>Se conservar\u00e1n durante el tiempo necesario para cumplir con la finalidad para la que se recabaron y para determinar las posibles responsabilidades que se pudieran derivar de dicha finalidad y del tratamiento de los datos.<\/p><p><strong>Derechos del usuario<\/strong><\/p><p>Se le informa que puede ejercer los derechos de acceso, rectificaci\u00f3n, supresi\u00f3n y, en su caso, oposici\u00f3n y portabilidad de los datos, as\u00ed como la limitaci\u00f3n de tratamiento de los mismos, enviando una solicitud acompa\u00f1ada de documento identificativo a la direcci\u00f3n: Calle Dr. Vicente Zaragoz\u00e1 1-2, 46020 Valencia. Asimismo, se le comunica que tiene la posibilidad de ejercer su derecho de presentaci\u00f3n de una reclamaci\u00f3n ante una Autoridad de Control en materia de Protecci\u00f3n de Datos competente, si no obtiene satisfacci\u00f3n en el ejercicio de sus derechos.<\/p><\/div><\/div>\t\t\t\t\t\t\t\t<\/div>\n\t\t\t\t<\/div>\n\t\t\t\t\t<\/div>\n\t\t<\/div>\n\t\t\t\t\t<\/div>\n\t\t<\/section>\n\t\t\t\t<\/div>\n\t\t","protected":false},"excerpt":{"rendered":"<p>Pol\u00edtica de privacidad Responsable del tratamiento En cumplimiento con la normativa legal vigente en materia de protecci\u00f3n de datos de car\u00e1cter personal, se informa al usuario que sus datos ser\u00e1n tratados por\u00a0EVERYCODE S.L., con NIF B98657711en adelante EL RESPONSABLE. Finalidad del tratamiento Contacto La finalidad del tratamiento es la de atender su solicitud y de [&hellip;]<\/p>\n","protected":false},"author":15,"featured_media":0,"parent":0,"menu_order":1,"comment_status":"closed","ping_status":"closed","template":"","meta":{"_acf_changed":false,"footnotes":""},"tags":[],"class_list":["post-13","page","type-page","status-publish","hentry"],"acf":[],"yoast_head":"<!-- This site is optimized with the Yoast SEO plugin v27.4 - https:\/\/yoast.com\/product\/yoast-seo-wordpress\/ -->\n<title>Pol\u00edtica de privacidad - inSuit US<\/title>\n<meta name=\"robots\" content=\"index, follow, max-snippet:-1, max-image-preview:large, max-video-preview:-1\" \/>\n<link rel=\"canonical\" href=\"https:\/\/www.insuit.net\/us\/es\/politica-privacidad\/\" \/>\n<meta property=\"og:locale\" content=\"es_ES\" \/>\n<meta property=\"og:type\" content=\"article\" \/>\n<meta property=\"og:title\" content=\"Pol\u00edtica de privacidad - inSuit US\" \/>\n<meta property=\"og:description\" content=\"Pol\u00edtica de privacidad Responsable del tratamiento En cumplimiento con la normativa legal vigente en materia de protecci\u00f3n de datos de car\u00e1cter personal, se informa al usuario que sus datos ser\u00e1n tratados por\u00a0EVERYCODE S.L., con NIF B98657711en adelante EL RESPONSABLE. Finalidad del tratamiento Contacto La finalidad del tratamiento es la de atender su solicitud y de [&hellip;]\" \/>\n<meta property=\"og:url\" content=\"https:\/\/www.insuit.net\/us\/es\/politica-privacidad\/\" \/>\n<meta property=\"og:site_name\" content=\"inSuit US\" \/>\n<meta property=\"article:modified_time\" content=\"2025-12-02T08:58:15+00:00\" \/>\n<meta name=\"twitter:card\" content=\"summary_large_image\" \/>\n<meta name=\"twitter:label1\" content=\"Tiempo de lectura\" \/>\n\t<meta name=\"twitter:data1\" content=\"9 minutos\" \/>\n<script type=\"application\/ld+json\" class=\"yoast-schema-graph\">{\"@context\":\"https:\\\/\\\/schema.org\",\"@graph\":[{\"@type\":\"WebPage\",\"@id\":\"https:\\\/\\\/www.insuit.net\\\/us\\\/es\\\/politica-privacidad\\\/\",\"url\":\"https:\\\/\\\/www.insuit.net\\\/us\\\/es\\\/politica-privacidad\\\/\",\"name\":\"Pol\u00edtica de privacidad - inSuit US\",\"isPartOf\":{\"@id\":\"https:\\\/\\\/www.insuit.net\\\/us\\\/es\\\/#website\"},\"datePublished\":\"2020-02-13T13:24:46+00:00\",\"dateModified\":\"2025-12-02T08:58:15+00:00\",\"breadcrumb\":{\"@id\":\"https:\\\/\\\/www.insuit.net\\\/us\\\/es\\\/politica-privacidad\\\/#breadcrumb\"},\"inLanguage\":\"es\",\"potentialAction\":[{\"@type\":\"ReadAction\",\"target\":[\"https:\\\/\\\/www.insuit.net\\\/us\\\/es\\\/politica-privacidad\\\/\"]}]},{\"@type\":\"BreadcrumbList\",\"@id\":\"https:\\\/\\\/www.insuit.net\\\/us\\\/es\\\/politica-privacidad\\\/#breadcrumb\",\"itemListElement\":[{\"@type\":\"ListItem\",\"position\":1,\"name\":\"Home\",\"item\":\"https:\\\/\\\/www.insuit.net\\\/us\\\/es\\\/\"},{\"@type\":\"ListItem\",\"position\":2,\"name\":\"Pol\u00edtica de privacidad\"}]},{\"@type\":\"WebSite\",\"@id\":\"https:\\\/\\\/www.insuit.net\\\/us\\\/es\\\/#website\",\"url\":\"https:\\\/\\\/www.insuit.net\\\/us\\\/es\\\/\",\"name\":\"inSuit US\",\"description\":\"Web accessibility for people with disabilities\",\"potentialAction\":[{\"@type\":\"SearchAction\",\"target\":{\"@type\":\"EntryPoint\",\"urlTemplate\":\"https:\\\/\\\/www.insuit.net\\\/us\\\/es\\\/?s={search_term_string}\"},\"query-input\":{\"@type\":\"PropertyValueSpecification\",\"valueRequired\":true,\"valueName\":\"search_term_string\"}}],\"inLanguage\":\"es\"}]}<\/script>\n<!-- \/ Yoast SEO plugin. -->","yoast_head_json":{"title":"Pol\u00edtica de privacidad - inSuit US","robots":{"index":"index","follow":"follow","max-snippet":"max-snippet:-1","max-image-preview":"max-image-preview:large","max-video-preview":"max-video-preview:-1"},"canonical":"https:\/\/www.insuit.net\/us\/es\/politica-privacidad\/","og_locale":"es_ES","og_type":"article","og_title":"Pol\u00edtica de privacidad - inSuit US","og_description":"Pol\u00edtica de privacidad Responsable del tratamiento En cumplimiento con la normativa legal vigente en materia de protecci\u00f3n de datos de car\u00e1cter personal, se informa al usuario que sus datos ser\u00e1n tratados por\u00a0EVERYCODE S.L., con NIF B98657711en adelante EL RESPONSABLE. Finalidad del tratamiento Contacto La finalidad del tratamiento es la de atender su solicitud y de [&hellip;]","og_url":"https:\/\/www.insuit.net\/us\/es\/politica-privacidad\/","og_site_name":"inSuit US","article_modified_time":"2025-12-02T08:58:15+00:00","twitter_card":"summary_large_image","twitter_misc":{"Tiempo de lectura":"9 minutos"},"schema":{"@context":"https:\/\/schema.org","@graph":[{"@type":"WebPage","@id":"https:\/\/www.insuit.net\/us\/es\/politica-privacidad\/","url":"https:\/\/www.insuit.net\/us\/es\/politica-privacidad\/","name":"Pol\u00edtica de privacidad - inSuit US","isPartOf":{"@id":"https:\/\/www.insuit.net\/us\/es\/#website"},"datePublished":"2020-02-13T13:24:46+00:00","dateModified":"2025-12-02T08:58:15+00:00","breadcrumb":{"@id":"https:\/\/www.insuit.net\/us\/es\/politica-privacidad\/#breadcrumb"},"inLanguage":"es","potentialAction":[{"@type":"ReadAction","target":["https:\/\/www.insuit.net\/us\/es\/politica-privacidad\/"]}]},{"@type":"BreadcrumbList","@id":"https:\/\/www.insuit.net\/us\/es\/politica-privacidad\/#breadcrumb","itemListElement":[{"@type":"ListItem","position":1,"name":"Home","item":"https:\/\/www.insuit.net\/us\/es\/"},{"@type":"ListItem","position":2,"name":"Pol\u00edtica de privacidad"}]},{"@type":"WebSite","@id":"https:\/\/www.insuit.net\/us\/es\/#website","url":"https:\/\/www.insuit.net\/us\/es\/","name":"inSuit US","description":"Web accessibility for people with disabilities","potentialAction":[{"@type":"SearchAction","target":{"@type":"EntryPoint","urlTemplate":"https:\/\/www.insuit.net\/us\/es\/?s={search_term_string}"},"query-input":{"@type":"PropertyValueSpecification","valueRequired":true,"valueName":"search_term_string"}}],"inLanguage":"es"}]}},"_links":{"self":[{"href":"https:\/\/www.insuit.net\/us\/es\/wp-json\/wp\/v2\/pages\/13","targetHints":{"allow":["GET"]}}],"collection":[{"href":"https:\/\/www.insuit.net\/us\/es\/wp-json\/wp\/v2\/pages"}],"about":[{"href":"https:\/\/www.insuit.net\/us\/es\/wp-json\/wp\/v2\/types\/page"}],"author":[{"embeddable":true,"href":"https:\/\/www.insuit.net\/us\/es\/wp-json\/wp\/v2\/users\/15"}],"replies":[{"embeddable":true,"href":"https:\/\/www.insuit.net\/us\/es\/wp-json\/wp\/v2\/comments?post=13"}],"version-history":[{"count":35,"href":"https:\/\/www.insuit.net\/us\/es\/wp-json\/wp\/v2\/pages\/13\/revisions"}],"predecessor-version":[{"id":32168,"href":"https:\/\/www.insuit.net\/us\/es\/wp-json\/wp\/v2\/pages\/13\/revisions\/32168"}],"wp:attachment":[{"href":"https:\/\/www.insuit.net\/us\/es\/wp-json\/wp\/v2\/media?parent=13"}],"wp:term":[{"taxonomy":"post_tag","embeddable":true,"href":"https:\/\/www.insuit.net\/us\/es\/wp-json\/wp\/v2\/tags?post=13"}],"curies":[{"name":"wp","href":"https:\/\/api.w.org\/{rel}","templated":true}]}}