{"id":6348,"date":"2022-04-22T12:32:19","date_gmt":"2022-04-22T10:32:19","guid":{"rendered":"https:\/\/www.insuit.net\/?page_id=6348"},"modified":"2022-04-22T16:01:40","modified_gmt":"2022-04-22T14:01:40","slug":"pagina-nao-encontrada","status":"publish","type":"page","link":"https:\/\/www.insuit.net\/pt-pt\/pagina-nao-encontrada\/","title":{"rendered":"P\u00e1gina n\u00e3o encontrada"},"content":{"rendered":"\t\t<div data-elementor-type=\"wp-page\" data-elementor-id=\"6348\" class=\"elementor elementor-6348\" data-elementor-post-type=\"page\">\n\t\t\t\t\t\t<section class=\"elementor-section elementor-top-section elementor-element elementor-element-8dc49d7 page-not-found elementor-section-boxed elementor-section-height-default elementor-section-height-default\" data-id=\"8dc49d7\" data-element_type=\"section\" data-e-type=\"section\">\n\t\t\t\t\t\t<div class=\"elementor-container elementor-column-gap-default\">\n\t\t\t\t\t<div class=\"elementor-column elementor-col-100 elementor-top-column elementor-element elementor-element-f43d0d0\" data-id=\"f43d0d0\" data-element_type=\"column\" data-e-type=\"column\">\n\t\t\t<div class=\"elementor-widget-wrap elementor-element-populated\">\n\t\t\t\t\t\t<div class=\"elementor-element elementor-element-13bdecd elementor-widget elementor-widget-heading\" data-id=\"13bdecd\" data-element_type=\"widget\" data-e-type=\"widget\" data-widget_type=\"heading.default\">\n\t\t\t\t<div class=\"elementor-widget-container\">\n\t\t\t\t\t<h1 class=\"elementor-heading-title elementor-size-default\">404<\/h1>\t\t\t\t<\/div>\n\t\t\t\t<\/div>\n\t\t\t\t<div class=\"elementor-element elementor-element-73def8f elementor-widget elementor-widget-heading\" data-id=\"73def8f\" data-element_type=\"widget\" data-e-type=\"widget\" data-widget_type=\"heading.default\">\n\t\t\t\t<div class=\"elementor-widget-container\">\n\t\t\t\t\t<h2 class=\"elementor-heading-title elementor-size-default\">Lo sentimos, la p\u00e1gina que buscas no existe.<\/h2>\t\t\t\t<\/div>\n\t\t\t\t<\/div>\n\t\t\t\t<div class=\"elementor-element elementor-element-e565950 elementor-widget elementor-widget-text-editor\" data-id=\"e565950\" data-element_type=\"widget\" data-e-type=\"widget\" data-widget_type=\"text-editor.default\">\n\t\t\t\t<div class=\"elementor-widget-container\">\n\t\t\t\t\t\t\t\t\t<p>Experimente o nosso motor de busca:<\/p><div class=\"search-box col-4\">\n\t\t\t<form method=\"get\" action=\"\/pt-pt\">\n\t\t\t\t<a href=\"#\" class=\"search-do\">\n\t\t\t\t\t<i class=\"fas fa-search\"><\/i>\n\t\t\t\t<\/a>\n\t\t\t\t<input type=\"hidden\" name=\"post_type\" value=\"post\" \/>\n\t\t\t\t<input required name=\"s\" class=\"query\" value=\"\" placeholder=\"Digite a palavra-chave...\">\n\t\t\t<\/form>\n\t\t<\/div>\t\t\t\t\t\t\t\t<\/div>\n\t\t\t\t<\/div>\n\t\t\t\t<section class=\"elementor-section elementor-inner-section elementor-element elementor-element-5a5b04e elementor-section-boxed elementor-section-height-default elementor-section-height-default\" data-id=\"5a5b04e\" data-element_type=\"section\" data-e-type=\"section\">\n\t\t\t\t\t\t<div class=\"elementor-container elementor-column-gap-default\">\n\t\t\t\t\t<div class=\"elementor-column elementor-col-50 elementor-inner-column elementor-element elementor-element-debd081\" data-id=\"debd081\" data-element_type=\"column\" data-e-type=\"column\">\n\t\t\t<div class=\"elementor-widget-wrap elementor-element-populated\">\n\t\t\t\t\t\t<div class=\"elementor-element elementor-element-8203c53 elementor-widget elementor-widget-text-editor\" data-id=\"8203c53\" data-element_type=\"widget\" data-e-type=\"widget\" data-widget_type=\"text-editor.default\">\n\t\t\t\t<div class=\"elementor-widget-container\">\n\t\t\t\t\t\t\t\t\t<p><a class=\"round-button round-button-outline\" href=\"\/pt-pt\/\">Ir para a tela inicial<\/a><\/p>\t\t\t\t\t\t\t\t<\/div>\n\t\t\t\t<\/div>\n\t\t\t\t\t<\/div>\n\t\t<\/div>\n\t\t\t\t<div class=\"elementor-column elementor-col-50 elementor-inner-column elementor-element elementor-element-c5739e8\" data-id=\"c5739e8\" data-element_type=\"column\" data-e-type=\"column\">\n\t\t\t<div class=\"elementor-widget-wrap elementor-element-populated\">\n\t\t\t\t\t\t<div class=\"elementor-element elementor-element-9bbcba7 elementor-widget elementor-widget-text-editor\" data-id=\"9bbcba7\" data-element_type=\"widget\" data-e-type=\"widget\" data-widget_type=\"text-editor.default\">\n\t\t\t\t<div class=\"elementor-widget-container\">\n\t\t\t\t\t\t\t\t\t<p><a class=\"round-button round-button-outline\" href=\"\/pt-pt\/contacto\/\">Ir a Contacto<\/a><\/p>\t\t\t\t\t\t\t\t<\/div>\n\t\t\t\t<\/div>\n\t\t\t\t\t<\/div>\n\t\t<\/div>\n\t\t\t\t\t<\/div>\n\t\t<\/section>\n\t\t\t\t\t<\/div>\n\t\t<\/div>\n\t\t\t\t\t<\/div>\n\t\t<\/section>\n\t\t\t\t<\/div>\n\t\t","protected":false},"excerpt":{"rendered":"<p>404 Lo sentimos, la p\u00e1gina que buscas no existe. Experimente o nosso motor de busca: Ir para a tela inicial Ir a Contacto<\/p>\n","protected":false},"author":4,"featured_media":0,"parent":0,"menu_order":0,"comment_status":"closed","ping_status":"closed","template":"","meta":{"_acf_changed":false,"footnotes":""},"tags":[],"class_list":["post-6348","page","type-page","status-publish","hentry"],"acf":[],"yoast_head":"<!-- This site is optimized with the Yoast SEO Premium plugin v26.1 (Yoast SEO v27.3) - https:\/\/yoast.com\/product\/yoast-seo-premium-wordpress\/ -->\n<title>P\u00e1gina n\u00e3o encontrada - inSuit<\/title>\n<meta name=\"robots\" content=\"noindex, follow\" \/>\n<meta property=\"og:locale\" content=\"pt_PT\" \/>\n<meta property=\"og:type\" content=\"article\" \/>\n<meta property=\"og:title\" content=\"P\u00e1gina n\u00e3o encontrada\" \/>\n<meta property=\"og:description\" content=\"404 Lo sentimos, la p\u00e1gina que buscas no existe. Experimente o nosso motor de busca: Ir para a tela inicial Ir a Contacto\" \/>\n<meta property=\"og:url\" content=\"https:\/\/www.insuit.net\/pt-pt\/pagina-nao-encontrada\/\" \/>\n<meta property=\"og:site_name\" content=\"inSuit\" \/>\n<meta property=\"article:modified_time\" content=\"2022-04-22T14:01:40+00:00\" \/>\n<meta name=\"twitter:card\" content=\"summary_large_image\" \/>\n<script type=\"application\/ld+json\" class=\"yoast-schema-graph\">{\"@context\":\"https:\\\/\\\/schema.org\",\"@graph\":[{\"@type\":\"WebPage\",\"@id\":\"https:\\\/\\\/www.insuit.net\\\/pt-pt\\\/pagina-nao-encontrada\\\/\",\"url\":\"https:\\\/\\\/www.insuit.net\\\/pt-pt\\\/pagina-nao-encontrada\\\/\",\"name\":\"P\u00e1gina n\u00e3o encontrada - inSuit\",\"isPartOf\":{\"@id\":\"https:\\\/\\\/www.insuit.net\\\/pt-pt\\\/#website\"},\"datePublished\":\"2022-04-22T10:32:19+00:00\",\"dateModified\":\"2022-04-22T14:01:40+00:00\",\"breadcrumb\":{\"@id\":\"https:\\\/\\\/www.insuit.net\\\/pt-pt\\\/pagina-nao-encontrada\\\/#breadcrumb\"},\"inLanguage\":\"pt-PT\",\"potentialAction\":[{\"@type\":\"ReadAction\",\"target\":[\"https:\\\/\\\/www.insuit.net\\\/pt-pt\\\/pagina-nao-encontrada\\\/\"]}]},{\"@type\":\"BreadcrumbList\",\"@id\":\"https:\\\/\\\/www.insuit.net\\\/pt-pt\\\/pagina-nao-encontrada\\\/#breadcrumb\",\"itemListElement\":[{\"@type\":\"ListItem\",\"position\":1,\"name\":\"Home\",\"item\":\"https:\\\/\\\/www.insuit.net\\\/pt-pt\\\/\"},{\"@type\":\"ListItem\",\"position\":2,\"name\":\"P\u00e1gina n\u00e3o encontrada\"}]},{\"@type\":\"WebSite\",\"@id\":\"https:\\\/\\\/www.insuit.net\\\/pt-pt\\\/#website\",\"url\":\"https:\\\/\\\/www.insuit.net\\\/pt-pt\\\/\",\"name\":\"inSuit\",\"description\":\"Accesibilidad web para personas con discapacidad\",\"potentialAction\":[{\"@type\":\"SearchAction\",\"target\":{\"@type\":\"EntryPoint\",\"urlTemplate\":\"https:\\\/\\\/www.insuit.net\\\/pt-pt\\\/?s={search_term_string}\"},\"query-input\":{\"@type\":\"PropertyValueSpecification\",\"valueRequired\":true,\"valueName\":\"search_term_string\"}}],\"inLanguage\":\"pt-PT\"}]}<\/script>\n<!-- \/ Yoast SEO Premium plugin. -->","yoast_head_json":{"title":"P\u00e1gina n\u00e3o encontrada - inSuit","robots":{"index":"noindex","follow":"follow"},"og_locale":"pt_PT","og_type":"article","og_title":"P\u00e1gina n\u00e3o encontrada","og_description":"404 Lo sentimos, la p\u00e1gina que buscas no existe. Experimente o nosso motor de busca: Ir para a tela inicial Ir a Contacto","og_url":"https:\/\/www.insuit.net\/pt-pt\/pagina-nao-encontrada\/","og_site_name":"inSuit","article_modified_time":"2022-04-22T14:01:40+00:00","twitter_card":"summary_large_image","schema":{"@context":"https:\/\/schema.org","@graph":[{"@type":"WebPage","@id":"https:\/\/www.insuit.net\/pt-pt\/pagina-nao-encontrada\/","url":"https:\/\/www.insuit.net\/pt-pt\/pagina-nao-encontrada\/","name":"P\u00e1gina n\u00e3o encontrada - inSuit","isPartOf":{"@id":"https:\/\/www.insuit.net\/pt-pt\/#website"},"datePublished":"2022-04-22T10:32:19+00:00","dateModified":"2022-04-22T14:01:40+00:00","breadcrumb":{"@id":"https:\/\/www.insuit.net\/pt-pt\/pagina-nao-encontrada\/#breadcrumb"},"inLanguage":"pt-PT","potentialAction":[{"@type":"ReadAction","target":["https:\/\/www.insuit.net\/pt-pt\/pagina-nao-encontrada\/"]}]},{"@type":"BreadcrumbList","@id":"https:\/\/www.insuit.net\/pt-pt\/pagina-nao-encontrada\/#breadcrumb","itemListElement":[{"@type":"ListItem","position":1,"name":"Home","item":"https:\/\/www.insuit.net\/pt-pt\/"},{"@type":"ListItem","position":2,"name":"P\u00e1gina n\u00e3o encontrada"}]},{"@type":"WebSite","@id":"https:\/\/www.insuit.net\/pt-pt\/#website","url":"https:\/\/www.insuit.net\/pt-pt\/","name":"inSuit","description":"Accesibilidad web para personas con discapacidad","potentialAction":[{"@type":"SearchAction","target":{"@type":"EntryPoint","urlTemplate":"https:\/\/www.insuit.net\/pt-pt\/?s={search_term_string}"},"query-input":{"@type":"PropertyValueSpecification","valueRequired":true,"valueName":"search_term_string"}}],"inLanguage":"pt-PT"}]}},"_links":{"self":[{"href":"https:\/\/www.insuit.net\/pt-pt\/wp-json\/wp\/v2\/pages\/6348","targetHints":{"allow":["GET"]}}],"collection":[{"href":"https:\/\/www.insuit.net\/pt-pt\/wp-json\/wp\/v2\/pages"}],"about":[{"href":"https:\/\/www.insuit.net\/pt-pt\/wp-json\/wp\/v2\/types\/page"}],"author":[{"embeddable":true,"href":"https:\/\/www.insuit.net\/pt-pt\/wp-json\/wp\/v2\/users\/4"}],"replies":[{"embeddable":true,"href":"https:\/\/www.insuit.net\/pt-pt\/wp-json\/wp\/v2\/comments?post=6348"}],"version-history":[{"count":5,"href":"https:\/\/www.insuit.net\/pt-pt\/wp-json\/wp\/v2\/pages\/6348\/revisions"}],"predecessor-version":[{"id":6354,"href":"https:\/\/www.insuit.net\/pt-pt\/wp-json\/wp\/v2\/pages\/6348\/revisions\/6354"}],"wp:attachment":[{"href":"https:\/\/www.insuit.net\/pt-pt\/wp-json\/wp\/v2\/media?parent=6348"}],"wp:term":[{"taxonomy":"post_tag","embeddable":true,"href":"https:\/\/www.insuit.net\/pt-pt\/wp-json\/wp\/v2\/tags?post=6348"}],"curies":[{"name":"wp","href":"https:\/\/api.w.org\/{rel}","templated":true}]}}