{"id":10139,"date":"2020-02-17T15:38:53","date_gmt":"2020-02-17T14:38:53","guid":{"rendered":"https:\/\/www.insuit.net\/precios\/"},"modified":"2023-11-06T11:43:54","modified_gmt":"2023-11-06T10:43:54","slug":"prezzi","status":"publish","type":"page","link":"https:\/\/www.insuit.net\/it\/prezzi\/","title":{"rendered":"Prezzi"},"content":{"rendered":"\t\t<div data-elementor-type=\"wp-page\" data-elementor-id=\"10139\" class=\"elementor elementor-10139 elementor-6025\" data-elementor-post-type=\"page\">\n\t\t\t\t\t\t<section class=\"elementor-section elementor-top-section elementor-element elementor-element-70fb7c4 seccion-precios seccion-precios-1 elementor-section-boxed elementor-section-height-default elementor-section-height-default\" data-id=\"70fb7c4\" data-element_type=\"section\" data-e-type=\"section\">\n\t\t\t\t\t\t<div class=\"elementor-container elementor-column-gap-default\">\n\t\t\t\t\t<div class=\"elementor-column elementor-col-100 elementor-top-column elementor-element elementor-element-29062c3\" data-id=\"29062c3\" data-element_type=\"column\" data-e-type=\"column\">\n\t\t\t<div class=\"elementor-widget-wrap elementor-element-populated\">\n\t\t\t\t\t\t<div class=\"elementor-element elementor-element-9261348 elementor-widget elementor-widget-heading\" data-id=\"9261348\" data-element_type=\"widget\" data-e-type=\"widget\" data-widget_type=\"heading.default\">\n\t\t\t\t<div class=\"elementor-widget-container\">\n\t\t\t\t\t<h1 class=\"elementor-heading-title elementor-size-default\">Prezzi<br><\/h1>\t\t\t\t<\/div>\n\t\t\t\t<\/div>\n\t\t\t\t<div class=\"elementor-element elementor-element-f0d2502 elementor-widget elementor-widget-html\" data-id=\"f0d2502\" data-element_type=\"widget\" data-e-type=\"widget\" data-widget_type=\"html.default\">\n\t\t\t\t<div class=\"elementor-widget-container\">\n\t\t\t\t\t    <p class=\"col-8\">\r\nRaccontaci un po' del tuo sito web cos\u00ec <strong>possiamo analizzarlo e calcolare un preventivo<\/strong>:\r\n<\/p>\r\n<p class=\"col-4\">\r\n<label style=\"color:#1d1d1b;\"><b>Qual \u00e8 l'indirizzo web (URL)?<\/b><\/label>\r\n<input id=\"url\" type=\"text\">\r\n<\/p>\t\t\t\t<\/div>\n\t\t\t\t<\/div>\n\t\t\t\t<div class=\"elementor-element elementor-element-1656e31 elementor-widget elementor-widget-wp-widget-insuit_precios_progress\" data-id=\"1656e31\" data-element_type=\"widget\" data-e-type=\"widget\" data-widget_type=\"wp-widget-insuit_precios_progress.default\">\n\t\t\t\t<div class=\"elementor-widget-container\">\n\t\t\t\t\t        <div class=\"precios-progress-indicator\">\n            <div class=\"progress-arrow progress-previous\"><img decoding=\"async\" src=\"\/wp-content\/themes\/insuit\/img\/flecha-atras.svg\"><\/div>\n            <div class=\"progress-dot\" data-page=\"1\"><\/div>\n            <div class=\"progress-dot\" data-page=\"2\"><\/div>\n            <div class=\"progress-dot\" data-page=\"3\"><\/div>\n            <div class=\"progress-dot\" data-page=\"4\"><\/div>\n            <div class=\"progress-dot\" data-page=\"5\"><\/div>\n            <div class=\"progress-arrow progress-next\"><img decoding=\"async\" src=\"\/wp-content\/themes\/insuit\/img\/flecha-adelante.svg\"><\/div>\n        <\/div>\n        \t\t\t\t<\/div>\n\t\t\t\t<\/div>\n\t\t\t\t\t<\/div>\n\t\t<\/div>\n\t\t\t\t\t<\/div>\n\t\t<\/section>\n\t\t\t\t<section class=\"elementor-section elementor-top-section elementor-element elementor-element-68a6b4f seccion-precios seccion-precios-2 elementor-section-boxed elementor-section-height-default elementor-section-height-default\" data-id=\"68a6b4f\" data-element_type=\"section\" data-e-type=\"section\">\n\t\t\t\t\t\t<div class=\"elementor-container elementor-column-gap-default\">\n\t\t\t\t\t<div class=\"elementor-column elementor-col-100 elementor-top-column elementor-element elementor-element-1005bee\" data-id=\"1005bee\" data-element_type=\"column\" data-e-type=\"column\">\n\t\t\t<div class=\"elementor-widget-wrap elementor-element-populated\">\n\t\t\t\t\t\t<div class=\"elementor-element elementor-element-ddc4e9a elementor-widget elementor-widget-html\" data-id=\"ddc4e9a\" data-element_type=\"widget\" data-e-type=\"widget\" data-widget_type=\"html.default\">\n\t\t\t\t<div class=\"elementor-widget-container\">\n\t\t\t\t\t    <p class=\"col-4\">\n        <label style=\"color:#1d1d1b\"><b>In quanti lingue \u00e8 disponibile?<\/b><\/label>\n        <div class=\"select-container\"><select id=\"idiomas\">\n            <option>1<\/option>\n            <option>2<\/option>\n            <option>3<\/option>\n            <option>Pi\u00f9 di 4<\/option>\n            <option selected>Non sono sicuro<\/option>\n        <\/select><\/div>\n    <\/p>\n    \n    <p class=\"col-4\" style=\"padding-top:1em;\">\n        <label style=\"color:#1d1d1b\"><b>Conosci il numero di sottodomini?<\/b><\/label>\n        <div class=\"select-container\"><select id=\"subdominios\">\n            <option>Da 1 a 2<\/option>\n            <option>Da 3 a 5<\/option>\n            <option>Da 5 a 10<\/option>\n            <option>Pi\u00f9 di 10<\/option>\n            <option selected>Non sono sicuro<\/option>\n        <\/select><\/div>\n    <\/p>\t\t\t\t<\/div>\n\t\t\t\t<\/div>\n\t\t\t\t<div class=\"elementor-element elementor-element-690ab8f elementor-widget elementor-widget-wp-widget-insuit_precios_progress\" data-id=\"690ab8f\" data-element_type=\"widget\" data-e-type=\"widget\" data-widget_type=\"wp-widget-insuit_precios_progress.default\">\n\t\t\t\t<div class=\"elementor-widget-container\">\n\t\t\t\t\t        <div class=\"precios-progress-indicator\">\n            <div class=\"progress-arrow progress-previous\"><img decoding=\"async\" src=\"\/wp-content\/themes\/insuit\/img\/flecha-atras.svg\"><\/div>\n            <div class=\"progress-dot\" data-page=\"1\"><\/div>\n            <div class=\"progress-dot\" data-page=\"2\"><\/div>\n            <div class=\"progress-dot\" data-page=\"3\"><\/div>\n            <div class=\"progress-dot\" data-page=\"4\"><\/div>\n            <div class=\"progress-dot\" data-page=\"5\"><\/div>\n            <div class=\"progress-arrow progress-next\"><img decoding=\"async\" src=\"\/wp-content\/themes\/insuit\/img\/flecha-adelante.svg\"><\/div>\n        <\/div>\n        \t\t\t\t<\/div>\n\t\t\t\t<\/div>\n\t\t\t\t\t<\/div>\n\t\t<\/div>\n\t\t\t\t\t<\/div>\n\t\t<\/section>\n\t\t\t\t<section class=\"elementor-section elementor-top-section elementor-element elementor-element-0fab35c seccion-precios seccion-precios-3 elementor-section-boxed elementor-section-height-default elementor-section-height-default\" data-id=\"0fab35c\" data-element_type=\"section\" data-e-type=\"section\">\n\t\t\t\t\t\t<div class=\"elementor-container elementor-column-gap-default\">\n\t\t\t\t\t<div class=\"elementor-column elementor-col-100 elementor-top-column elementor-element elementor-element-ea192ff\" data-id=\"ea192ff\" data-element_type=\"column\" data-e-type=\"column\">\n\t\t\t<div class=\"elementor-widget-wrap elementor-element-populated\">\n\t\t\t\t\t\t<div class=\"elementor-element elementor-element-4470d54 elementor-widget elementor-widget-html\" data-id=\"4470d54\" data-element_type=\"widget\" data-e-type=\"widget\" data-widget_type=\"html.default\">\n\t\t\t\t<div class=\"elementor-widget-container\">\n\t\t\t\t\t    <p class=\"col-9\" style=\"padding-bottom:2em;\">\n        <label style=\"color:#1d1d1b\"><b>Ci sono sezioni con accesso ristretto (certificato digitale o password)?<\/b><\/label>\n    <\/p>\n    <p class=\"col-3\">\n        <label><input type=\"radio\" name=\"restricciones\" id=\"restricciones-si\"> S\u00ec<\/label>\n        <label><input type=\"radio\" name=\"restricciones\" id=\"restricciones-no\"> No<\/label>\n        <label><input checked type=\"radio\" name=\"restricciones\" id=\"restricciones-tal-vez\"> Non sono sicuro<\/label>\n    <\/p>\t\t\t\t<\/div>\n\t\t\t\t<\/div>\n\t\t\t\t<div class=\"elementor-element elementor-element-ca94c0b elementor-widget elementor-widget-wp-widget-insuit_precios_progress\" data-id=\"ca94c0b\" data-element_type=\"widget\" data-e-type=\"widget\" data-widget_type=\"wp-widget-insuit_precios_progress.default\">\n\t\t\t\t<div class=\"elementor-widget-container\">\n\t\t\t\t\t        <div class=\"precios-progress-indicator\">\n            <div class=\"progress-arrow progress-previous\"><img decoding=\"async\" src=\"\/wp-content\/themes\/insuit\/img\/flecha-atras.svg\"><\/div>\n            <div class=\"progress-dot\" data-page=\"1\"><\/div>\n            <div class=\"progress-dot\" data-page=\"2\"><\/div>\n            <div class=\"progress-dot\" data-page=\"3\"><\/div>\n            <div class=\"progress-dot\" data-page=\"4\"><\/div>\n            <div class=\"progress-dot\" data-page=\"5\"><\/div>\n            <div class=\"progress-arrow progress-next\"><img decoding=\"async\" src=\"\/wp-content\/themes\/insuit\/img\/flecha-adelante.svg\"><\/div>\n        <\/div>\n        \t\t\t\t<\/div>\n\t\t\t\t<\/div>\n\t\t\t\t\t<\/div>\n\t\t<\/div>\n\t\t\t\t\t<\/div>\n\t\t<\/section>\n\t\t\t\t<section class=\"elementor-section elementor-top-section elementor-element elementor-element-7722fc8 seccion-precios seccion-precios-4 elementor-section-boxed elementor-section-height-default elementor-section-height-default\" data-id=\"7722fc8\" data-element_type=\"section\" data-e-type=\"section\">\n\t\t\t\t\t\t<div class=\"elementor-container elementor-column-gap-default\">\n\t\t\t\t\t<div class=\"elementor-column elementor-col-100 elementor-top-column elementor-element elementor-element-b746bb3\" data-id=\"b746bb3\" data-element_type=\"column\" data-e-type=\"column\">\n\t\t\t<div class=\"elementor-widget-wrap elementor-element-populated\">\n\t\t\t\t\t\t<div class=\"elementor-element elementor-element-ee1d085 elementor-widget elementor-widget-html\" data-id=\"ee1d085\" data-element_type=\"widget\" data-e-type=\"widget\" data-widget_type=\"html.default\">\n\t\t\t\t<div class=\"elementor-widget-container\">\n\t\t\t\t\t\n    <p class=\"col-8\">\n        <label style=\"padding-bottom:1.5em;color:#1d1d1b;\"><b>Includi qualsiasi informazione che ritieni rilevante per il tuo sito web:<\/b><\/label>\n        <textarea id=\"informacion-relevante\" placeholder=\"Questo campo \u00e8 opzionale\"><\/textarea>\n    <\/p>\t\t\t\t<\/div>\n\t\t\t\t<\/div>\n\t\t\t\t<div class=\"elementor-element elementor-element-f154ce4 elementor-widget elementor-widget-wp-widget-insuit_precios_progress\" data-id=\"f154ce4\" data-element_type=\"widget\" data-e-type=\"widget\" data-widget_type=\"wp-widget-insuit_precios_progress.default\">\n\t\t\t\t<div class=\"elementor-widget-container\">\n\t\t\t\t\t        <div class=\"precios-progress-indicator\">\n            <div class=\"progress-arrow progress-previous\"><img decoding=\"async\" src=\"\/wp-content\/themes\/insuit\/img\/flecha-atras.svg\"><\/div>\n            <div class=\"progress-dot\" data-page=\"1\"><\/div>\n            <div class=\"progress-dot\" data-page=\"2\"><\/div>\n            <div class=\"progress-dot\" data-page=\"3\"><\/div>\n            <div class=\"progress-dot\" data-page=\"4\"><\/div>\n            <div class=\"progress-dot\" data-page=\"5\"><\/div>\n            <div class=\"progress-arrow progress-next\"><img decoding=\"async\" src=\"\/wp-content\/themes\/insuit\/img\/flecha-adelante.svg\"><\/div>\n        <\/div>\n        \t\t\t\t<\/div>\n\t\t\t\t<\/div>\n\t\t\t\t\t<\/div>\n\t\t<\/div>\n\t\t\t\t\t<\/div>\n\t\t<\/section>\n\t\t\t\t<section class=\"elementor-section elementor-top-section elementor-element elementor-element-7aa7785 seccion-precios seccion-precios-5 elementor-section-boxed elementor-section-height-default elementor-section-height-default\" data-id=\"7aa7785\" data-element_type=\"section\" data-e-type=\"section\">\n\t\t\t\t\t\t<div class=\"elementor-container elementor-column-gap-default\">\n\t\t\t\t\t<div class=\"elementor-column elementor-col-100 elementor-top-column elementor-element elementor-element-5ff547b\" data-id=\"5ff547b\" data-element_type=\"column\" data-e-type=\"column\">\n\t\t\t<div class=\"elementor-widget-wrap elementor-element-populated\">\n\t\t\t\t\t\t<div class=\"elementor-element elementor-element-a044450 elementor-widget elementor-widget-html\" data-id=\"a044450\" data-element_type=\"widget\" data-e-type=\"widget\" data-widget_type=\"html.default\">\n\t\t\t\t<div class=\"elementor-widget-container\">\n\t\t\t\t\t    <p class=\"col-8\">\n        <label style=\"color:#1d1d1b\"><strong>Ci siamo quasi<\/strong>, lasciaci i tuoi dati cos\u00ec possiamo inviarti un preventivo adatto alle tue esigenze:<\/label>\n    <\/p>\n        <p class=\"col-4 inner-form\">\n            <label>Nome e cognome*<\/label>\n            <input type=\"text\" id=\"nombre\">\n            <span class=\"error-message\">Questo campo \u00e8 obbligatorio<\/span>\n            <label>Email*<\/label>\n            <input type=\"email\" id=\"email\">\n            <span class=\"error-message\">Questo campo \u00e8 obbligatorio<\/span>\n            <label>Telefono<\/label>\n            <input type=\"tel\" id=\"telefono\">\n            <label class=\"checkbox-label privacy-accept-label\"><input type=\"checkbox\" id=\"privacy-accept\">&nbsp;Ho letto e accetto la <a href=\"\/it\/politica-sulla-privacy\/\" target=\"_blank\">politica sulla privacy<\/a>.<\/label>\n            <span class=\"error-message\">Questo campo \u00e8 obbligatorio<\/span>\n            <label class=\"checkbox-label\"><input type=\"checkbox\" id=\"communication-accept\">&nbsp;Accetto di ricevere comunicazioni commerciali da parte di inSuit.<\/label>\n        <\/p>\n        <div style=\"text-align:center;\"><input type=\"hidden\" value=\"es\" id=\"lang\" name=\"lang\">\n            <a href=\"#\" id=\"survey-submit\" class=\"round-button col-4\" style=\"display:block;\">TERMINA<\/a>\n    <\/div>\t\t\t\t<\/div>\n\t\t\t\t<\/div>\n\t\t\t\t<div class=\"elementor-element elementor-element-0b51ec6 elementor-widget elementor-widget-wp-widget-insuit_precios_progress\" data-id=\"0b51ec6\" data-element_type=\"widget\" data-e-type=\"widget\" data-widget_type=\"wp-widget-insuit_precios_progress.default\">\n\t\t\t\t<div class=\"elementor-widget-container\">\n\t\t\t\t\t        <div class=\"precios-progress-indicator\">\n            <div class=\"progress-arrow progress-previous\"><img decoding=\"async\" src=\"\/wp-content\/themes\/insuit\/img\/flecha-atras.svg\"><\/div>\n            <div class=\"progress-dot\" data-page=\"1\"><\/div>\n            <div class=\"progress-dot\" data-page=\"2\"><\/div>\n            <div class=\"progress-dot\" data-page=\"3\"><\/div>\n            <div class=\"progress-dot\" data-page=\"4\"><\/div>\n            <div class=\"progress-dot\" data-page=\"5\"><\/div>\n            <div class=\"progress-arrow progress-next\"><img decoding=\"async\" src=\"\/wp-content\/themes\/insuit\/img\/flecha-adelante.svg\"><\/div>\n        <\/div>\n        \t\t\t\t<\/div>\n\t\t\t\t<\/div>\n\t\t\t\t\t<\/div>\n\t\t<\/div>\n\t\t\t\t\t<\/div>\n\t\t<\/section>\n\t\t\t\t<section class=\"elementor-section elementor-top-section elementor-element elementor-element-2104dfe seccion-precios seccion-precios-6 elementor-section-boxed elementor-section-height-default elementor-section-height-default\" data-id=\"2104dfe\" data-element_type=\"section\" data-e-type=\"section\">\n\t\t\t\t\t\t<div class=\"elementor-container elementor-column-gap-default\">\n\t\t\t\t\t<div class=\"elementor-column elementor-col-100 elementor-top-column elementor-element elementor-element-aafdd12\" data-id=\"aafdd12\" data-element_type=\"column\" data-e-type=\"column\">\n\t\t\t<div class=\"elementor-widget-wrap elementor-element-populated\">\n\t\t\t\t\t\t<div class=\"elementor-element elementor-element-5548e1b elementor-widget elementor-widget-heading\" data-id=\"5548e1b\" data-element_type=\"widget\" data-e-type=\"widget\" data-widget_type=\"heading.default\">\n\t\t\t\t<div class=\"elementor-widget-container\">\n\t\t\t\t\t<h1 class=\"elementor-heading-title elementor-size-default\">Grazie mille!<\/h1>\t\t\t\t<\/div>\n\t\t\t\t<\/div>\n\t\t\t\t<div class=\"elementor-element elementor-element-18dcdd6 elementor-widget elementor-widget-html\" data-id=\"18dcdd6\" data-element_type=\"widget\" data-e-type=\"widget\" data-widget_type=\"html.default\">\n\t\t\t\t<div class=\"elementor-widget-container\">\n\t\t\t\t\t<div style=\"display:flex; flex-direction:row; justify-content:center;align-items:center;\">\n<img decoding=\"async\" class=\"alignleft wp-image-342 size-thumbnail\" src=\"https:\/\/www.insuit.net\/wp-content\/uploads\/2020\/03\/ic-analisis.svg\" alt=\"\" width=\"150\" height=\"150\" style=\"margin-right:2em;\" srcset=\"https:\/\/www.insuit.net\/wp-content\/uploads\/\/2020\/03\/ic-analisis.svg 150w, https:\/\/www.insuit.net\/wp-content\/uploads\/\/2020\/03\/ic-analisis.svg 300w, https:\/\/www.insuit.net\/wp-content\/uploads\/\/2020\/03\/ic-analisis.svg 1024w\" sizes=\"(max-width: 150px) 100vw, 150px\" \/>\n<p style=\"margin:0;color:#1d1d1b\">\nAbbiamo ricevuto i tuoi dati correttamente e <strong>stiamo analizzando il tuo sito web<\/strong>.\n<br\/>\nCi metteremo in contatto con te <strong>entro un giorno lavorativo<\/strong>.\n<\/p>\n<\/div>\t\t\t\t<\/div>\n\t\t\t\t<\/div>\n\t\t\t\t<div class=\"elementor-element elementor-element-50ea76f elementor-widget elementor-widget-html\" data-id=\"50ea76f\" data-element_type=\"widget\" data-e-type=\"widget\" data-widget_type=\"html.default\">\n\t\t\t\t<div class=\"elementor-widget-container\">\n\t\t\t\t\t<div style=\"text-align:center;\"><a href=\"\/it\" class=\"round-button round-button-outline\">Tornare alla pagina d'inizio<\/a><\/div>\t\t\t\t<\/div>\n\t\t\t\t<\/div>\n\t\t\t\t\t<\/div>\n\t\t<\/div>\n\t\t\t\t\t<\/div>\n\t\t<\/section>\n\t\t\t\t<section class=\"elementor-section elementor-top-section elementor-element elementor-element-0af5141 precios-progress-indicator elementor-section-boxed elementor-section-height-default elementor-section-height-default\" data-id=\"0af5141\" data-element_type=\"section\" data-e-type=\"section\">\n\t\t\t\t\t\t<div class=\"elementor-container elementor-column-gap-default\">\n\t\t\t\t\t<div class=\"elementor-column elementor-col-100 elementor-top-column elementor-element elementor-element-b210add\" data-id=\"b210add\" data-element_type=\"column\" data-e-type=\"column\">\n\t\t\t<div class=\"elementor-widget-wrap\">\n\t\t\t\t\t\t\t<\/div>\n\t\t<\/div>\n\t\t\t\t\t<\/div>\n\t\t<\/section>\n\t\t\t\t<\/div>\n\t\t","protected":false},"excerpt":{"rendered":"<p>Prezzi Raccontaci un po&#8217; del tuo sito web cos\u00ec possiamo analizzarlo e calcolare un preventivo: Qual \u00e8 l&#8217;indirizzo web (URL)? In quanti lingue \u00e8 disponibile? 123Pi\u00f9 di 4Non sono sicuro Conosci il numero di sottodomini? Da 1 a 2Da 3 a 5Da 5 a 10Pi\u00f9 di 10Non sono sicuro Ci sono sezioni con accesso ristretto [&hellip;]<\/p>\n","protected":false},"author":4,"featured_media":0,"parent":0,"menu_order":0,"comment_status":"closed","ping_status":"closed","template":"","meta":{"_acf_changed":false,"content-type":"","footnotes":""},"tags":[],"class_list":["post-10139","page","type-page","status-publish","hentry"],"acf":[],"yoast_head":"<!-- This site is optimized with the Yoast SEO plugin v27.5 - https:\/\/yoast.com\/product\/yoast-seo-wordpress\/ -->\n<title>Prezzi - inSuit<\/title>\n<meta name=\"description\" content=\"ogni azienda o entit\u00e0.I prezzi di InSuit si adattano alle esigenze di ogni azienda o soci\" \/>\n<meta name=\"robots\" content=\"index, follow, max-snippet:-1, max-image-preview:large, max-video-preview:-1\" \/>\n<link rel=\"canonical\" href=\"https:\/\/www.insuit.net\/it\/prezzi\/\" \/>\n<meta property=\"og:locale\" content=\"it_IT\" \/>\n<meta property=\"og:type\" content=\"article\" \/>\n<meta property=\"og:title\" content=\"Prezzi - inSuit\" \/>\n<meta property=\"og:description\" content=\"ogni azienda o entit\u00e0.I prezzi di InSuit si adattano alle esigenze di ogni azienda o soci\" \/>\n<meta property=\"og:url\" content=\"https:\/\/www.insuit.net\/it\/prezzi\/\" \/>\n<meta property=\"og:site_name\" content=\"inSuit\" \/>\n<meta property=\"article:modified_time\" content=\"2023-11-06T10:43:54+00:00\" \/>\n<meta property=\"og:image\" content=\"https:\/\/www.insuit.net\/wp-content\/uploads\/2020\/03\/ic-analisis.svg\" \/>\n<meta name=\"twitter:card\" content=\"summary_large_image\" \/>\n<meta name=\"twitter:label1\" content=\"Tempo di lettura stimato\" \/>\n\t<meta name=\"twitter:data1\" content=\"4 minuti\" \/>\n<script type=\"application\/ld+json\" class=\"yoast-schema-graph\">{\"@context\":\"https:\\\/\\\/schema.org\",\"@graph\":[{\"@type\":\"WebPage\",\"@id\":\"https:\\\/\\\/www.insuit.net\\\/it\\\/prezzi\\\/\",\"url\":\"https:\\\/\\\/www.insuit.net\\\/it\\\/prezzi\\\/\",\"name\":\"Prezzi - inSuit\",\"isPartOf\":{\"@id\":\"https:\\\/\\\/www.insuit.net\\\/it\\\/#website\"},\"primaryImageOfPage\":{\"@id\":\"https:\\\/\\\/www.insuit.net\\\/it\\\/prezzi\\\/#primaryimage\"},\"image\":{\"@id\":\"https:\\\/\\\/www.insuit.net\\\/it\\\/prezzi\\\/#primaryimage\"},\"thumbnailUrl\":\"https:\\\/\\\/www.insuit.net\\\/wp-content\\\/uploads\\\/2020\\\/03\\\/ic-analisis.svg\",\"datePublished\":\"2020-02-17T14:38:53+00:00\",\"dateModified\":\"2023-11-06T10:43:54+00:00\",\"description\":\"ogni azienda o entit\u00e0.I prezzi di InSuit si adattano alle esigenze di ogni azienda o soci\",\"breadcrumb\":{\"@id\":\"https:\\\/\\\/www.insuit.net\\\/it\\\/prezzi\\\/#breadcrumb\"},\"inLanguage\":\"it-IT\",\"potentialAction\":[{\"@type\":\"ReadAction\",\"target\":[\"https:\\\/\\\/www.insuit.net\\\/it\\\/prezzi\\\/\"]}]},{\"@type\":\"ImageObject\",\"inLanguage\":\"it-IT\",\"@id\":\"https:\\\/\\\/www.insuit.net\\\/it\\\/prezzi\\\/#primaryimage\",\"url\":\"https:\\\/\\\/www.insuit.net\\\/wp-content\\\/uploads\\\/2020\\\/03\\\/ic-analisis.svg\",\"contentUrl\":\"https:\\\/\\\/www.insuit.net\\\/wp-content\\\/uploads\\\/2020\\\/03\\\/ic-analisis.svg\"},{\"@type\":\"BreadcrumbList\",\"@id\":\"https:\\\/\\\/www.insuit.net\\\/it\\\/prezzi\\\/#breadcrumb\",\"itemListElement\":[{\"@type\":\"ListItem\",\"position\":1,\"name\":\"Home\",\"item\":\"https:\\\/\\\/www.insuit.net\\\/it\\\/\"},{\"@type\":\"ListItem\",\"position\":2,\"name\":\"Prezzi\"}]},{\"@type\":\"WebSite\",\"@id\":\"https:\\\/\\\/www.insuit.net\\\/it\\\/#website\",\"url\":\"https:\\\/\\\/www.insuit.net\\\/it\\\/\",\"name\":\"inSuit\",\"description\":\"Accesibilidad web para personas con discapacidad\",\"potentialAction\":[{\"@type\":\"SearchAction\",\"target\":{\"@type\":\"EntryPoint\",\"urlTemplate\":\"https:\\\/\\\/www.insuit.net\\\/it\\\/?s={search_term_string}\"},\"query-input\":{\"@type\":\"PropertyValueSpecification\",\"valueRequired\":true,\"valueName\":\"search_term_string\"}}],\"inLanguage\":\"it-IT\"}]}<\/script>\n<!-- \/ Yoast SEO plugin. -->","yoast_head_json":{"title":"Prezzi - inSuit","description":"ogni azienda o entit\u00e0.I prezzi di InSuit si adattano alle esigenze di ogni azienda o soci","robots":{"index":"index","follow":"follow","max-snippet":"max-snippet:-1","max-image-preview":"max-image-preview:large","max-video-preview":"max-video-preview:-1"},"canonical":"https:\/\/www.insuit.net\/it\/prezzi\/","og_locale":"it_IT","og_type":"article","og_title":"Prezzi - inSuit","og_description":"ogni azienda o entit\u00e0.I prezzi di InSuit si adattano alle esigenze di ogni azienda o soci","og_url":"https:\/\/www.insuit.net\/it\/prezzi\/","og_site_name":"inSuit","article_modified_time":"2023-11-06T10:43:54+00:00","og_image":[{"url":"https:\/\/www.insuit.net\/wp-content\/uploads\/2020\/03\/ic-analisis.svg","type":"","width":"","height":""}],"twitter_card":"summary_large_image","twitter_misc":{"Tempo di lettura stimato":"4 minuti"},"schema":{"@context":"https:\/\/schema.org","@graph":[{"@type":"WebPage","@id":"https:\/\/www.insuit.net\/it\/prezzi\/","url":"https:\/\/www.insuit.net\/it\/prezzi\/","name":"Prezzi - inSuit","isPartOf":{"@id":"https:\/\/www.insuit.net\/it\/#website"},"primaryImageOfPage":{"@id":"https:\/\/www.insuit.net\/it\/prezzi\/#primaryimage"},"image":{"@id":"https:\/\/www.insuit.net\/it\/prezzi\/#primaryimage"},"thumbnailUrl":"https:\/\/www.insuit.net\/wp-content\/uploads\/2020\/03\/ic-analisis.svg","datePublished":"2020-02-17T14:38:53+00:00","dateModified":"2023-11-06T10:43:54+00:00","description":"ogni azienda o entit\u00e0.I prezzi di InSuit si adattano alle esigenze di ogni azienda o soci","breadcrumb":{"@id":"https:\/\/www.insuit.net\/it\/prezzi\/#breadcrumb"},"inLanguage":"it-IT","potentialAction":[{"@type":"ReadAction","target":["https:\/\/www.insuit.net\/it\/prezzi\/"]}]},{"@type":"ImageObject","inLanguage":"it-IT","@id":"https:\/\/www.insuit.net\/it\/prezzi\/#primaryimage","url":"https:\/\/www.insuit.net\/wp-content\/uploads\/2020\/03\/ic-analisis.svg","contentUrl":"https:\/\/www.insuit.net\/wp-content\/uploads\/2020\/03\/ic-analisis.svg"},{"@type":"BreadcrumbList","@id":"https:\/\/www.insuit.net\/it\/prezzi\/#breadcrumb","itemListElement":[{"@type":"ListItem","position":1,"name":"Home","item":"https:\/\/www.insuit.net\/it\/"},{"@type":"ListItem","position":2,"name":"Prezzi"}]},{"@type":"WebSite","@id":"https:\/\/www.insuit.net\/it\/#website","url":"https:\/\/www.insuit.net\/it\/","name":"inSuit","description":"Accesibilidad web para personas con discapacidad","potentialAction":[{"@type":"SearchAction","target":{"@type":"EntryPoint","urlTemplate":"https:\/\/www.insuit.net\/it\/?s={search_term_string}"},"query-input":{"@type":"PropertyValueSpecification","valueRequired":true,"valueName":"search_term_string"}}],"inLanguage":"it-IT"}]}},"_links":{"self":[{"href":"https:\/\/www.insuit.net\/it\/wp-json\/wp\/v2\/pages\/10139","targetHints":{"allow":["GET"]}}],"collection":[{"href":"https:\/\/www.insuit.net\/it\/wp-json\/wp\/v2\/pages"}],"about":[{"href":"https:\/\/www.insuit.net\/it\/wp-json\/wp\/v2\/types\/page"}],"author":[{"embeddable":true,"href":"https:\/\/www.insuit.net\/it\/wp-json\/wp\/v2\/users\/4"}],"replies":[{"embeddable":true,"href":"https:\/\/www.insuit.net\/it\/wp-json\/wp\/v2\/comments?post=10139"}],"version-history":[{"count":17,"href":"https:\/\/www.insuit.net\/it\/wp-json\/wp\/v2\/pages\/10139\/revisions"}],"predecessor-version":[{"id":10581,"href":"https:\/\/www.insuit.net\/it\/wp-json\/wp\/v2\/pages\/10139\/revisions\/10581"}],"wp:attachment":[{"href":"https:\/\/www.insuit.net\/it\/wp-json\/wp\/v2\/media?parent=10139"}],"wp:term":[{"taxonomy":"post_tag","embeddable":true,"href":"https:\/\/www.insuit.net\/it\/wp-json\/wp\/v2\/tags?post=10139"}],"curies":[{"name":"wp","href":"https:\/\/api.w.org\/{rel}","templated":true}]}}