{"id":10137,"date":"2020-02-17T15:39:10","date_gmt":"2020-02-17T14:39:10","guid":{"rendered":"https:\/\/www.insuit.net\/contacto\/"},"modified":"2023-11-03T13:56:16","modified_gmt":"2023-11-03T12:56:16","slug":"contatto","status":"publish","type":"page","link":"https:\/\/www.insuit.net\/it\/contatto\/","title":{"rendered":"Contatto"},"content":{"rendered":"\t\t<div data-elementor-type=\"wp-page\" data-elementor-id=\"10137\" class=\"elementor elementor-10137 elementor-6053\" data-elementor-post-type=\"page\">\n\t\t\t\t\t\t<section class=\"elementor-section elementor-top-section elementor-element elementor-element-fa92458 elementor-section-boxed elementor-section-height-default elementor-section-height-default\" data-id=\"fa92458\" data-element_type=\"section\" data-e-type=\"section\">\n\t\t\t\t\t\t<div class=\"elementor-container elementor-column-gap-default\">\n\t\t\t\t\t<div class=\"elementor-column elementor-col-100 elementor-top-column elementor-element elementor-element-13e40f7\" data-id=\"13e40f7\" data-element_type=\"column\" data-e-type=\"column\">\n\t\t\t<div class=\"elementor-widget-wrap elementor-element-populated\">\n\t\t\t\t\t\t<div class=\"elementor-element elementor-element-548ee17 elementor-widget elementor-widget-heading\" data-id=\"548ee17\" data-element_type=\"widget\" data-e-type=\"widget\" data-widget_type=\"heading.default\">\n\t\t\t\t<div class=\"elementor-widget-container\">\n\t\t\t\t\t<h1 class=\"elementor-heading-title elementor-size-default\">Contatto<\/h1>\t\t\t\t<\/div>\n\t\t\t\t<\/div>\n\t\t\t\t<div class=\"elementor-element elementor-element-6a99cdc elementor-widget elementor-widget-text-editor\" data-id=\"6a99cdc\" data-element_type=\"widget\" data-e-type=\"widget\" data-widget_type=\"text-editor.default\">\n\t\t\t\t<div class=\"elementor-widget-container\">\n\t\t\t\t\t\t\t\t\t<p>Contatta il nostro team, saremo felici di aiutarti:<\/p>\t\t\t\t\t\t\t\t<\/div>\n\t\t\t\t<\/div>\n\t\t\t\t<section class=\"elementor-section elementor-inner-section elementor-element elementor-element-6b88f85 formulario-contacto elementor-section-boxed elementor-section-height-default elementor-section-height-default\" data-id=\"6b88f85\" data-element_type=\"section\" data-e-type=\"section\">\n\t\t\t\t\t\t<div class=\"elementor-container elementor-column-gap-wider\">\n\t\t\t\t\t<div class=\"elementor-column elementor-col-50 elementor-inner-column elementor-element elementor-element-fac99d8\" data-id=\"fac99d8\" data-element_type=\"column\" data-e-type=\"column\">\n\t\t\t<div class=\"elementor-widget-wrap elementor-element-populated\">\n\t\t\t\t\t\t<div class=\"elementor-element elementor-element-b94edd9 elementor-widget elementor-widget-shortcode\" data-id=\"b94edd9\" data-element_type=\"widget\" data-e-type=\"widget\" data-widget_type=\"shortcode.default\">\n\t\t\t\t<div class=\"elementor-widget-container\">\n\t\t\t\t\t\t\t<div class=\"elementor-shortcode\">\n<div class=\"wpcf7 no-js\" id=\"wpcf7-f10547-o1\" lang=\"it-IT\" dir=\"ltr\" data-wpcf7-id=\"10547\">\n<div class=\"screen-reader-response\"><p role=\"status\" aria-live=\"polite\" aria-atomic=\"true\"><\/p> <ul><\/ul><\/div>\n<form action=\"\/it\/wp-json\/wp\/v2\/pages\/10137#wpcf7-f10547-o1\" method=\"post\" class=\"wpcf7-form init\" aria-label=\"Modulo di contatto\" novalidate=\"novalidate\" data-status=\"init\">\n<fieldset class=\"hidden-fields-container\"><input type=\"hidden\" name=\"_wpcf7\" value=\"10547\" \/><input type=\"hidden\" name=\"_wpcf7_version\" value=\"6.1.5\" \/><input type=\"hidden\" name=\"_wpcf7_locale\" value=\"it_IT\" \/><input type=\"hidden\" name=\"_wpcf7_unit_tag\" value=\"wpcf7-f10547-o1\" \/><input type=\"hidden\" name=\"_wpcf7_container_post\" value=\"0\" \/><input type=\"hidden\" name=\"_wpcf7_posted_data_hash\" value=\"\" \/><input type=\"hidden\" name=\"_wpcf7_recaptcha_response\" value=\"\" \/>\n<\/fieldset>\n<div class=\"contact-row contact-row-split\">\n\t<div>\n\t\t<p><label for=\"nombre\">Nome e cognome*<\/label><span class=\"wpcf7-form-control-wrap\" data-name=\"nombre\"><input size=\"5\" maxlength=\"400\" class=\"wpcf7-form-control wpcf7-text wpcf7-validates-as-required\" aria-required=\"true\" aria-invalid=\"false\" value=\"\" type=\"text\" name=\"nombre\" \/><\/span>\n\t\t<\/p>\n\t<\/div>\n\t<div>\n\t\t<p><label for=\"email\">Email*<\/label><span class=\"wpcf7-form-control-wrap\" data- required=\"required\" name=\"email\"><input size=\"5\" maxlength=\"400\" class=\"wpcf7-form-control wpcf7-email wpcf7-validates-as-required wpcf7-text wpcf7-validates-as-email\" aria-required=\"true\" aria-invalid=\"false\" value=\"\" type=\"email\" name=\"email\" \/><\/span>\n\t\t<\/p>\n\t<\/div>\n<\/div>\n<div class=\"contact-row contact-row-split\">\n\t<div>\n\t\t<p><label for=\"web\">Sito web<\/label><span class=\"wpcf7-form-control-wrap\" data-name=\"web\"><input size=\"5\" maxlength=\"400\" class=\"wpcf7-form-control wpcf7-text\" aria-invalid=\"false\" value=\"\" type=\"text\" name=\"web\" \/><\/span>\n\t\t<\/p>\n\t<\/div>\n\t<div>\n\t\t<p><label for=\"telefono\">Telefono<\/label><span class=\"wpcf7-form-control-wrap\" data-name=\"telefono\"><input size=\"5\" maxlength=\"400\" class=\"wpcf7-form-control wpcf7-tel wpcf7-text wpcf7-validates-as-tel\" aria-invalid=\"false\" value=\"\" type=\"tel\" name=\"telefono\" \/><\/span>\n\t\t<\/p>\n\t<\/div>\n<\/div>\n<div class=\"contact-row\" style=\"margin-bottom:0\">\n\t<div style=\"width:100%; margin-bottom:25px;\">\n\t\t<p><label for=\"mensaje\">Messaggio<\/label><span class=\"wpcf7-form-control-wrap\" data-name=\"mensaje\"><textarea cols=\"40\" rows=\"10\" maxlength=\"2000\" class=\"wpcf7-form-control wpcf7-textarea\" aria-invalid=\"false\" name=\"mensaje\"><\/textarea><\/span>\n\t\t<\/p>\n\t<\/div>\n<\/div>\n<div class=\"contact-row\">\n\t<div class=\"contact-col\">\n\t\t<p><span class=\"wpcf7-form-control-wrap\" data-name=\"acepto-privacidad\"><span class=\"wpcf7-form-control wpcf7-acceptance\"><span class=\"wpcf7-list-item\"><label><input type=\"checkbox\" name=\"acepto-privacidad\" value=\"1\" aria-invalid=\"false\" \/><span class=\"wpcf7-list-item-label\">Ho letto e accetto la <a href=\"\/it\/politica-sulla-privacy\" target=\"_blank\">politica sulla privacy<\/a>.<\/span><\/label><\/span><\/span><\/span><span class=\"wpcf7-form-control-wrap\" data-name=\"acepto-comunicaciones\"><span class=\"wpcf7-form-control wpcf7-acceptance optional\"><span class=\"wpcf7-list-item\"><label><input type=\"checkbox\" name=\"acepto-comunicaciones\" value=\"1\" aria-invalid=\"false\" \/><span class=\"wpcf7-list-item-label\">Accetto di ricevere comunicazioni commerciali da parte di inSuit.<\/span><\/label><\/span><\/span><\/span>\n\t\t<\/p>\n\t<\/div>\n\t<p><input class=\"wpcf7-form-control wpcf7-submit has-spinner round-button\" type=\"submit\" value=\"INVIA\" \/>\n\t<\/p>\n<\/div><div class=\"wpcf7-response-output\" aria-hidden=\"true\"><\/div>\n<\/form>\n<\/div>\n<\/div>\n\t\t\t\t\t\t<\/div>\n\t\t\t\t<\/div>\n\t\t\t\t\t<\/div>\n\t\t<\/div>\n\t\t\t\t<div class=\"elementor-column elementor-col-50 elementor-inner-column elementor-element elementor-element-065e4b6 informacion-contacto\" data-id=\"065e4b6\" data-element_type=\"column\" data-e-type=\"column\">\n\t\t\t<div class=\"elementor-widget-wrap elementor-element-populated\">\n\t\t\t\t\t\t<div class=\"elementor-element elementor-element-dac382d elementor-widget elementor-widget-image\" data-id=\"dac382d\" data-element_type=\"widget\" data-e-type=\"widget\" data-widget_type=\"image.default\">\n\t\t\t\t<div class=\"elementor-widget-container\">\n\t\t\t\t\t\t\t\t\t\t\t\t\t\t\t<img fetchpriority=\"high\" decoding=\"async\" width=\"700\" height=\"463\" src=\"https:\/\/www.insuit.net\/wp-content\/uploads\/2020\/03\/contacto-inSuit.jpg\" class=\"attachment-full size-full wp-image-10138\" alt=\"groupe d&#039;op\u00e9rateurs t\u00e9l\u00e9phoniques au t\u00e9l\u00e9phone\" srcset=\"https:\/\/www.insuit.net\/wp-content\/uploads\/2020\/03\/contacto-inSuit.jpg 700w, https:\/\/www.insuit.net\/wp-content\/uploads\/2020\/03\/contacto-inSuit-300x198.jpg 300w\" sizes=\"(max-width: 700px) 100vw, 700px\" \/>\t\t\t\t\t\t\t\t\t\t\t\t\t\t\t<\/div>\n\t\t\t\t<\/div>\n\t\t\t\t<div class=\"elementor-element elementor-element-964c5bc elementor-widget elementor-widget-html\" data-id=\"964c5bc\" data-element_type=\"widget\" data-e-type=\"widget\" data-widget_type=\"html.default\">\n\t\t\t\t<div class=\"elementor-widget-container\">\n\t\t\t\t\t<div style=\"font-size:18px;\"><p>\n<i class=\"far fa-envelope\" style=\"color:var(--azul-insuit);font-size:0.9em;margin-top:5px;float:left;\"><\/i><div style=\"margin-left:25px;\">info@insuit.net<\/div>\n<\/p>\n<p>\n<i class=\"fa fa-phone-alt\" style=\"font-size:0.9em;margin-top:4px;float:left\"><\/i><div style=\"color: var(--gris); margin-left:25px\">+34 96 001 0158<\/div>\n<\/p>\n<p>\n<i class=\"fa fa-map-marker-alt\" style=\"font-size: 0.9em;margin-top:3px; float:left;\"><\/i><div style=\"color: var(--gris); margin-left:25px\">Calle Dr. Vicente Zaragoz\u00e1 1-2, 46020, Valencia<\/div>\n<\/p>\n<p>\n<b style=\"color: var(--gris);\">Seguici sui social:<\/b>\n<\/p>\n<p>\n    <a href=\"https:\/\/www.linkedin.com\/company\/insuit-accesibilidad\/\" class=\"social-link\" target=\"_blank\"><i class=\"fab fa-linkedin-in\"><\/i><\/a><a href=\"https:\/\/www.facebook.com\/inSuitAccesibilidadWeb\/\" class=\"social-link\" target=\"_blank\"><i class=\"fab fa-facebook-f\"><\/i><\/a><a href=\"https:\/\/www.youtube.com\/channel\/UC33EJeupb9Od6Jrxb-8Agug\" class=\"social-link\" target=\"_blank\"><i class=\"fab fa-youtube\"><\/i><\/a>\n<\/p>\n<\/div>\t\t\t\t<\/div>\n\t\t\t\t<\/div>\n\t\t\t\t\t<\/div>\n\t\t<\/div>\n\t\t\t\t\t<\/div>\n\t\t<\/section>\n\t\t\t\t\t<\/div>\n\t\t<\/div>\n\t\t\t\t\t<\/div>\n\t\t<\/section>\n\t\t\t\t<section class=\"elementor-section elementor-top-section elementor-element elementor-element-ca53d95 elementor-section-stretched elementor-section-full_width elementor-section-height-min-height elementor-section-height-default elementor-section-items-middle\" data-id=\"ca53d95\" data-element_type=\"section\" data-e-type=\"section\" data-settings=\"{&quot;stretch_section&quot;:&quot;section-stretched&quot;}\">\n\t\t\t\t\t\t<div class=\"elementor-container elementor-column-gap-no\">\n\t\t\t\t\t<div class=\"elementor-column elementor-col-100 elementor-top-column elementor-element elementor-element-5162b7b\" data-id=\"5162b7b\" data-element_type=\"column\" data-e-type=\"column\">\n\t\t\t<div class=\"elementor-widget-wrap elementor-element-populated\">\n\t\t\t\t\t\t<div class=\"elementor-element elementor-element-2fcd662 elementor-widget elementor-widget-html\" data-id=\"2fcd662\" data-element_type=\"widget\" data-e-type=\"widget\" data-widget_type=\"html.default\">\n\t\t\t\t<div class=\"elementor-widget-container\">\n\t\t\t\t\t<iframe src=\"https:\/\/www.google.com\/maps\/embed?pb=!1m18!1m12!1m3!1d3079.27263452411!2d-0.36728404837086887!3d39.48575797938365!2m3!1f0!2f0!3f0!3m2!1i1024!2i768!4f13.1!3m3!1m2!1s0xd6048a7f8cf80df%3A0xfc6e9105d4a35d11!2sCarrer%20del%20Dr.%20Vicent%20Zaragoza%2C%201%2C%201%2C%2046020%20Val%C3%A8ncia!5e0!3m2!1sen!2ses!4v1626078205370!5m2!1sen!2ses\" height=\"421\" style=\"border:0;\" allowfullscreen=\"\" loading=\"lazy\"><\/iframe>\t\t\t\t<\/div>\n\t\t\t\t<\/div>\n\t\t\t\t\t<\/div>\n\t\t<\/div>\n\t\t\t\t\t<\/div>\n\t\t<\/section>\n\t\t\t\t<\/div>\n\t\t","protected":false},"excerpt":{"rendered":"<p>Contatto Contatta il nostro team, saremo felici di aiutarti: info@insuit.net +34 96 001 0158 Calle Dr. Vicente Zaragoz\u00e1 1-2, 46020, Valencia Seguici sui social:<\/p>\n","protected":false},"author":4,"featured_media":0,"parent":0,"menu_order":0,"comment_status":"closed","ping_status":"closed","template":"","meta":{"_acf_changed":false,"footnotes":""},"tags":[],"class_list":["post-10137","page","type-page","status-publish","hentry"],"acf":[],"yoast_head":"<!-- This site is optimized with the Yoast SEO Premium plugin v26.1 (Yoast SEO v27.3) - https:\/\/yoast.com\/product\/yoast-seo-premium-wordpress\/ -->\n<title>Contatto - inSuit<\/title>\n<meta name=\"description\" content=\"Volete saperne di pi\u00f9? Avete domande, volete assumere o saperne di pi\u00f9 su InSuit? Contattateci.\" \/>\n<meta name=\"robots\" content=\"index, follow, max-snippet:-1, max-image-preview:large, max-video-preview:-1\" \/>\n<link rel=\"canonical\" href=\"https:\/\/www.insuit.net\/it\/contatto\/\" \/>\n<meta property=\"og:locale\" content=\"it_IT\" \/>\n<meta property=\"og:type\" content=\"article\" \/>\n<meta property=\"og:title\" content=\"Contatto\" \/>\n<meta property=\"og:description\" content=\"Volete saperne di pi\u00f9? Avete domande, volete assumere o saperne di pi\u00f9 su InSuit? Contattateci.\" \/>\n<meta property=\"og:url\" content=\"https:\/\/www.insuit.net\/it\/contatto\/\" \/>\n<meta property=\"og:site_name\" content=\"inSuit\" \/>\n<meta property=\"article:modified_time\" content=\"2023-11-03T12:56:16+00:00\" \/>\n<meta property=\"og:image\" content=\"https:\/\/www.insuit.net\/wp-content\/uploads\/2020\/03\/contacto-inSuit.jpg\" \/>\n<meta name=\"twitter:card\" content=\"summary_large_image\" \/>\n<meta name=\"twitter:label1\" content=\"Tempo di lettura stimato\" \/>\n\t<meta name=\"twitter:data1\" content=\"1 minuto\" \/>\n<script type=\"application\/ld+json\" class=\"yoast-schema-graph\">{\"@context\":\"https:\\\/\\\/schema.org\",\"@graph\":[{\"@type\":\"WebPage\",\"@id\":\"https:\\\/\\\/www.insuit.net\\\/it\\\/contatto\\\/\",\"url\":\"https:\\\/\\\/www.insuit.net\\\/it\\\/contatto\\\/\",\"name\":\"Contatto - inSuit\",\"isPartOf\":{\"@id\":\"https:\\\/\\\/www.insuit.net\\\/it\\\/#website\"},\"primaryImageOfPage\":{\"@id\":\"https:\\\/\\\/www.insuit.net\\\/it\\\/contatto\\\/#primaryimage\"},\"image\":{\"@id\":\"https:\\\/\\\/www.insuit.net\\\/it\\\/contatto\\\/#primaryimage\"},\"thumbnailUrl\":\"https:\\\/\\\/www.insuit.net\\\/wp-content\\\/uploads\\\/2020\\\/03\\\/contacto-inSuit.jpg\",\"datePublished\":\"2020-02-17T14:39:10+00:00\",\"dateModified\":\"2023-11-03T12:56:16+00:00\",\"description\":\"Volete saperne di pi\u00f9? Avete domande, volete assumere o saperne di pi\u00f9 su InSuit? Contattateci.\",\"breadcrumb\":{\"@id\":\"https:\\\/\\\/www.insuit.net\\\/it\\\/contatto\\\/#breadcrumb\"},\"inLanguage\":\"it-IT\",\"potentialAction\":[{\"@type\":\"ReadAction\",\"target\":[\"https:\\\/\\\/www.insuit.net\\\/it\\\/contatto\\\/\"]}]},{\"@type\":\"ImageObject\",\"inLanguage\":\"it-IT\",\"@id\":\"https:\\\/\\\/www.insuit.net\\\/it\\\/contatto\\\/#primaryimage\",\"url\":\"https:\\\/\\\/www.insuit.net\\\/wp-content\\\/uploads\\\/2020\\\/03\\\/contacto-inSuit.jpg\",\"contentUrl\":\"https:\\\/\\\/www.insuit.net\\\/wp-content\\\/uploads\\\/2020\\\/03\\\/contacto-inSuit.jpg\"},{\"@type\":\"BreadcrumbList\",\"@id\":\"https:\\\/\\\/www.insuit.net\\\/it\\\/contatto\\\/#breadcrumb\",\"itemListElement\":[{\"@type\":\"ListItem\",\"position\":1,\"name\":\"Home\",\"item\":\"https:\\\/\\\/www.insuit.net\\\/it\\\/\"},{\"@type\":\"ListItem\",\"position\":2,\"name\":\"Contatto\"}]},{\"@type\":\"WebSite\",\"@id\":\"https:\\\/\\\/www.insuit.net\\\/it\\\/#website\",\"url\":\"https:\\\/\\\/www.insuit.net\\\/it\\\/\",\"name\":\"inSuit\",\"description\":\"Accesibilidad web para personas con discapacidad\",\"potentialAction\":[{\"@type\":\"SearchAction\",\"target\":{\"@type\":\"EntryPoint\",\"urlTemplate\":\"https:\\\/\\\/www.insuit.net\\\/it\\\/?s={search_term_string}\"},\"query-input\":{\"@type\":\"PropertyValueSpecification\",\"valueRequired\":true,\"valueName\":\"search_term_string\"}}],\"inLanguage\":\"it-IT\"}]}<\/script>\n<!-- \/ Yoast SEO Premium plugin. -->","yoast_head_json":{"title":"Contatto - inSuit","description":"Volete saperne di pi\u00f9? Avete domande, volete assumere o saperne di pi\u00f9 su InSuit? Contattateci.","robots":{"index":"index","follow":"follow","max-snippet":"max-snippet:-1","max-image-preview":"max-image-preview:large","max-video-preview":"max-video-preview:-1"},"canonical":"https:\/\/www.insuit.net\/it\/contatto\/","og_locale":"it_IT","og_type":"article","og_title":"Contatto","og_description":"Volete saperne di pi\u00f9? Avete domande, volete assumere o saperne di pi\u00f9 su InSuit? Contattateci.","og_url":"https:\/\/www.insuit.net\/it\/contatto\/","og_site_name":"inSuit","article_modified_time":"2023-11-03T12:56:16+00:00","og_image":[{"url":"https:\/\/www.insuit.net\/wp-content\/uploads\/2020\/03\/contacto-inSuit.jpg","type":"","width":"","height":""}],"twitter_card":"summary_large_image","twitter_misc":{"Tempo di lettura stimato":"1 minuto"},"schema":{"@context":"https:\/\/schema.org","@graph":[{"@type":"WebPage","@id":"https:\/\/www.insuit.net\/it\/contatto\/","url":"https:\/\/www.insuit.net\/it\/contatto\/","name":"Contatto - inSuit","isPartOf":{"@id":"https:\/\/www.insuit.net\/it\/#website"},"primaryImageOfPage":{"@id":"https:\/\/www.insuit.net\/it\/contatto\/#primaryimage"},"image":{"@id":"https:\/\/www.insuit.net\/it\/contatto\/#primaryimage"},"thumbnailUrl":"https:\/\/www.insuit.net\/wp-content\/uploads\/2020\/03\/contacto-inSuit.jpg","datePublished":"2020-02-17T14:39:10+00:00","dateModified":"2023-11-03T12:56:16+00:00","description":"Volete saperne di pi\u00f9? Avete domande, volete assumere o saperne di pi\u00f9 su InSuit? Contattateci.","breadcrumb":{"@id":"https:\/\/www.insuit.net\/it\/contatto\/#breadcrumb"},"inLanguage":"it-IT","potentialAction":[{"@type":"ReadAction","target":["https:\/\/www.insuit.net\/it\/contatto\/"]}]},{"@type":"ImageObject","inLanguage":"it-IT","@id":"https:\/\/www.insuit.net\/it\/contatto\/#primaryimage","url":"https:\/\/www.insuit.net\/wp-content\/uploads\/2020\/03\/contacto-inSuit.jpg","contentUrl":"https:\/\/www.insuit.net\/wp-content\/uploads\/2020\/03\/contacto-inSuit.jpg"},{"@type":"BreadcrumbList","@id":"https:\/\/www.insuit.net\/it\/contatto\/#breadcrumb","itemListElement":[{"@type":"ListItem","position":1,"name":"Home","item":"https:\/\/www.insuit.net\/it\/"},{"@type":"ListItem","position":2,"name":"Contatto"}]},{"@type":"WebSite","@id":"https:\/\/www.insuit.net\/it\/#website","url":"https:\/\/www.insuit.net\/it\/","name":"inSuit","description":"Accesibilidad web para personas con discapacidad","potentialAction":[{"@type":"SearchAction","target":{"@type":"EntryPoint","urlTemplate":"https:\/\/www.insuit.net\/it\/?s={search_term_string}"},"query-input":{"@type":"PropertyValueSpecification","valueRequired":true,"valueName":"search_term_string"}}],"inLanguage":"it-IT"}]}},"_links":{"self":[{"href":"https:\/\/www.insuit.net\/it\/wp-json\/wp\/v2\/pages\/10137","targetHints":{"allow":["GET"]}}],"collection":[{"href":"https:\/\/www.insuit.net\/it\/wp-json\/wp\/v2\/pages"}],"about":[{"href":"https:\/\/www.insuit.net\/it\/wp-json\/wp\/v2\/types\/page"}],"author":[{"embeddable":true,"href":"https:\/\/www.insuit.net\/it\/wp-json\/wp\/v2\/users\/4"}],"replies":[{"embeddable":true,"href":"https:\/\/www.insuit.net\/it\/wp-json\/wp\/v2\/comments?post=10137"}],"version-history":[{"count":5,"href":"https:\/\/www.insuit.net\/it\/wp-json\/wp\/v2\/pages\/10137\/revisions"}],"predecessor-version":[{"id":10550,"href":"https:\/\/www.insuit.net\/it\/wp-json\/wp\/v2\/pages\/10137\/revisions\/10550"}],"wp:attachment":[{"href":"https:\/\/www.insuit.net\/it\/wp-json\/wp\/v2\/media?parent=10137"}],"wp:term":[{"taxonomy":"post_tag","embeddable":true,"href":"https:\/\/www.insuit.net\/it\/wp-json\/wp\/v2\/tags?post=10137"}],"curies":[{"name":"wp","href":"https:\/\/api.w.org\/{rel}","templated":true}]}}