{"id":16486,"date":"2025-05-09T17:57:20","date_gmt":"2025-05-09T15:57:20","guid":{"rendered":"https:\/\/www.insuit.net\/?page_id=16486"},"modified":"2025-05-23T12:21:20","modified_gmt":"2025-05-23T10:21:20","slug":"merci-telecharge-guide-eaa","status":"publish","type":"page","link":"https:\/\/www.insuit.net\/fr\/merci-telecharge-guide-eaa\/","title":{"rendered":"Merci d\u2019avoir t\u00e9l\u00e9charg\u00e9 le guide de l\u2019EAA"},"content":{"rendered":"\t\t<div data-elementor-type=\"wp-page\" data-elementor-id=\"16486\" class=\"elementor elementor-16486\" data-elementor-post-type=\"page\">\n\t\t\t\t\t\t<section class=\"elementor-section elementor-top-section elementor-element elementor-element-2b0776a elementor-section-boxed elementor-section-height-default elementor-section-height-default\" data-id=\"2b0776a\" data-element_type=\"section\" data-e-type=\"section\">\n\t\t\t\t\t\t<div class=\"elementor-container elementor-column-gap-default\">\n\t\t\t\t\t<div class=\"elementor-column elementor-col-50 elementor-top-column elementor-element elementor-element-5697d2c\" data-id=\"5697d2c\" data-element_type=\"column\" data-e-type=\"column\">\n\t\t\t<div class=\"elementor-widget-wrap elementor-element-populated\">\n\t\t\t\t<style>\n                .elementor-element-31fd482 img { \n                    width: 350px !important; \n                    height: auto !important; \n                }\n            <\/style>\t\t<div class=\"elementor-element elementor-element-31fd482 elementor-widget elementor-widget-image\" data-id=\"31fd482\" data-element_type=\"widget\" data-e-type=\"widget\" data-widget_type=\"image.default\">\n\t\t\t\t<div class=\"elementor-widget-container\">\n\t\t\t\t\t\t\t\t\t\t\t\t\t\t\t<img decoding=\"async\" src=\"https:\/\/www.insuit.net\/wp-content\/uploads\/elementor\/thumbs\/portada-guia-sin-sombra-FR-min-r5k9q5zirtsjjo78go9a53nhua6r1n22h1bgle5416.jpg\" title=\"couverture du guide EAA [FR]-min\" alt=\"couverture du guide EAA\" loading=\"lazy\" \/>\t\t\t\t\t\t\t\t\t\t\t\t\t\t\t<\/div>\n\t\t\t\t<\/div>\n\t\t\t\t\t<\/div>\n\t\t<\/div>\n\t\t\t\t<div class=\"elementor-column elementor-col-50 elementor-top-column elementor-element elementor-element-7210da1\" data-id=\"7210da1\" data-element_type=\"column\" data-e-type=\"column\">\n\t\t\t<div class=\"elementor-widget-wrap elementor-element-populated\">\n\t\t\t\t\t\t<div class=\"elementor-element elementor-element-f9dfd41 elementor-widget elementor-widget-heading\" data-id=\"f9dfd41\" data-element_type=\"widget\" data-e-type=\"widget\" data-widget_type=\"heading.default\">\n\t\t\t\t<div class=\"elementor-widget-container\">\n\t\t\t\t\t<h1 class=\"elementor-heading-title elementor-size-default\">Voici votre guide sur l\u2019European Accessibility Act (EAA)<\/h1>\t\t\t\t<\/div>\n\t\t\t\t<\/div>\n\t\t\t\t<div class=\"elementor-element elementor-element-874e84c elementor-widget elementor-widget-text-editor\" data-id=\"874e84c\" data-element_type=\"widget\" data-e-type=\"widget\" data-widget_type=\"text-editor.default\">\n\t\t\t\t<div class=\"elementor-widget-container\">\n\t\t\t\t\t\t\t\t\t<p>Merci pour votre t\u00e9l\u00e9chargement ! Si vous avez la moindre question, n\u2019h\u00e9sitez pas \u00e0 <a href=\"https:\/\/www.insuit.net\/fr\/contact\/\" target=\"_blank\" rel=\"noopener\">nous contacter<\/a>.<\/p>\t\t\t\t\t\t\t\t<\/div>\n\t\t\t\t<\/div>\n\t\t\t\t<div class=\"elementor-element elementor-element-c6774d4 elementor-widget elementor-widget-text-editor\" data-id=\"c6774d4\" data-element_type=\"widget\" data-e-type=\"widget\" data-widget_type=\"text-editor.default\">\n\t\t\t\t<div class=\"elementor-widget-container\">\n\t\t\t\t\t\t\t\t\t<p><a class=\"round-button\" href=\"\/wp-content\/uploads\/2025\/05\/GUIDE-SUR-LEUROPEAN-ACCESSIBILITY-ACT-EAAFR.pdf\" target=\"_blank\" rel=\"noopener\">T\u00c9L\u00c9CHARGER<\/a><\/p>\t\t\t\t\t\t\t\t<\/div>\n\t\t\t\t<\/div>\n\t\t\t\t\t<\/div>\n\t\t<\/div>\n\t\t\t\t\t<\/div>\n\t\t<\/section>\n\t\t\t\t<section class=\"elementor-section elementor-top-section elementor-element elementor-element-2f87d84 elementor-section-full_width elementor-section-height-default elementor-section-height-default\" data-id=\"2f87d84\" data-element_type=\"section\" data-e-type=\"section\">\n\t\t\t\t\t\t<div class=\"elementor-container elementor-column-gap-no\">\n\t\t\t\t\t<div class=\"elementor-column elementor-col-100 elementor-top-column elementor-element elementor-element-9744d6f\" data-id=\"9744d6f\" data-element_type=\"column\" data-e-type=\"column\">\n\t\t\t<div class=\"elementor-widget-wrap elementor-element-populated\">\n\t\t\t\t\t\t<div class=\"elementor-element elementor-element-79056b8 elementor-widget elementor-widget-shortcode\" data-id=\"79056b8\" data-element_type=\"widget\" data-e-type=\"widget\" data-widget_type=\"shortcode.default\">\n\t\t\t\t<div class=\"elementor-widget-container\">\n\t\t\t\t\t\t\t<div class=\"elementor-shortcode\">\n\t<div class=\"franja-ultimos-blog\"><h2>Continue \u00e0 apprendre sur notre blog<\/h2><div class=\"content blog-content\">\n        <div class=\"post\">\n            <a href=\"https:\/\/www.insuit.net\/fr\/avantages-accessibilite-web\/\"><div class=\"post-image-container\" style=\"background-image:url(https:\/\/www.insuit.net\/wp-content\/uploads\/2025\/08\/avantages-accessibilite-web-.jpg);\">\n\t            <img decoding=\"async\" src=\"\/wp-content\/uploads\/2020\/04\/blog-placeholder.png\">\n\t        <\/div><\/a>\n\t        <div class=\"post-title\"><h2>D\u00e9couvrez les avantages de l&#8217;accessibilit\u00e9 web pour votre entreprise<\/h2><\/div>\n\t        <div class=\"post-date\">30 juin 2025<\/div>\n\t        <div class=\"post-read-more\"><a href=\"https:\/\/www.insuit.net\/fr\/avantages-accessibilite-web\/\">En savoir plus <i class=\"fa fa-chevron-right\"><\/i><\/a><\/div>\n        <\/div>\n        \n        <div class=\"post\">\n            <a href=\"https:\/\/www.insuit.net\/fr\/tendances-en-accessibilite-numerique-2025\/\"><div class=\"post-image-container\" style=\"background-image:url(https:\/\/www.insuit.net\/wp-content\/uploads\/2025\/08\/tendenze-nell-accessibilita-digitale-2025-1-1.jpg);\">\n\t            <img decoding=\"async\" src=\"\/wp-content\/uploads\/2020\/04\/blog-placeholder.png\">\n\t        <\/div><\/a>\n\t        <div class=\"post-title\"><h2>D\u00e9couvrez les derni\u00e8res tendances en mati\u00e8re d&#8217;accessibilit\u00e9 num\u00e9rique 2025<\/h2><\/div>\n\t        <div class=\"post-date\">25 f\u00e9vrier 2025<\/div>\n\t        <div class=\"post-read-more\"><a href=\"https:\/\/www.insuit.net\/fr\/tendances-en-accessibilite-numerique-2025\/\">En savoir plus <i class=\"fa fa-chevron-right\"><\/i><\/a><\/div>\n        <\/div>\n        \n        <div class=\"post\">\n            <a href=\"https:\/\/www.insuit.net\/fr\/directive-2019882\/\"><div class=\"post-image-container\" style=\"background-image:url(https:\/\/www.insuit.net\/wp-content\/uploads\/2025\/06\/directiva-2019882.jpg);\">\n\t            <img decoding=\"async\" src=\"\/wp-content\/uploads\/2020\/04\/blog-placeholder.png\">\n\t        <\/div><\/a>\n\t        <div class=\"post-title\"><h2>La directive 2019\/882 sur l\u2019accessibilit\u00e9 des produits et services dans l\u2019UE entre en vigueur en 2025<\/h2><\/div>\n\t        <div class=\"post-date\">20 janvier 2025<\/div>\n\t        <div class=\"post-read-more\"><a href=\"https:\/\/www.insuit.net\/fr\/directive-2019882\/\">En savoir plus <i class=\"fa fa-chevron-right\"><\/i><\/a><\/div>\n        <\/div>\n        \n\t<\/div>\n\t\t<a href=\"\/fr\/blog\" class=\"round-button\">Voir plus de nouvelles<\/a>\n\t<\/div>\n\t<\/div>\n\t\t\t\t\t\t<\/div>\n\t\t\t\t<\/div>\n\t\t\t\t\t<\/div>\n\t\t<\/div>\n\t\t\t\t\t<\/div>\n\t\t<\/section>\n\t\t\t\t<\/div>\n\t\t","protected":false},"excerpt":{"rendered":"<p>Voici votre guide sur l\u2019European Accessibility Act (EAA) Merci pour votre t\u00e9l\u00e9chargement ! Si vous avez la moindre question, n\u2019h\u00e9sitez pas \u00e0 nous contacter. T\u00c9L\u00c9CHARGER<\/p>\n","protected":false},"author":5,"featured_media":0,"parent":0,"menu_order":0,"comment_status":"closed","ping_status":"closed","template":"","meta":{"_acf_changed":false,"content-type":"","footnotes":""},"tags":[],"class_list":["post-16486","page","type-page","status-publish","hentry"],"acf":[],"yoast_head":"<!-- This site is optimized with the Yoast SEO Premium plugin v26.1 (Yoast SEO v27.4) - https:\/\/yoast.com\/product\/yoast-seo-premium-wordpress\/ -->\n<title>Merci d\u2019avoir t\u00e9l\u00e9charg\u00e9 le guide de l\u2019EAA - inSuit<\/title>\n<meta name=\"robots\" content=\"noindex, nofollow\" \/>\n<meta property=\"og:locale\" content=\"fr_FR\" \/>\n<meta property=\"og:type\" content=\"article\" \/>\n<meta property=\"og:title\" content=\"Merci d\u2019avoir t\u00e9l\u00e9charg\u00e9 le guide de l\u2019EAA\" \/>\n<meta property=\"og:description\" content=\"Voici votre guide sur l\u2019European Accessibility Act (EAA) Merci pour votre t\u00e9l\u00e9chargement ! Si vous avez la moindre question, n\u2019h\u00e9sitez pas \u00e0 nous contacter. T\u00c9L\u00c9CHARGER\" \/>\n<meta property=\"og:url\" content=\"https:\/\/www.insuit.net\/fr\/merci-telecharge-guide-eaa\/\" \/>\n<meta property=\"og:site_name\" content=\"inSuit\" \/>\n<meta property=\"article:modified_time\" content=\"2025-05-23T10:21:20+00:00\" \/>\n<meta property=\"og:image\" content=\"https:\/\/www.insuit.net\/wp-content\/uploads\/elementor\/thumbs\/portada-guia-sin-sombra-FR-min-r5k9q5zirtsjjo78go9a53nhua6r1n22h1bgle5416.jpg\" \/>\n<meta name=\"twitter:card\" content=\"summary_large_image\" \/>\n<meta name=\"twitter:label1\" content=\"Dur\u00e9e de lecture estim\u00e9e\" \/>\n\t<meta name=\"twitter:data1\" content=\"1 minute\" \/>\n<script type=\"application\/ld+json\" class=\"yoast-schema-graph\">{\"@context\":\"https:\\\/\\\/schema.org\",\"@graph\":[{\"@type\":\"WebPage\",\"@id\":\"https:\\\/\\\/www.insuit.net\\\/fr\\\/merci-telecharge-guide-eaa\\\/\",\"url\":\"https:\\\/\\\/www.insuit.net\\\/fr\\\/merci-telecharge-guide-eaa\\\/\",\"name\":\"Merci d\u2019avoir t\u00e9l\u00e9charg\u00e9 le guide de l\u2019EAA - inSuit\",\"isPartOf\":{\"@id\":\"https:\\\/\\\/www.insuit.net\\\/fr\\\/#website\"},\"primaryImageOfPage\":{\"@id\":\"https:\\\/\\\/www.insuit.net\\\/fr\\\/merci-telecharge-guide-eaa\\\/#primaryimage\"},\"image\":{\"@id\":\"https:\\\/\\\/www.insuit.net\\\/fr\\\/merci-telecharge-guide-eaa\\\/#primaryimage\"},\"thumbnailUrl\":\"https:\\\/\\\/www.insuit.net\\\/wp-content\\\/uploads\\\/elementor\\\/thumbs\\\/portada-guia-sin-sombra-FR-min-r5k9q5zirtsjjo78go9a53nhua6r1n22h1bgle5416.jpg\",\"datePublished\":\"2025-05-09T15:57:20+00:00\",\"dateModified\":\"2025-05-23T10:21:20+00:00\",\"breadcrumb\":{\"@id\":\"https:\\\/\\\/www.insuit.net\\\/fr\\\/merci-telecharge-guide-eaa\\\/#breadcrumb\"},\"inLanguage\":\"fr-FR\",\"potentialAction\":[{\"@type\":\"ReadAction\",\"target\":[\"https:\\\/\\\/www.insuit.net\\\/fr\\\/merci-telecharge-guide-eaa\\\/\"]}]},{\"@type\":\"ImageObject\",\"inLanguage\":\"fr-FR\",\"@id\":\"https:\\\/\\\/www.insuit.net\\\/fr\\\/merci-telecharge-guide-eaa\\\/#primaryimage\",\"url\":\"https:\\\/\\\/www.insuit.net\\\/wp-content\\\/uploads\\\/elementor\\\/thumbs\\\/portada-guia-sin-sombra-FR-min-r5k9q5zirtsjjo78go9a53nhua6r1n22h1bgle5416.jpg\",\"contentUrl\":\"https:\\\/\\\/www.insuit.net\\\/wp-content\\\/uploads\\\/elementor\\\/thumbs\\\/portada-guia-sin-sombra-FR-min-r5k9q5zirtsjjo78go9a53nhua6r1n22h1bgle5416.jpg\"},{\"@type\":\"BreadcrumbList\",\"@id\":\"https:\\\/\\\/www.insuit.net\\\/fr\\\/merci-telecharge-guide-eaa\\\/#breadcrumb\",\"itemListElement\":[{\"@type\":\"ListItem\",\"position\":1,\"name\":\"Home\",\"item\":\"https:\\\/\\\/www.insuit.net\\\/fr\\\/\"},{\"@type\":\"ListItem\",\"position\":2,\"name\":\"Merci d\u2019avoir t\u00e9l\u00e9charg\u00e9 le guide de l\u2019EAA\"}]},{\"@type\":\"WebSite\",\"@id\":\"https:\\\/\\\/www.insuit.net\\\/fr\\\/#website\",\"url\":\"https:\\\/\\\/www.insuit.net\\\/fr\\\/\",\"name\":\"inSuit\",\"description\":\"Accesibilidad web para personas con discapacidad\",\"potentialAction\":[{\"@type\":\"SearchAction\",\"target\":{\"@type\":\"EntryPoint\",\"urlTemplate\":\"https:\\\/\\\/www.insuit.net\\\/fr\\\/?s={search_term_string}\"},\"query-input\":{\"@type\":\"PropertyValueSpecification\",\"valueRequired\":true,\"valueName\":\"search_term_string\"}}],\"inLanguage\":\"fr-FR\"}]}<\/script>\n<!-- \/ Yoast SEO Premium plugin. -->","yoast_head_json":{"title":"Merci d\u2019avoir t\u00e9l\u00e9charg\u00e9 le guide de l\u2019EAA - inSuit","robots":{"index":"noindex","follow":"nofollow"},"og_locale":"fr_FR","og_type":"article","og_title":"Merci d\u2019avoir t\u00e9l\u00e9charg\u00e9 le guide de l\u2019EAA","og_description":"Voici votre guide sur l\u2019European Accessibility Act (EAA) Merci pour votre t\u00e9l\u00e9chargement ! Si vous avez la moindre question, n\u2019h\u00e9sitez pas \u00e0 nous contacter. T\u00c9L\u00c9CHARGER","og_url":"https:\/\/www.insuit.net\/fr\/merci-telecharge-guide-eaa\/","og_site_name":"inSuit","article_modified_time":"2025-05-23T10:21:20+00:00","og_image":[{"url":"https:\/\/www.insuit.net\/wp-content\/uploads\/elementor\/thumbs\/portada-guia-sin-sombra-FR-min-r5k9q5zirtsjjo78go9a53nhua6r1n22h1bgle5416.jpg","type":"","width":"","height":""}],"twitter_card":"summary_large_image","twitter_misc":{"Dur\u00e9e de lecture estim\u00e9e":"1 minute"},"schema":{"@context":"https:\/\/schema.org","@graph":[{"@type":"WebPage","@id":"https:\/\/www.insuit.net\/fr\/merci-telecharge-guide-eaa\/","url":"https:\/\/www.insuit.net\/fr\/merci-telecharge-guide-eaa\/","name":"Merci d\u2019avoir t\u00e9l\u00e9charg\u00e9 le guide de l\u2019EAA - inSuit","isPartOf":{"@id":"https:\/\/www.insuit.net\/fr\/#website"},"primaryImageOfPage":{"@id":"https:\/\/www.insuit.net\/fr\/merci-telecharge-guide-eaa\/#primaryimage"},"image":{"@id":"https:\/\/www.insuit.net\/fr\/merci-telecharge-guide-eaa\/#primaryimage"},"thumbnailUrl":"https:\/\/www.insuit.net\/wp-content\/uploads\/elementor\/thumbs\/portada-guia-sin-sombra-FR-min-r5k9q5zirtsjjo78go9a53nhua6r1n22h1bgle5416.jpg","datePublished":"2025-05-09T15:57:20+00:00","dateModified":"2025-05-23T10:21:20+00:00","breadcrumb":{"@id":"https:\/\/www.insuit.net\/fr\/merci-telecharge-guide-eaa\/#breadcrumb"},"inLanguage":"fr-FR","potentialAction":[{"@type":"ReadAction","target":["https:\/\/www.insuit.net\/fr\/merci-telecharge-guide-eaa\/"]}]},{"@type":"ImageObject","inLanguage":"fr-FR","@id":"https:\/\/www.insuit.net\/fr\/merci-telecharge-guide-eaa\/#primaryimage","url":"https:\/\/www.insuit.net\/wp-content\/uploads\/elementor\/thumbs\/portada-guia-sin-sombra-FR-min-r5k9q5zirtsjjo78go9a53nhua6r1n22h1bgle5416.jpg","contentUrl":"https:\/\/www.insuit.net\/wp-content\/uploads\/elementor\/thumbs\/portada-guia-sin-sombra-FR-min-r5k9q5zirtsjjo78go9a53nhua6r1n22h1bgle5416.jpg"},{"@type":"BreadcrumbList","@id":"https:\/\/www.insuit.net\/fr\/merci-telecharge-guide-eaa\/#breadcrumb","itemListElement":[{"@type":"ListItem","position":1,"name":"Home","item":"https:\/\/www.insuit.net\/fr\/"},{"@type":"ListItem","position":2,"name":"Merci d\u2019avoir t\u00e9l\u00e9charg\u00e9 le guide de l\u2019EAA"}]},{"@type":"WebSite","@id":"https:\/\/www.insuit.net\/fr\/#website","url":"https:\/\/www.insuit.net\/fr\/","name":"inSuit","description":"Accesibilidad web para personas con discapacidad","potentialAction":[{"@type":"SearchAction","target":{"@type":"EntryPoint","urlTemplate":"https:\/\/www.insuit.net\/fr\/?s={search_term_string}"},"query-input":{"@type":"PropertyValueSpecification","valueRequired":true,"valueName":"search_term_string"}}],"inLanguage":"fr-FR"}]}},"_links":{"self":[{"href":"https:\/\/www.insuit.net\/fr\/wp-json\/wp\/v2\/pages\/16486","targetHints":{"allow":["GET"]}}],"collection":[{"href":"https:\/\/www.insuit.net\/fr\/wp-json\/wp\/v2\/pages"}],"about":[{"href":"https:\/\/www.insuit.net\/fr\/wp-json\/wp\/v2\/types\/page"}],"author":[{"embeddable":true,"href":"https:\/\/www.insuit.net\/fr\/wp-json\/wp\/v2\/users\/5"}],"replies":[{"embeddable":true,"href":"https:\/\/www.insuit.net\/fr\/wp-json\/wp\/v2\/comments?post=16486"}],"version-history":[{"count":15,"href":"https:\/\/www.insuit.net\/fr\/wp-json\/wp\/v2\/pages\/16486\/revisions"}],"predecessor-version":[{"id":17417,"href":"https:\/\/www.insuit.net\/fr\/wp-json\/wp\/v2\/pages\/16486\/revisions\/17417"}],"wp:attachment":[{"href":"https:\/\/www.insuit.net\/fr\/wp-json\/wp\/v2\/media?parent=16486"}],"wp:term":[{"taxonomy":"post_tag","embeddable":true,"href":"https:\/\/www.insuit.net\/fr\/wp-json\/wp\/v2\/tags?post=16486"}],"curies":[{"name":"wp","href":"https:\/\/api.w.org\/{rel}","templated":true}]}}