{"id":12265,"date":"2022-08-10T17:49:22","date_gmt":"2022-08-10T15:49:22","guid":{"rendered":"https:\/\/www.insuit.net\/gracias-por-solicitar-informacion\/"},"modified":"2024-08-29T11:20:43","modified_gmt":"2024-08-29T09:20:43","slug":"merci-demande-informations","status":"publish","type":"page","link":"https:\/\/www.insuit.net\/fr\/merci-demande-informations\/","title":{"rendered":"Merci d&#8217;avoir demand\u00e9 des informations"},"content":{"rendered":"\t\t<div data-elementor-type=\"wp-page\" data-elementor-id=\"12265\" class=\"elementor elementor-12265 elementor-7161\" data-elementor-post-type=\"page\">\n\t\t\t\t\t\t<section class=\"elementor-section elementor-top-section elementor-element elementor-element-2f941ce elementor-section-boxed elementor-section-height-default elementor-section-height-default\" data-id=\"2f941ce\" data-element_type=\"section\" data-e-type=\"section\">\n\t\t\t\t\t\t<div class=\"elementor-container elementor-column-gap-default\">\n\t\t\t\t\t<div class=\"elementor-column elementor-col-100 elementor-top-column elementor-element elementor-element-e6dc4df\" data-id=\"e6dc4df\" data-element_type=\"column\" data-e-type=\"column\">\n\t\t\t<div class=\"elementor-widget-wrap elementor-element-populated\">\n\t\t\t\t\t\t<div class=\"elementor-element elementor-element-dd55b02 elementor-widget elementor-widget-heading\" data-id=\"dd55b02\" data-element_type=\"widget\" data-e-type=\"widget\" data-widget_type=\"heading.default\">\n\t\t\t\t<div class=\"elementor-widget-container\">\n\t\t\t\t\t<h1 class=\"elementor-heading-title elementor-size-default\">Merci d'avoir demand\u00e9 des informations<\/h1>\t\t\t\t<\/div>\n\t\t\t\t<\/div>\n\t\t\t\t<div class=\"elementor-element elementor-element-ad5e620 elementor-widget elementor-widget-html\" data-id=\"ad5e620\" data-element_type=\"widget\" data-e-type=\"widget\" data-widget_type=\"html.default\">\n\t\t\t\t<div class=\"elementor-widget-container\">\n\t\t\t\t\t<div style=\"display:flex; flex-direction:row; justify-content:center;align-items:center;\">\n<img decoding=\"async\" class=\"alignleft wp-image-342 size-thumbnail\" src=\"https:\/\/www.insuit.net\/wp-content\/uploads\/2020\/03\/ic-analisis.svg\" alt=\"\" width=\"150\" height=\"150\" style=\"margin-right:2em;\" srcset=\"https:\/\/www.insuit.net\/wp-content\/uploads\/\/2020\/03\/ic-analisis.svg 150w, https:\/\/www.insuit.net\/wp-content\/uploads\/\/2020\/03\/ic-analisis.svg 300w, https:\/\/www.insuit.net\/wp-content\/uploads\/\/2020\/03\/ic-analisis.svg 1024w\" sizes=\"(max-width: 150px) 100vw, 150px\" \/>\n<p style=\"margin:0;font-size:22px;color:#1d1d1b\">\nNous avons bien re\u00e7u vos informations.\n<br\/>\nNous vous contacterons dans un <strong>d\u00e9lai d'un jour ouvrable pour vous donner plus d'informations.<\/strong>\n<\/p>\n<\/div>\n\t\t\t\t<\/div>\n\t\t\t\t<\/div>\n\t\t\t\t<div class=\"elementor-element elementor-element-9da9b82 elementor-widget elementor-widget-html\" data-id=\"9da9b82\" data-element_type=\"widget\" data-e-type=\"widget\" data-widget_type=\"html.default\">\n\t\t\t\t<div class=\"elementor-widget-container\">\n\t\t\t\t\t<div style=\"text-align:center;\"><a href=\"\/fr\" class=\"round-button round-button-outline\">Retourner \u00e0 la page d'accueil<\/a><\/div>\t\t\t\t<\/div>\n\t\t\t\t<\/div>\n\t\t\t\t\t<\/div>\n\t\t<\/div>\n\t\t\t\t\t<\/div>\n\t\t<\/section>\n\t\t\t\t<\/div>\n\t\t","protected":false},"excerpt":{"rendered":"<p>Merci d&#8217;avoir demand\u00e9 des informations Nous avons bien re\u00e7u vos informations. Nous vous contacterons dans un d\u00e9lai d&#8217;un jour ouvrable pour vous donner plus d&#8217;informations. Retourner \u00e0 la page d&#8217;accueil<\/p>\n","protected":false},"author":4,"featured_media":0,"parent":0,"menu_order":0,"comment_status":"closed","ping_status":"closed","template":"","meta":{"_acf_changed":false,"content-type":"","footnotes":""},"tags":[],"class_list":["post-12265","page","type-page","status-publish","hentry"],"acf":[],"yoast_head":"<!-- This site is optimized with the Yoast SEO Premium plugin v26.1 (Yoast SEO v27.4) - https:\/\/yoast.com\/product\/yoast-seo-premium-wordpress\/ -->\n<title>Merci d&#8217;avoir demand\u00e9 des informations - inSuit<\/title>\n<meta name=\"robots\" content=\"noindex, nofollow\" \/>\n<meta property=\"og:locale\" content=\"fr_FR\" \/>\n<meta property=\"og:type\" content=\"article\" \/>\n<meta property=\"og:title\" content=\"Merci d&#8217;avoir demand\u00e9 des informations\" \/>\n<meta property=\"og:description\" content=\"Merci d&#8217;avoir demand\u00e9 des informations Nous avons bien re\u00e7u vos informations. Nous vous contacterons dans un d\u00e9lai d&#8217;un jour ouvrable pour vous donner plus d&#8217;informations. Retourner \u00e0 la page d&#8217;accueil\" \/>\n<meta property=\"og:url\" content=\"https:\/\/www.insuit.net\/fr\/merci-demande-informations\/\" \/>\n<meta property=\"og:site_name\" content=\"inSuit\" \/>\n<meta property=\"article:modified_time\" content=\"2024-08-29T09:20:43+00:00\" \/>\n<meta property=\"og:image\" content=\"https:\/\/www.insuit.net\/wp-content\/uploads\/2020\/03\/ic-analisis.svg\" \/>\n<meta name=\"twitter:card\" content=\"summary_large_image\" \/>\n<meta name=\"twitter:label1\" content=\"Dur\u00e9e de lecture estim\u00e9e\" \/>\n\t<meta name=\"twitter:data1\" content=\"1 minute\" \/>\n<script type=\"application\/ld+json\" class=\"yoast-schema-graph\">{\"@context\":\"https:\\\/\\\/schema.org\",\"@graph\":[{\"@type\":\"WebPage\",\"@id\":\"https:\\\/\\\/www.insuit.net\\\/fr\\\/merci-demande-informations\\\/\",\"url\":\"https:\\\/\\\/www.insuit.net\\\/fr\\\/merci-demande-informations\\\/\",\"name\":\"Merci d&#8217;avoir demand\u00e9 des informations - inSuit\",\"isPartOf\":{\"@id\":\"https:\\\/\\\/www.insuit.net\\\/fr\\\/#website\"},\"primaryImageOfPage\":{\"@id\":\"https:\\\/\\\/www.insuit.net\\\/fr\\\/merci-demande-informations\\\/#primaryimage\"},\"image\":{\"@id\":\"https:\\\/\\\/www.insuit.net\\\/fr\\\/merci-demande-informations\\\/#primaryimage\"},\"thumbnailUrl\":\"https:\\\/\\\/www.insuit.net\\\/wp-content\\\/uploads\\\/2020\\\/03\\\/ic-analisis.svg\",\"datePublished\":\"2022-08-10T15:49:22+00:00\",\"dateModified\":\"2024-08-29T09:20:43+00:00\",\"breadcrumb\":{\"@id\":\"https:\\\/\\\/www.insuit.net\\\/fr\\\/merci-demande-informations\\\/#breadcrumb\"},\"inLanguage\":\"fr-FR\",\"potentialAction\":[{\"@type\":\"ReadAction\",\"target\":[\"https:\\\/\\\/www.insuit.net\\\/fr\\\/merci-demande-informations\\\/\"]}]},{\"@type\":\"ImageObject\",\"inLanguage\":\"fr-FR\",\"@id\":\"https:\\\/\\\/www.insuit.net\\\/fr\\\/merci-demande-informations\\\/#primaryimage\",\"url\":\"https:\\\/\\\/www.insuit.net\\\/wp-content\\\/uploads\\\/2020\\\/03\\\/ic-analisis.svg\",\"contentUrl\":\"https:\\\/\\\/www.insuit.net\\\/wp-content\\\/uploads\\\/2020\\\/03\\\/ic-analisis.svg\"},{\"@type\":\"BreadcrumbList\",\"@id\":\"https:\\\/\\\/www.insuit.net\\\/fr\\\/merci-demande-informations\\\/#breadcrumb\",\"itemListElement\":[{\"@type\":\"ListItem\",\"position\":1,\"name\":\"Home\",\"item\":\"https:\\\/\\\/www.insuit.net\\\/fr\\\/\"},{\"@type\":\"ListItem\",\"position\":2,\"name\":\"Merci d&#8217;avoir demand\u00e9 des informations\"}]},{\"@type\":\"WebSite\",\"@id\":\"https:\\\/\\\/www.insuit.net\\\/fr\\\/#website\",\"url\":\"https:\\\/\\\/www.insuit.net\\\/fr\\\/\",\"name\":\"inSuit\",\"description\":\"Accesibilidad web para personas con discapacidad\",\"potentialAction\":[{\"@type\":\"SearchAction\",\"target\":{\"@type\":\"EntryPoint\",\"urlTemplate\":\"https:\\\/\\\/www.insuit.net\\\/fr\\\/?s={search_term_string}\"},\"query-input\":{\"@type\":\"PropertyValueSpecification\",\"valueRequired\":true,\"valueName\":\"search_term_string\"}}],\"inLanguage\":\"fr-FR\"}]}<\/script>\n<!-- \/ Yoast SEO Premium plugin. -->","yoast_head_json":{"title":"Merci d&#8217;avoir demand\u00e9 des informations - inSuit","robots":{"index":"noindex","follow":"nofollow"},"og_locale":"fr_FR","og_type":"article","og_title":"Merci d&#8217;avoir demand\u00e9 des informations","og_description":"Merci d&#8217;avoir demand\u00e9 des informations Nous avons bien re\u00e7u vos informations. Nous vous contacterons dans un d\u00e9lai d&#8217;un jour ouvrable pour vous donner plus d&#8217;informations. Retourner \u00e0 la page d&#8217;accueil","og_url":"https:\/\/www.insuit.net\/fr\/merci-demande-informations\/","og_site_name":"inSuit","article_modified_time":"2024-08-29T09:20:43+00:00","og_image":[{"url":"https:\/\/www.insuit.net\/wp-content\/uploads\/2020\/03\/ic-analisis.svg","type":"","width":"","height":""}],"twitter_card":"summary_large_image","twitter_misc":{"Dur\u00e9e de lecture estim\u00e9e":"1 minute"},"schema":{"@context":"https:\/\/schema.org","@graph":[{"@type":"WebPage","@id":"https:\/\/www.insuit.net\/fr\/merci-demande-informations\/","url":"https:\/\/www.insuit.net\/fr\/merci-demande-informations\/","name":"Merci d&#8217;avoir demand\u00e9 des informations - inSuit","isPartOf":{"@id":"https:\/\/www.insuit.net\/fr\/#website"},"primaryImageOfPage":{"@id":"https:\/\/www.insuit.net\/fr\/merci-demande-informations\/#primaryimage"},"image":{"@id":"https:\/\/www.insuit.net\/fr\/merci-demande-informations\/#primaryimage"},"thumbnailUrl":"https:\/\/www.insuit.net\/wp-content\/uploads\/2020\/03\/ic-analisis.svg","datePublished":"2022-08-10T15:49:22+00:00","dateModified":"2024-08-29T09:20:43+00:00","breadcrumb":{"@id":"https:\/\/www.insuit.net\/fr\/merci-demande-informations\/#breadcrumb"},"inLanguage":"fr-FR","potentialAction":[{"@type":"ReadAction","target":["https:\/\/www.insuit.net\/fr\/merci-demande-informations\/"]}]},{"@type":"ImageObject","inLanguage":"fr-FR","@id":"https:\/\/www.insuit.net\/fr\/merci-demande-informations\/#primaryimage","url":"https:\/\/www.insuit.net\/wp-content\/uploads\/2020\/03\/ic-analisis.svg","contentUrl":"https:\/\/www.insuit.net\/wp-content\/uploads\/2020\/03\/ic-analisis.svg"},{"@type":"BreadcrumbList","@id":"https:\/\/www.insuit.net\/fr\/merci-demande-informations\/#breadcrumb","itemListElement":[{"@type":"ListItem","position":1,"name":"Home","item":"https:\/\/www.insuit.net\/fr\/"},{"@type":"ListItem","position":2,"name":"Merci d&#8217;avoir demand\u00e9 des informations"}]},{"@type":"WebSite","@id":"https:\/\/www.insuit.net\/fr\/#website","url":"https:\/\/www.insuit.net\/fr\/","name":"inSuit","description":"Accesibilidad web para personas con discapacidad","potentialAction":[{"@type":"SearchAction","target":{"@type":"EntryPoint","urlTemplate":"https:\/\/www.insuit.net\/fr\/?s={search_term_string}"},"query-input":{"@type":"PropertyValueSpecification","valueRequired":true,"valueName":"search_term_string"}}],"inLanguage":"fr-FR"}]}},"_links":{"self":[{"href":"https:\/\/www.insuit.net\/fr\/wp-json\/wp\/v2\/pages\/12265","targetHints":{"allow":["GET"]}}],"collection":[{"href":"https:\/\/www.insuit.net\/fr\/wp-json\/wp\/v2\/pages"}],"about":[{"href":"https:\/\/www.insuit.net\/fr\/wp-json\/wp\/v2\/types\/page"}],"author":[{"embeddable":true,"href":"https:\/\/www.insuit.net\/fr\/wp-json\/wp\/v2\/users\/4"}],"replies":[{"embeddable":true,"href":"https:\/\/www.insuit.net\/fr\/wp-json\/wp\/v2\/comments?post=12265"}],"version-history":[{"count":8,"href":"https:\/\/www.insuit.net\/fr\/wp-json\/wp\/v2\/pages\/12265\/revisions"}],"predecessor-version":[{"id":12920,"href":"https:\/\/www.insuit.net\/fr\/wp-json\/wp\/v2\/pages\/12265\/revisions\/12920"}],"wp:attachment":[{"href":"https:\/\/www.insuit.net\/fr\/wp-json\/wp\/v2\/media?parent=12265"}],"wp:term":[{"taxonomy":"post_tag","embeddable":true,"href":"https:\/\/www.insuit.net\/fr\/wp-json\/wp\/v2\/tags?post=12265"}],"curies":[{"name":"wp","href":"https:\/\/api.w.org\/{rel}","templated":true}]}}