{"id":7161,"date":"2022-08-10T17:49:22","date_gmt":"2022-08-10T15:49:22","guid":{"rendered":"https:\/\/www.insuit.net\/?page_id=7161"},"modified":"2022-08-10T17:50:20","modified_gmt":"2022-08-10T15:50:20","slug":"gracias-por-solicitar-informacion","status":"publish","type":"page","link":"https:\/\/www.insuit.net\/es\/gracias-por-solicitar-informacion\/","title":{"rendered":"Gracias por solicitar informaci\u00f3n"},"content":{"rendered":"\t\t<div data-elementor-type=\"wp-page\" data-elementor-id=\"7161\" class=\"elementor elementor-7161\" data-elementor-post-type=\"page\">\n\t\t\t\t\t\t<section class=\"elementor-section elementor-top-section elementor-element elementor-element-2f941ce elementor-section-boxed elementor-section-height-default elementor-section-height-default\" data-id=\"2f941ce\" data-element_type=\"section\" data-e-type=\"section\">\n\t\t\t\t\t\t<div class=\"elementor-container elementor-column-gap-default\">\n\t\t\t\t\t<div class=\"elementor-column elementor-col-100 elementor-top-column elementor-element elementor-element-e6dc4df\" data-id=\"e6dc4df\" data-element_type=\"column\" data-e-type=\"column\">\n\t\t\t<div class=\"elementor-widget-wrap elementor-element-populated\">\n\t\t\t\t\t\t<div class=\"elementor-element elementor-element-dd55b02 elementor-widget elementor-widget-heading\" data-id=\"dd55b02\" data-element_type=\"widget\" data-e-type=\"widget\" data-widget_type=\"heading.default\">\n\t\t\t\t<div class=\"elementor-widget-container\">\n\t\t\t\t\t<h1 class=\"elementor-heading-title elementor-size-default\">Gracias por solicitar informaci\u00f3n<\/h1>\t\t\t\t<\/div>\n\t\t\t\t<\/div>\n\t\t\t\t<div class=\"elementor-element elementor-element-ad5e620 elementor-widget elementor-widget-html\" data-id=\"ad5e620\" data-element_type=\"widget\" data-e-type=\"widget\" data-widget_type=\"html.default\">\n\t\t\t\t<div class=\"elementor-widget-container\">\n\t\t\t\t\t<div style=\"display:flex; flex-direction:row; justify-content:center;align-items:center;\">\n<img decoding=\"async\" class=\"alignleft wp-image-342 size-thumbnail\" src=\"https:\/\/www.insuit.net\/wp-content\/uploads\/2020\/03\/ic-analisis.svg\" alt=\"\" width=\"150\" height=\"150\" style=\"margin-right:2em;\" srcset=\"https:\/\/www.insuit.net\/wp-content\/uploads\/\/2020\/03\/ic-analisis.svg 150w, https:\/\/www.insuit.net\/wp-content\/uploads\/\/2020\/03\/ic-analisis.svg 300w, https:\/\/www.insuit.net\/wp-content\/uploads\/\/2020\/03\/ic-analisis.svg 1024w\" sizes=\"(max-width: 150px) 100vw, 150px\" \/>\n<p style=\"margin:0;font-size:22px;color:#1d1d1b\">\nHemos recibido tus datos correctamente.\n<br\/>\nNos pondremos en contacto contigo en el <strong>plazo de un d\u00eda laborable para darte m\u00e1s informaci\u00f3n.\n<\/p>\n<\/div>\t\t\t\t<\/div>\n\t\t\t\t<\/div>\n\t\t\t\t<div class=\"elementor-element elementor-element-37d00f0 elementor-widget elementor-widget-html\" data-id=\"37d00f0\" data-element_type=\"widget\" data-e-type=\"widget\" data-widget_type=\"html.default\">\n\t\t\t\t<div class=\"elementor-widget-container\">\n\t\t\t\t\t<div style=\"text-align:center;\"><a href=\"\/es\" class=\"round-button round-button-outline\">Ir a la pantalla de inicio<\/a><\/div>\t\t\t\t<\/div>\n\t\t\t\t<\/div>\n\t\t\t\t\t<\/div>\n\t\t<\/div>\n\t\t\t\t\t<\/div>\n\t\t<\/section>\n\t\t\t\t<\/div>\n\t\t","protected":false},"excerpt":{"rendered":"<p>Gracias por solicitar informaci\u00f3n Hemos recibido tus datos correctamente. Nos pondremos en contacto contigo en el plazo de un d\u00eda laborable para darte m\u00e1s informaci\u00f3n. Ir a la pantalla de inicio<\/p>\n","protected":false},"author":4,"featured_media":0,"parent":0,"menu_order":0,"comment_status":"closed","ping_status":"closed","template":"","meta":{"_acf_changed":false,"content-type":"","footnotes":""},"tags":[],"class_list":["post-7161","page","type-page","status-publish","hentry"],"acf":[],"yoast_head":"<!-- This site is optimized with the Yoast SEO Premium plugin v26.1 (Yoast SEO v27.4) - https:\/\/yoast.com\/product\/yoast-seo-premium-wordpress\/ -->\n<title>Gracias por solicitar informaci\u00f3n - inSuit<\/title>\n<meta name=\"robots\" content=\"noindex, nofollow\" \/>\n<meta property=\"og:locale\" content=\"es_ES\" \/>\n<meta property=\"og:type\" content=\"article\" \/>\n<meta property=\"og:title\" content=\"Gracias por solicitar informaci\u00f3n\" \/>\n<meta property=\"og:description\" content=\"Gracias por solicitar informaci\u00f3n Hemos recibido tus datos correctamente. Nos pondremos en contacto contigo en el plazo de un d\u00eda laborable para darte m\u00e1s informaci\u00f3n. Ir a la pantalla de inicio\" \/>\n<meta property=\"og:url\" content=\"https:\/\/www.insuit.net\/es\/gracias-por-solicitar-informacion\/\" \/>\n<meta property=\"og:site_name\" content=\"inSuit\" \/>\n<meta property=\"article:modified_time\" content=\"2022-08-10T15:50:20+00:00\" \/>\n<meta property=\"og:image\" content=\"https:\/\/www.insuit.net\/wp-content\/uploads\/2020\/03\/ic-analisis.svg\" \/>\n<meta name=\"twitter:card\" content=\"summary_large_image\" \/>\n<script type=\"application\/ld+json\" class=\"yoast-schema-graph\">{\"@context\":\"https:\\\/\\\/schema.org\",\"@graph\":[{\"@type\":\"WebPage\",\"@id\":\"https:\\\/\\\/www.insuit.net\\\/es\\\/gracias-por-solicitar-informacion\\\/\",\"url\":\"https:\\\/\\\/www.insuit.net\\\/es\\\/gracias-por-solicitar-informacion\\\/\",\"name\":\"Gracias por solicitar informaci\u00f3n - inSuit\",\"isPartOf\":{\"@id\":\"https:\\\/\\\/www.insuit.net\\\/es\\\/#website\"},\"primaryImageOfPage\":{\"@id\":\"https:\\\/\\\/www.insuit.net\\\/es\\\/gracias-por-solicitar-informacion\\\/#primaryimage\"},\"image\":{\"@id\":\"https:\\\/\\\/www.insuit.net\\\/es\\\/gracias-por-solicitar-informacion\\\/#primaryimage\"},\"thumbnailUrl\":\"https:\\\/\\\/www.insuit.net\\\/wp-content\\\/uploads\\\/2020\\\/03\\\/ic-analisis.svg\",\"datePublished\":\"2022-08-10T15:49:22+00:00\",\"dateModified\":\"2022-08-10T15:50:20+00:00\",\"breadcrumb\":{\"@id\":\"https:\\\/\\\/www.insuit.net\\\/es\\\/gracias-por-solicitar-informacion\\\/#breadcrumb\"},\"inLanguage\":\"es\",\"potentialAction\":[{\"@type\":\"ReadAction\",\"target\":[\"https:\\\/\\\/www.insuit.net\\\/es\\\/gracias-por-solicitar-informacion\\\/\"]}]},{\"@type\":\"ImageObject\",\"inLanguage\":\"es\",\"@id\":\"https:\\\/\\\/www.insuit.net\\\/es\\\/gracias-por-solicitar-informacion\\\/#primaryimage\",\"url\":\"https:\\\/\\\/www.insuit.net\\\/wp-content\\\/uploads\\\/2020\\\/03\\\/ic-analisis.svg\",\"contentUrl\":\"https:\\\/\\\/www.insuit.net\\\/wp-content\\\/uploads\\\/2020\\\/03\\\/ic-analisis.svg\"},{\"@type\":\"BreadcrumbList\",\"@id\":\"https:\\\/\\\/www.insuit.net\\\/es\\\/gracias-por-solicitar-informacion\\\/#breadcrumb\",\"itemListElement\":[{\"@type\":\"ListItem\",\"position\":1,\"name\":\"Home\",\"item\":\"https:\\\/\\\/www.insuit.net\\\/es\\\/\"},{\"@type\":\"ListItem\",\"position\":2,\"name\":\"Gracias por solicitar informaci\u00f3n\"}]},{\"@type\":\"WebSite\",\"@id\":\"https:\\\/\\\/www.insuit.net\\\/es\\\/#website\",\"url\":\"https:\\\/\\\/www.insuit.net\\\/es\\\/\",\"name\":\"inSuit\",\"description\":\"Accesibilidad web para personas con discapacidad\",\"potentialAction\":[{\"@type\":\"SearchAction\",\"target\":{\"@type\":\"EntryPoint\",\"urlTemplate\":\"https:\\\/\\\/www.insuit.net\\\/es\\\/?s={search_term_string}\"},\"query-input\":{\"@type\":\"PropertyValueSpecification\",\"valueRequired\":true,\"valueName\":\"search_term_string\"}}],\"inLanguage\":\"es\"}]}<\/script>\n<!-- \/ Yoast SEO Premium plugin. -->","yoast_head_json":{"title":"Gracias por solicitar informaci\u00f3n - inSuit","robots":{"index":"noindex","follow":"nofollow"},"og_locale":"es_ES","og_type":"article","og_title":"Gracias por solicitar informaci\u00f3n","og_description":"Gracias por solicitar informaci\u00f3n Hemos recibido tus datos correctamente. Nos pondremos en contacto contigo en el plazo de un d\u00eda laborable para darte m\u00e1s informaci\u00f3n. Ir a la pantalla de inicio","og_url":"https:\/\/www.insuit.net\/es\/gracias-por-solicitar-informacion\/","og_site_name":"inSuit","article_modified_time":"2022-08-10T15:50:20+00:00","og_image":[{"url":"https:\/\/www.insuit.net\/wp-content\/uploads\/2020\/03\/ic-analisis.svg","type":"","width":"","height":""}],"twitter_card":"summary_large_image","schema":{"@context":"https:\/\/schema.org","@graph":[{"@type":"WebPage","@id":"https:\/\/www.insuit.net\/es\/gracias-por-solicitar-informacion\/","url":"https:\/\/www.insuit.net\/es\/gracias-por-solicitar-informacion\/","name":"Gracias por solicitar informaci\u00f3n - inSuit","isPartOf":{"@id":"https:\/\/www.insuit.net\/es\/#website"},"primaryImageOfPage":{"@id":"https:\/\/www.insuit.net\/es\/gracias-por-solicitar-informacion\/#primaryimage"},"image":{"@id":"https:\/\/www.insuit.net\/es\/gracias-por-solicitar-informacion\/#primaryimage"},"thumbnailUrl":"https:\/\/www.insuit.net\/wp-content\/uploads\/2020\/03\/ic-analisis.svg","datePublished":"2022-08-10T15:49:22+00:00","dateModified":"2022-08-10T15:50:20+00:00","breadcrumb":{"@id":"https:\/\/www.insuit.net\/es\/gracias-por-solicitar-informacion\/#breadcrumb"},"inLanguage":"es","potentialAction":[{"@type":"ReadAction","target":["https:\/\/www.insuit.net\/es\/gracias-por-solicitar-informacion\/"]}]},{"@type":"ImageObject","inLanguage":"es","@id":"https:\/\/www.insuit.net\/es\/gracias-por-solicitar-informacion\/#primaryimage","url":"https:\/\/www.insuit.net\/wp-content\/uploads\/2020\/03\/ic-analisis.svg","contentUrl":"https:\/\/www.insuit.net\/wp-content\/uploads\/2020\/03\/ic-analisis.svg"},{"@type":"BreadcrumbList","@id":"https:\/\/www.insuit.net\/es\/gracias-por-solicitar-informacion\/#breadcrumb","itemListElement":[{"@type":"ListItem","position":1,"name":"Home","item":"https:\/\/www.insuit.net\/es\/"},{"@type":"ListItem","position":2,"name":"Gracias por solicitar informaci\u00f3n"}]},{"@type":"WebSite","@id":"https:\/\/www.insuit.net\/es\/#website","url":"https:\/\/www.insuit.net\/es\/","name":"inSuit","description":"Accesibilidad web para personas con discapacidad","potentialAction":[{"@type":"SearchAction","target":{"@type":"EntryPoint","urlTemplate":"https:\/\/www.insuit.net\/es\/?s={search_term_string}"},"query-input":{"@type":"PropertyValueSpecification","valueRequired":true,"valueName":"search_term_string"}}],"inLanguage":"es"}]}},"_links":{"self":[{"href":"https:\/\/www.insuit.net\/es\/wp-json\/wp\/v2\/pages\/7161","targetHints":{"allow":["GET"]}}],"collection":[{"href":"https:\/\/www.insuit.net\/es\/wp-json\/wp\/v2\/pages"}],"about":[{"href":"https:\/\/www.insuit.net\/es\/wp-json\/wp\/v2\/types\/page"}],"author":[{"embeddable":true,"href":"https:\/\/www.insuit.net\/es\/wp-json\/wp\/v2\/users\/4"}],"replies":[{"embeddable":true,"href":"https:\/\/www.insuit.net\/es\/wp-json\/wp\/v2\/comments?post=7161"}],"version-history":[{"count":4,"href":"https:\/\/www.insuit.net\/es\/wp-json\/wp\/v2\/pages\/7161\/revisions"}],"predecessor-version":[{"id":7165,"href":"https:\/\/www.insuit.net\/es\/wp-json\/wp\/v2\/pages\/7161\/revisions\/7165"}],"wp:attachment":[{"href":"https:\/\/www.insuit.net\/es\/wp-json\/wp\/v2\/media?parent=7161"}],"wp:term":[{"taxonomy":"post_tag","embeddable":true,"href":"https:\/\/www.insuit.net\/es\/wp-json\/wp\/v2\/tags?post=7161"}],"curies":[{"name":"wp","href":"https:\/\/api.w.org\/{rel}","templated":true}]}}