{"id":4089,"date":"2021-03-02T11:20:23","date_gmt":"2021-03-02T10:20:23","guid":{"rendered":"https:\/\/www.insuit.net\/?page_id=4089"},"modified":"2024-01-23T09:24:07","modified_gmt":"2024-01-23T08:24:07","slug":"politica-de-seguridad-de-la-informacion","status":"publish","type":"page","link":"https:\/\/www.insuit.net\/es\/politica-de-seguridad-de-la-informacion\/","title":{"rendered":"Pol\u00edtica de seguridad de la informaci\u00f3n"},"content":{"rendered":"\t\t<div data-elementor-type=\"wp-page\" data-elementor-id=\"4089\" class=\"elementor elementor-4089 elementor-9524\" data-elementor-post-type=\"page\">\n\t\t\t\t\t\t<section class=\"elementor-section elementor-top-section elementor-element elementor-element-9b1fd0e legal-content elementor-section-boxed elementor-section-height-default elementor-section-height-default\" data-id=\"9b1fd0e\" data-element_type=\"section\" data-e-type=\"section\">\n\t\t\t\t\t\t<div class=\"elementor-container elementor-column-gap-default\">\n\t\t\t\t\t<div class=\"elementor-column elementor-col-100 elementor-top-column elementor-element elementor-element-96447b5\" data-id=\"96447b5\" data-element_type=\"column\" data-e-type=\"column\">\n\t\t\t<div class=\"elementor-widget-wrap elementor-element-populated\">\n\t\t\t\t\t\t<div class=\"elementor-element elementor-element-75dfccf elementor-widget elementor-widget-heading\" data-id=\"75dfccf\" data-element_type=\"widget\" data-e-type=\"widget\" data-widget_type=\"heading.default\">\n\t\t\t\t<div class=\"elementor-widget-container\">\n\t\t\t\t\t<h1 class=\"elementor-heading-title elementor-size-default\">Pol\u00edtica de seguridad de la informaci\u00f3n<\/h1>\t\t\t\t<\/div>\n\t\t\t\t<\/div>\n\t\t\t\t<div class=\"elementor-element elementor-element-17ee95e elementor-widget elementor-widget-text-editor\" data-id=\"17ee95e\" data-element_type=\"widget\" data-e-type=\"widget\" data-widget_type=\"text-editor.default\">\n\t\t\t\t<div class=\"elementor-widget-container\">\n\t\t\t\t\t\t\t\t\t<strong>Pol\u00edtica<\/strong><strong>\u00a0ISO 27001<\/strong>\n<ul>\n \t<li><a href=\"https:\/\/www.insuit.net\/wp-content\/uploads\/2024\/01\/1669-5-Certificado-27001-Rev-2.0_firmado.pdf\" target=\"_blank\" rel=\"noopener\">Certificaci\u00f3n ISO 27001 EVERYCODE<\/a>.<\/li>\n \t<li><a href=\"https:\/\/www.insuit.net\/wp-content\/uploads\/2021\/03\/Politica_ISO_de_seguridad_de_la_informacion_EVERYCODE.pdf\" target=\"_blank\" rel=\"noopener\">Consultar pol\u00edtica EVERYCODE<\/a>.<\/li>\n \t<li><a href=\"https:\/\/ivac.es\/iso-27001\/\" target=\"_blank\" rel=\"noopener\">M\u00e1s informaci\u00f3n<\/a>.<\/li>\n<\/ul>\n<strong>Pol\u00edtica<\/strong><strong>\u00a0ENS (Esquema Nacional de Seguridad)<\/strong>\n<ul>\n \t<li><a href=\"https:\/\/www.insuit.net\/wp-content\/uploads\/2023\/03\/ENS.1669-2R-certificado_ENS_firmado.pdf\" target=\"_blank\" rel=\"noopener\">Certificaci\u00f3n ENS EVERYCODE<\/a>.<\/li>\n \t<li><a href=\"https:\/\/www.insuit.net\/wp-content\/uploads\/2021\/03\/Politica_ENS_de_seguridad_de_la_informacion_EVERYCODE.pdf\" target=\"_blank\" rel=\"noopener\">Consultar pol\u00edtica EVERYCODE<\/a>.<\/li>\n \t<li><a href=\"https:\/\/administracionelectronica.gob.es\/pae_Home\/pae_Estrategias\/pae_Seguridad_Inicio\/pae_Esquema_Nacional_de_Seguridad.html\" target=\"_blank\" rel=\"noopener\">M\u00e1s informaci\u00f3n<\/a>.<\/li>\n<\/ul>\t\t\t\t\t\t\t\t<\/div>\n\t\t\t\t<\/div>\n\t\t\t\t\t<\/div>\n\t\t<\/div>\n\t\t\t\t\t<\/div>\n\t\t<\/section>\n\t\t\t\t<\/div>\n\t\t","protected":false},"excerpt":{"rendered":"<p>Pol\u00edtica de seguridad de la informaci\u00f3n Pol\u00edtica\u00a0ISO 27001 Certificaci\u00f3n ISO 27001 EVERYCODE. Consultar pol\u00edtica EVERYCODE. M\u00e1s informaci\u00f3n. Pol\u00edtica\u00a0ENS (Esquema Nacional de Seguridad) Certificaci\u00f3n ENS EVERYCODE. Consultar pol\u00edtica EVERYCODE. M\u00e1s informaci\u00f3n.<\/p>\n","protected":false},"author":4,"featured_media":0,"parent":0,"menu_order":0,"comment_status":"closed","ping_status":"closed","template":"","meta":{"_acf_changed":false,"footnotes":""},"tags":[],"class_list":["post-4089","page","type-page","status-publish","hentry"],"acf":[],"yoast_head":"<!-- This site is optimized with the Yoast SEO Premium plugin v26.1 (Yoast SEO v27.3) - https:\/\/yoast.com\/product\/yoast-seo-premium-wordpress\/ -->\n<title>Pol\u00edtica de seguridad de la informaci\u00f3n - inSuit<\/title>\n<meta name=\"robots\" content=\"noindex, follow\" \/>\n<meta property=\"og:locale\" content=\"es_ES\" \/>\n<meta property=\"og:type\" content=\"article\" \/>\n<meta property=\"og:title\" content=\"Pol\u00edtica de seguridad de la informaci\u00f3n\" \/>\n<meta property=\"og:description\" content=\"Pol\u00edtica de seguridad de la informaci\u00f3n Pol\u00edtica\u00a0ISO 27001 Certificaci\u00f3n ISO 27001 EVERYCODE. Consultar pol\u00edtica EVERYCODE. M\u00e1s informaci\u00f3n. Pol\u00edtica\u00a0ENS (Esquema Nacional de Seguridad) Certificaci\u00f3n ENS EVERYCODE. Consultar pol\u00edtica EVERYCODE. M\u00e1s informaci\u00f3n.\" \/>\n<meta property=\"og:url\" content=\"https:\/\/www.insuit.net\/es\/politica-de-seguridad-de-la-informacion\/\" \/>\n<meta property=\"og:site_name\" content=\"inSuit\" \/>\n<meta property=\"article:modified_time\" content=\"2024-01-23T08:24:07+00:00\" \/>\n<meta name=\"twitter:card\" content=\"summary_large_image\" \/>\n<meta name=\"twitter:label1\" content=\"Tiempo de lectura\" \/>\n\t<meta name=\"twitter:data1\" content=\"1 minuto\" \/>\n<script type=\"application\/ld+json\" class=\"yoast-schema-graph\">{\"@context\":\"https:\\\/\\\/schema.org\",\"@graph\":[{\"@type\":\"WebPage\",\"@id\":\"https:\\\/\\\/www.insuit.net\\\/es\\\/politica-de-seguridad-de-la-informacion\\\/\",\"url\":\"https:\\\/\\\/www.insuit.net\\\/es\\\/politica-de-seguridad-de-la-informacion\\\/\",\"name\":\"Pol\u00edtica de seguridad de la informaci\u00f3n - inSuit\",\"isPartOf\":{\"@id\":\"https:\\\/\\\/www.insuit.net\\\/es\\\/#website\"},\"datePublished\":\"2021-03-02T10:20:23+00:00\",\"dateModified\":\"2024-01-23T08:24:07+00:00\",\"breadcrumb\":{\"@id\":\"https:\\\/\\\/www.insuit.net\\\/es\\\/politica-de-seguridad-de-la-informacion\\\/#breadcrumb\"},\"inLanguage\":\"es\",\"potentialAction\":[{\"@type\":\"ReadAction\",\"target\":[\"https:\\\/\\\/www.insuit.net\\\/es\\\/politica-de-seguridad-de-la-informacion\\\/\"]}]},{\"@type\":\"BreadcrumbList\",\"@id\":\"https:\\\/\\\/www.insuit.net\\\/es\\\/politica-de-seguridad-de-la-informacion\\\/#breadcrumb\",\"itemListElement\":[{\"@type\":\"ListItem\",\"position\":1,\"name\":\"Home\",\"item\":\"https:\\\/\\\/www.insuit.net\\\/es\\\/\"},{\"@type\":\"ListItem\",\"position\":2,\"name\":\"Pol\u00edtica de seguridad de la informaci\u00f3n\"}]},{\"@type\":\"WebSite\",\"@id\":\"https:\\\/\\\/www.insuit.net\\\/es\\\/#website\",\"url\":\"https:\\\/\\\/www.insuit.net\\\/es\\\/\",\"name\":\"inSuit\",\"description\":\"Accesibilidad web para personas con discapacidad\",\"potentialAction\":[{\"@type\":\"SearchAction\",\"target\":{\"@type\":\"EntryPoint\",\"urlTemplate\":\"https:\\\/\\\/www.insuit.net\\\/es\\\/?s={search_term_string}\"},\"query-input\":{\"@type\":\"PropertyValueSpecification\",\"valueRequired\":true,\"valueName\":\"search_term_string\"}}],\"inLanguage\":\"es\"}]}<\/script>\n<!-- \/ Yoast SEO Premium plugin. -->","yoast_head_json":{"title":"Pol\u00edtica de seguridad de la informaci\u00f3n - inSuit","robots":{"index":"noindex","follow":"follow"},"og_locale":"es_ES","og_type":"article","og_title":"Pol\u00edtica de seguridad de la informaci\u00f3n","og_description":"Pol\u00edtica de seguridad de la informaci\u00f3n Pol\u00edtica\u00a0ISO 27001 Certificaci\u00f3n ISO 27001 EVERYCODE. Consultar pol\u00edtica EVERYCODE. M\u00e1s informaci\u00f3n. Pol\u00edtica\u00a0ENS (Esquema Nacional de Seguridad) Certificaci\u00f3n ENS EVERYCODE. Consultar pol\u00edtica EVERYCODE. M\u00e1s informaci\u00f3n.","og_url":"https:\/\/www.insuit.net\/es\/politica-de-seguridad-de-la-informacion\/","og_site_name":"inSuit","article_modified_time":"2024-01-23T08:24:07+00:00","twitter_card":"summary_large_image","twitter_misc":{"Tiempo de lectura":"1 minuto"},"schema":{"@context":"https:\/\/schema.org","@graph":[{"@type":"WebPage","@id":"https:\/\/www.insuit.net\/es\/politica-de-seguridad-de-la-informacion\/","url":"https:\/\/www.insuit.net\/es\/politica-de-seguridad-de-la-informacion\/","name":"Pol\u00edtica de seguridad de la informaci\u00f3n - inSuit","isPartOf":{"@id":"https:\/\/www.insuit.net\/es\/#website"},"datePublished":"2021-03-02T10:20:23+00:00","dateModified":"2024-01-23T08:24:07+00:00","breadcrumb":{"@id":"https:\/\/www.insuit.net\/es\/politica-de-seguridad-de-la-informacion\/#breadcrumb"},"inLanguage":"es","potentialAction":[{"@type":"ReadAction","target":["https:\/\/www.insuit.net\/es\/politica-de-seguridad-de-la-informacion\/"]}]},{"@type":"BreadcrumbList","@id":"https:\/\/www.insuit.net\/es\/politica-de-seguridad-de-la-informacion\/#breadcrumb","itemListElement":[{"@type":"ListItem","position":1,"name":"Home","item":"https:\/\/www.insuit.net\/es\/"},{"@type":"ListItem","position":2,"name":"Pol\u00edtica de seguridad de la informaci\u00f3n"}]},{"@type":"WebSite","@id":"https:\/\/www.insuit.net\/es\/#website","url":"https:\/\/www.insuit.net\/es\/","name":"inSuit","description":"Accesibilidad web para personas con discapacidad","potentialAction":[{"@type":"SearchAction","target":{"@type":"EntryPoint","urlTemplate":"https:\/\/www.insuit.net\/es\/?s={search_term_string}"},"query-input":{"@type":"PropertyValueSpecification","valueRequired":true,"valueName":"search_term_string"}}],"inLanguage":"es"}]}},"_links":{"self":[{"href":"https:\/\/www.insuit.net\/es\/wp-json\/wp\/v2\/pages\/4089","targetHints":{"allow":["GET"]}}],"collection":[{"href":"https:\/\/www.insuit.net\/es\/wp-json\/wp\/v2\/pages"}],"about":[{"href":"https:\/\/www.insuit.net\/es\/wp-json\/wp\/v2\/types\/page"}],"author":[{"embeddable":true,"href":"https:\/\/www.insuit.net\/es\/wp-json\/wp\/v2\/users\/4"}],"replies":[{"embeddable":true,"href":"https:\/\/www.insuit.net\/es\/wp-json\/wp\/v2\/comments?post=4089"}],"version-history":[{"count":14,"href":"https:\/\/www.insuit.net\/es\/wp-json\/wp\/v2\/pages\/4089\/revisions"}],"predecessor-version":[{"id":11481,"href":"https:\/\/www.insuit.net\/es\/wp-json\/wp\/v2\/pages\/4089\/revisions\/11481"}],"wp:attachment":[{"href":"https:\/\/www.insuit.net\/es\/wp-json\/wp\/v2\/media?parent=4089"}],"wp:term":[{"taxonomy":"post_tag","embeddable":true,"href":"https:\/\/www.insuit.net\/es\/wp-json\/wp\/v2\/tags?post=4089"}],"curies":[{"name":"wp","href":"https:\/\/api.w.org\/{rel}","templated":true}]}}