{"id":2279,"date":"2020-04-01T17:06:55","date_gmt":"2020-04-01T17:06:55","guid":{"rendered":"https:\/\/www.insuit.net\/?page_id=2279"},"modified":"2020-08-02T09:59:37","modified_gmt":"2020-08-02T09:59:37","slug":"descarga-el-caso-de-exito-region-de-murcia","status":"publish","type":"page","link":"https:\/\/www.insuit.net\/es\/descarga-el-caso-de-exito-region-de-murcia\/","title":{"rendered":"Descarga el caso de \u00e9xito Regi\u00f3n de Murcia"},"content":{"rendered":"\t\t<div data-elementor-type=\"wp-page\" data-elementor-id=\"2279\" class=\"elementor elementor-2279\" data-elementor-post-type=\"page\">\n\t\t\t\t\t\t<section class=\"elementor-section elementor-top-section elementor-element elementor-element-2b0776a elementor-section-boxed elementor-section-height-default elementor-section-height-default\" data-id=\"2b0776a\" data-element_type=\"section\" data-e-type=\"section\">\n\t\t\t\t\t\t<div class=\"elementor-container elementor-column-gap-default\">\n\t\t\t\t\t<div class=\"elementor-column elementor-col-50 elementor-top-column elementor-element elementor-element-5697d2c\" data-id=\"5697d2c\" data-element_type=\"column\" data-e-type=\"column\">\n\t\t\t<div class=\"elementor-widget-wrap elementor-element-populated\">\n\t\t\t\t<style>\n                .elementor-element-31fd482 img { \n                    width: 200px !important; \n                    height: auto !important; \n                }\n            <\/style>\t\t<div class=\"elementor-element elementor-element-31fd482 elementor-widget elementor-widget-image\" data-id=\"31fd482\" data-element_type=\"widget\" data-e-type=\"widget\" data-widget_type=\"image.default\">\n\t\t\t\t<div class=\"elementor-widget-container\">\n\t\t\t\t\t\t\t\t\t\t\t\t\t\t\t<img decoding=\"async\" src=\"https:\/\/www.insuit.net\/wp-content\/uploads\/elementor\/thumbs\/AVATAR-MURCIA-opgxvk7s5j401n7vgah2kqubc9i6oc7uxoqxdf221c.png\" title=\"AVATAR-MURCIA\" alt=\"AVATAR-MURCIA\" loading=\"lazy\" \/>\t\t\t\t\t\t\t\t\t\t\t\t\t\t\t<\/div>\n\t\t\t\t<\/div>\n\t\t\t\t\t<\/div>\n\t\t<\/div>\n\t\t\t\t<div class=\"elementor-column elementor-col-50 elementor-top-column elementor-element elementor-element-7210da1\" data-id=\"7210da1\" data-element_type=\"column\" data-e-type=\"column\">\n\t\t\t<div class=\"elementor-widget-wrap elementor-element-populated\">\n\t\t\t\t\t\t<div class=\"elementor-element elementor-element-f9dfd41 elementor-widget elementor-widget-heading\" data-id=\"f9dfd41\" data-element_type=\"widget\" data-e-type=\"widget\" data-widget_type=\"heading.default\">\n\t\t\t\t<div class=\"elementor-widget-container\">\n\t\t\t\t\t<h1 class=\"elementor-heading-title elementor-size-default\">Aqu\u00ed tienes tu caso de \u00e9xito<\/h1>\t\t\t\t<\/div>\n\t\t\t\t<\/div>\n\t\t\t\t<div class=\"elementor-element elementor-element-874e84c elementor-widget elementor-widget-text-editor\" data-id=\"874e84c\" data-element_type=\"widget\" data-e-type=\"widget\" data-widget_type=\"text-editor.default\">\n\t\t\t\t<div class=\"elementor-widget-container\">\n\t\t\t\t\t\t\t\t\t<p>Muchas gracias por descargar el\u00a0<strong>caso de \u00e9xito de la Regi\u00f3n de Murcia.<\/strong><\/p>\t\t\t\t\t\t\t\t<\/div>\n\t\t\t\t<\/div>\n\t\t\t\t<div class=\"elementor-element elementor-element-c6774d4 elementor-widget elementor-widget-text-editor\" data-id=\"c6774d4\" data-element_type=\"widget\" data-e-type=\"widget\" data-widget_type=\"text-editor.default\">\n\t\t\t\t<div class=\"elementor-widget-container\">\n\t\t\t\t\t\t\t\t\t<a class=\"round-button\" href=\"\/wp-content\/uploads\/2020\/04\/Caso-de-\u00e9xito-inSuit-Gobierno-de-la-Regi\u00f3n-de-Murcia.pdf\" target=\"_blank\" rel=\"noopener\">DESCARGAR CASO DE \u00c9XITO<\/a>\t\t\t\t\t\t\t\t<\/div>\n\t\t\t\t<\/div>\n\t\t\t\t\t<\/div>\n\t\t<\/div>\n\t\t\t\t\t<\/div>\n\t\t<\/section>\n\t\t\t\t<section class=\"elementor-section elementor-top-section elementor-element elementor-element-2f87d84 elementor-section-full_width elementor-section-height-default elementor-section-height-default\" data-id=\"2f87d84\" data-element_type=\"section\" data-e-type=\"section\">\n\t\t\t\t\t\t<div class=\"elementor-container elementor-column-gap-no\">\n\t\t\t\t\t<div class=\"elementor-column elementor-col-100 elementor-top-column elementor-element elementor-element-9744d6f\" data-id=\"9744d6f\" data-element_type=\"column\" data-e-type=\"column\">\n\t\t\t<div class=\"elementor-widget-wrap elementor-element-populated\">\n\t\t\t\t\t\t<div class=\"elementor-element elementor-element-79056b8 elementor-widget elementor-widget-shortcode\" data-id=\"79056b8\" data-element_type=\"widget\" data-e-type=\"widget\" data-widget_type=\"shortcode.default\">\n\t\t\t\t<div class=\"elementor-widget-container\">\n\t\t\t\t\t\t\t<div class=\"elementor-shortcode\">\n\t<div class=\"franja-ultimos-blog\"><h2>Sigue aprendiendo en nuestro blog<\/h2><div class=\"content blog-content\">\n        <div class=\"post\">\n            <a href=\"https:\/\/www.insuit.net\/es\/desarrollo-sitios-web-accesibles\/\"><div class=\"post-image-container\" style=\"background-image:url(https:\/\/www.insuit.net\/wp-content\/uploads\/2026\/03\/desarrollo-sitios-web-accesibles.webp);\">\n\t            <img decoding=\"async\" src=\"\/wp-content\/uploads\/2020\/04\/blog-placeholder.png\">\n\t        <\/div><\/a>\n\t        <div class=\"post-title\"><h2>Pasos para llevar a cabo el desarrollo de sitios web accesibles<\/h2><\/div>\n\t        <div class=\"post-date\">23 de marzo de 2026<\/div>\n\t        <div class=\"post-read-more\"><a href=\"https:\/\/www.insuit.net\/es\/desarrollo-sitios-web-accesibles\/\">Leer m\u00e1s <i class=\"fa fa-chevron-right\"><\/i><\/a><\/div>\n        <\/div>\n        \n        <div class=\"post\">\n            <a href=\"https:\/\/www.insuit.net\/es\/que-es-auditoria-accesibilidad-web\/\"><div class=\"post-image-container\" style=\"background-image:url(https:\/\/www.insuit.net\/wp-content\/uploads\/2026\/03\/que-es-auditoria-accesibilidad-web.webp);\">\n\t            <img decoding=\"async\" src=\"\/wp-content\/uploads\/2020\/04\/blog-placeholder.png\">\n\t        <\/div><\/a>\n\t        <div class=\"post-title\"><h2>\u00bfQu\u00e9 es una auditor\u00eda de accesibilidad web y c\u00f3mo realizarla?<\/h2><\/div>\n\t        <div class=\"post-date\">6 de marzo de 2026<\/div>\n\t        <div class=\"post-read-more\"><a href=\"https:\/\/www.insuit.net\/es\/que-es-auditoria-accesibilidad-web\/\">Leer m\u00e1s <i class=\"fa fa-chevron-right\"><\/i><\/a><\/div>\n        <\/div>\n        \n        <div class=\"post\">\n            <a href=\"https:\/\/www.insuit.net\/es\/informe-observatorio-accesibilidad-web-2025\/\"><div class=\"post-image-container\" style=\"background-image:url(https:\/\/www.insuit.net\/wp-content\/uploads\/2026\/03\/informe-observatorio-accesibilid.webp);\">\n\t            <img decoding=\"async\" src=\"\/wp-content\/uploads\/2020\/04\/blog-placeholder.png\">\n\t        <\/div><\/a>\n\t        <div class=\"post-title\"><h2>El 99% de las AAPP no cumple el RD 1112\/2018 en accesibilidad web seg\u00fan el OAW<\/h2><\/div>\n\t        <div class=\"post-date\">26 de febrero de 2026<\/div>\n\t        <div class=\"post-read-more\"><a href=\"https:\/\/www.insuit.net\/es\/informe-observatorio-accesibilidad-web-2025\/\">Leer m\u00e1s <i class=\"fa fa-chevron-right\"><\/i><\/a><\/div>\n        <\/div>\n        \n\t<\/div>\n\t\t<a href=\"\/es\/blog\" class=\"round-button\">Ver m\u00e1s noticias<\/a>\n\t<\/div>\n\t<\/div>\n\t\t\t\t\t\t<\/div>\n\t\t\t\t<\/div>\n\t\t\t\t\t<\/div>\n\t\t<\/div>\n\t\t\t\t\t<\/div>\n\t\t<\/section>\n\t\t\t\t<\/div>\n\t\t","protected":false},"excerpt":{"rendered":"<p>Aqu\u00ed tienes tu caso de \u00e9xito Muchas gracias por descargar el&nbsp;caso de \u00e9xito de la Regi\u00f3n de Murcia. DESCARGAR CASO DE \u00c9XITO<\/p>\n","protected":false},"author":4,"featured_media":0,"parent":0,"menu_order":0,"comment_status":"closed","ping_status":"closed","template":"","meta":{"_acf_changed":false,"footnotes":""},"tags":[],"class_list":["post-2279","page","type-page","status-publish","hentry"],"acf":[],"yoast_head":"<!-- This site is optimized with the Yoast SEO Premium plugin v26.1 (Yoast SEO v27.2) - https:\/\/yoast.com\/product\/yoast-seo-premium-wordpress\/ -->\n<title>Descarga el caso de \u00e9xito Regi\u00f3n de Murcia - inSuit<\/title>\n<meta name=\"robots\" content=\"noindex, nofollow\" \/>\n<meta property=\"og:locale\" content=\"es_ES\" \/>\n<meta property=\"og:type\" content=\"article\" \/>\n<meta property=\"og:title\" content=\"Descarga el caso de \u00e9xito Regi\u00f3n de Murcia\" \/>\n<meta property=\"og:description\" content=\"Aqu\u00ed tienes tu caso de \u00e9xito Muchas gracias por descargar el&nbsp;caso de \u00e9xito de la Regi\u00f3n de Murcia. DESCARGAR CASO DE \u00c9XITO\" \/>\n<meta property=\"og:url\" content=\"https:\/\/www.insuit.net\/es\/descarga-el-caso-de-exito-region-de-murcia\/\" \/>\n<meta property=\"og:site_name\" content=\"inSuit\" \/>\n<meta property=\"article:modified_time\" content=\"2020-08-02T09:59:37+00:00\" \/>\n<meta property=\"og:image\" content=\"https:\/\/www.insuit.net\/wp-content\/uploads\/elementor\/thumbs\/AVATAR-MURCIA-olryaco28uk6c9ve561j4z74sajcs8x88i4h6qvnbk.png\" \/>\n<meta name=\"twitter:card\" content=\"summary_large_image\" \/>\n<script type=\"application\/ld+json\" class=\"yoast-schema-graph\">{\"@context\":\"https:\/\/schema.org\",\"@graph\":[{\"@type\":\"WebPage\",\"@id\":\"https:\/\/www.insuit.net\/es\/descarga-el-caso-de-exito-region-de-murcia\/\",\"url\":\"https:\/\/www.insuit.net\/es\/descarga-el-caso-de-exito-region-de-murcia\/\",\"name\":\"Descarga el caso de \u00e9xito Regi\u00f3n de Murcia - inSuit\",\"isPartOf\":{\"@id\":\"https:\/\/www.insuit.net\/es\/#website\"},\"primaryImageOfPage\":{\"@id\":\"https:\/\/www.insuit.net\/es\/descarga-el-caso-de-exito-region-de-murcia\/#primaryimage\"},\"image\":{\"@id\":\"https:\/\/www.insuit.net\/es\/descarga-el-caso-de-exito-region-de-murcia\/#primaryimage\"},\"thumbnailUrl\":\"https:\/\/www.insuit.net\/wp-content\/uploads\/elementor\/thumbs\/AVATAR-MURCIA-olryaco28uk6c9ve561j4z74sajcs8x88i4h6qvnbk.png\",\"datePublished\":\"2020-04-01T17:06:55+00:00\",\"dateModified\":\"2020-08-02T09:59:37+00:00\",\"breadcrumb\":{\"@id\":\"https:\/\/www.insuit.net\/es\/descarga-el-caso-de-exito-region-de-murcia\/#breadcrumb\"},\"inLanguage\":\"es\",\"potentialAction\":[{\"@type\":\"ReadAction\",\"target\":[\"https:\/\/www.insuit.net\/es\/descarga-el-caso-de-exito-region-de-murcia\/\"]}]},{\"@type\":\"ImageObject\",\"inLanguage\":\"es\",\"@id\":\"https:\/\/www.insuit.net\/es\/descarga-el-caso-de-exito-region-de-murcia\/#primaryimage\",\"url\":\"https:\/\/www.insuit.net\/wp-content\/uploads\/elementor\/thumbs\/AVATAR-MURCIA-olryaco28uk6c9ve561j4z74sajcs8x88i4h6qvnbk.png\",\"contentUrl\":\"https:\/\/www.insuit.net\/wp-content\/uploads\/elementor\/thumbs\/AVATAR-MURCIA-olryaco28uk6c9ve561j4z74sajcs8x88i4h6qvnbk.png\"},{\"@type\":\"BreadcrumbList\",\"@id\":\"https:\/\/www.insuit.net\/es\/descarga-el-caso-de-exito-region-de-murcia\/#breadcrumb\",\"itemListElement\":[{\"@type\":\"ListItem\",\"position\":1,\"name\":\"Home\",\"item\":\"https:\/\/www.insuit.net\/es\/\"},{\"@type\":\"ListItem\",\"position\":2,\"name\":\"Descarga el caso de \u00e9xito Regi\u00f3n de Murcia\"}]},{\"@type\":\"WebSite\",\"@id\":\"https:\/\/www.insuit.net\/es\/#website\",\"url\":\"https:\/\/www.insuit.net\/es\/\",\"name\":\"inSuit\",\"description\":\"Accesibilidad web para personas con discapacidad\",\"potentialAction\":[{\"@type\":\"SearchAction\",\"target\":{\"@type\":\"EntryPoint\",\"urlTemplate\":\"https:\/\/www.insuit.net\/es\/?s={search_term_string}\"},\"query-input\":{\"@type\":\"PropertyValueSpecification\",\"valueRequired\":true,\"valueName\":\"search_term_string\"}}],\"inLanguage\":\"es\"}]}<\/script>\n<!-- \/ Yoast SEO Premium plugin. -->","yoast_head_json":{"title":"Descarga el caso de \u00e9xito Regi\u00f3n de Murcia - inSuit","robots":{"index":"noindex","follow":"nofollow"},"og_locale":"es_ES","og_type":"article","og_title":"Descarga el caso de \u00e9xito Regi\u00f3n de Murcia","og_description":"Aqu\u00ed tienes tu caso de \u00e9xito Muchas gracias por descargar el&nbsp;caso de \u00e9xito de la Regi\u00f3n de Murcia. DESCARGAR CASO DE \u00c9XITO","og_url":"https:\/\/www.insuit.net\/es\/descarga-el-caso-de-exito-region-de-murcia\/","og_site_name":"inSuit","article_modified_time":"2020-08-02T09:59:37+00:00","og_image":[{"url":"https:\/\/www.insuit.net\/wp-content\/uploads\/elementor\/thumbs\/AVATAR-MURCIA-olryaco28uk6c9ve561j4z74sajcs8x88i4h6qvnbk.png","type":"","width":"","height":""}],"twitter_card":"summary_large_image","schema":{"@context":"https:\/\/schema.org","@graph":[{"@type":"WebPage","@id":"https:\/\/www.insuit.net\/es\/descarga-el-caso-de-exito-region-de-murcia\/","url":"https:\/\/www.insuit.net\/es\/descarga-el-caso-de-exito-region-de-murcia\/","name":"Descarga el caso de \u00e9xito Regi\u00f3n de Murcia - inSuit","isPartOf":{"@id":"https:\/\/www.insuit.net\/es\/#website"},"primaryImageOfPage":{"@id":"https:\/\/www.insuit.net\/es\/descarga-el-caso-de-exito-region-de-murcia\/#primaryimage"},"image":{"@id":"https:\/\/www.insuit.net\/es\/descarga-el-caso-de-exito-region-de-murcia\/#primaryimage"},"thumbnailUrl":"https:\/\/www.insuit.net\/wp-content\/uploads\/elementor\/thumbs\/AVATAR-MURCIA-olryaco28uk6c9ve561j4z74sajcs8x88i4h6qvnbk.png","datePublished":"2020-04-01T17:06:55+00:00","dateModified":"2020-08-02T09:59:37+00:00","breadcrumb":{"@id":"https:\/\/www.insuit.net\/es\/descarga-el-caso-de-exito-region-de-murcia\/#breadcrumb"},"inLanguage":"es","potentialAction":[{"@type":"ReadAction","target":["https:\/\/www.insuit.net\/es\/descarga-el-caso-de-exito-region-de-murcia\/"]}]},{"@type":"ImageObject","inLanguage":"es","@id":"https:\/\/www.insuit.net\/es\/descarga-el-caso-de-exito-region-de-murcia\/#primaryimage","url":"https:\/\/www.insuit.net\/wp-content\/uploads\/elementor\/thumbs\/AVATAR-MURCIA-olryaco28uk6c9ve561j4z74sajcs8x88i4h6qvnbk.png","contentUrl":"https:\/\/www.insuit.net\/wp-content\/uploads\/elementor\/thumbs\/AVATAR-MURCIA-olryaco28uk6c9ve561j4z74sajcs8x88i4h6qvnbk.png"},{"@type":"BreadcrumbList","@id":"https:\/\/www.insuit.net\/es\/descarga-el-caso-de-exito-region-de-murcia\/#breadcrumb","itemListElement":[{"@type":"ListItem","position":1,"name":"Home","item":"https:\/\/www.insuit.net\/es\/"},{"@type":"ListItem","position":2,"name":"Descarga el caso de \u00e9xito Regi\u00f3n de Murcia"}]},{"@type":"WebSite","@id":"https:\/\/www.insuit.net\/es\/#website","url":"https:\/\/www.insuit.net\/es\/","name":"inSuit","description":"Accesibilidad web para personas con discapacidad","potentialAction":[{"@type":"SearchAction","target":{"@type":"EntryPoint","urlTemplate":"https:\/\/www.insuit.net\/es\/?s={search_term_string}"},"query-input":{"@type":"PropertyValueSpecification","valueRequired":true,"valueName":"search_term_string"}}],"inLanguage":"es"}]}},"_links":{"self":[{"href":"https:\/\/www.insuit.net\/es\/wp-json\/wp\/v2\/pages\/2279","targetHints":{"allow":["GET"]}}],"collection":[{"href":"https:\/\/www.insuit.net\/es\/wp-json\/wp\/v2\/pages"}],"about":[{"href":"https:\/\/www.insuit.net\/es\/wp-json\/wp\/v2\/types\/page"}],"author":[{"embeddable":true,"href":"https:\/\/www.insuit.net\/es\/wp-json\/wp\/v2\/users\/4"}],"replies":[{"embeddable":true,"href":"https:\/\/www.insuit.net\/es\/wp-json\/wp\/v2\/comments?post=2279"}],"version-history":[{"count":5,"href":"https:\/\/www.insuit.net\/es\/wp-json\/wp\/v2\/pages\/2279\/revisions"}],"predecessor-version":[{"id":2626,"href":"https:\/\/www.insuit.net\/es\/wp-json\/wp\/v2\/pages\/2279\/revisions\/2626"}],"wp:attachment":[{"href":"https:\/\/www.insuit.net\/es\/wp-json\/wp\/v2\/media?parent=2279"}],"wp:term":[{"taxonomy":"post_tag","embeddable":true,"href":"https:\/\/www.insuit.net\/es\/wp-json\/wp\/v2\/tags?post=2279"}],"curies":[{"name":"wp","href":"https:\/\/api.w.org\/{rel}","templated":true}]}}