{"id":14620,"date":"2025-02-25T14:14:08","date_gmt":"2025-02-25T13:14:08","guid":{"rendered":"https:\/\/www.insuit.net\/?page_id=14620"},"modified":"2025-10-02T16:19:37","modified_gmt":"2025-10-02T14:19:37","slug":"gracias-descarga-guia-eaa","status":"publish","type":"page","link":"https:\/\/www.insuit.net\/es\/gracias-descarga-guia-eaa\/","title":{"rendered":"Gracias por descargar la gu\u00eda de la EAA"},"content":{"rendered":"\t\t<div data-elementor-type=\"wp-page\" data-elementor-id=\"14620\" class=\"elementor elementor-14620 elementor-16486\" data-elementor-post-type=\"page\">\n\t\t\t\t\t\t<section class=\"elementor-section elementor-top-section elementor-element elementor-element-2b0776a elementor-section-boxed elementor-section-height-default elementor-section-height-default\" data-id=\"2b0776a\" data-element_type=\"section\" data-e-type=\"section\">\n\t\t\t\t\t\t<div class=\"elementor-container elementor-column-gap-default\">\n\t\t\t\t\t<div class=\"elementor-column elementor-col-50 elementor-top-column elementor-element elementor-element-5697d2c\" data-id=\"5697d2c\" data-element_type=\"column\" data-e-type=\"column\">\n\t\t\t<div class=\"elementor-widget-wrap elementor-element-populated\">\n\t\t\t\t<style>\n                .elementor-element-31fd482 img { \n                    width: 350px !important; \n                    height: auto !important; \n                }\n            <\/style>\t\t<div class=\"elementor-element elementor-element-31fd482 elementor-widget elementor-widget-image\" data-id=\"31fd482\" data-element_type=\"widget\" data-e-type=\"widget\" data-widget_type=\"image.default\">\n\t\t\t\t<div class=\"elementor-widget-container\">\n\t\t\t\t\t\t\t\t\t\t\t\t\t\t\t<img decoding=\"async\" src=\"https:\/\/www.insuit.net\/wp-content\/uploads\/elementor\/thumbs\/portada-guia-eaa-r20zrwq4otbqebni40mutq2pv10cs1yx92cdcvj6ay.jpg\" title=\"portada-guia-eaa\" alt=\"portada-guia-eaa\" loading=\"lazy\" \/>\t\t\t\t\t\t\t\t\t\t\t\t\t\t\t<\/div>\n\t\t\t\t<\/div>\n\t\t\t\t\t<\/div>\n\t\t<\/div>\n\t\t\t\t<div class=\"elementor-column elementor-col-50 elementor-top-column elementor-element elementor-element-7210da1\" data-id=\"7210da1\" data-element_type=\"column\" data-e-type=\"column\">\n\t\t\t<div class=\"elementor-widget-wrap elementor-element-populated\">\n\t\t\t\t\t\t<div class=\"elementor-element elementor-element-f9dfd41 elementor-widget elementor-widget-heading\" data-id=\"f9dfd41\" data-element_type=\"widget\" data-e-type=\"widget\" data-widget_type=\"heading.default\">\n\t\t\t\t<div class=\"elementor-widget-container\">\n\t\t\t\t\t<h1 class=\"elementor-heading-title elementor-size-default\">Aqu\u00ed tienes tu gu\u00eda de la European Accessibility Act (EAA)<\/h1>\t\t\t\t<\/div>\n\t\t\t\t<\/div>\n\t\t\t\t<div class=\"elementor-element elementor-element-874e84c elementor-widget elementor-widget-text-editor\" data-id=\"874e84c\" data-element_type=\"widget\" data-e-type=\"widget\" data-widget_type=\"text-editor.default\">\n\t\t\t\t<div class=\"elementor-widget-container\">\n\t\t\t\t\t\t\t\t\t<p>Muchas gracias por descargarla, si tienes alguna consulta puedes <a href=\"https:\/\/www.insuit.net\/es\/contacto\/\" target=\"_blank\" rel=\"noopener\">contactar con nosotros<\/a>.<\/p>\t\t\t\t\t\t\t\t<\/div>\n\t\t\t\t<\/div>\n\t\t\t\t<div class=\"elementor-element elementor-element-c6774d4 elementor-widget elementor-widget-text-editor\" data-id=\"c6774d4\" data-element_type=\"widget\" data-e-type=\"widget\" data-widget_type=\"text-editor.default\">\n\t\t\t\t<div class=\"elementor-widget-container\">\n\t\t\t\t\t\t\t\t\t<a class=\"round-button\" href=\"\/wp-content\/uploads\/2025\/04\/GUIA-DE-LA-EUROPEAN-ACCESSIBILITY-ACT-EAA-ES.pdf\" target=\"_blank\" rel=\"noopener\">DESCARGAR<\/a>\t\t\t\t\t\t\t\t<\/div>\n\t\t\t\t<\/div>\n\t\t\t\t\t<\/div>\n\t\t<\/div>\n\t\t\t\t\t<\/div>\n\t\t<\/section>\n\t\t\t\t<section class=\"elementor-section elementor-top-section elementor-element elementor-element-2f87d84 elementor-section-full_width elementor-section-height-default elementor-section-height-default\" data-id=\"2f87d84\" data-element_type=\"section\" data-e-type=\"section\">\n\t\t\t\t\t\t<div class=\"elementor-container elementor-column-gap-no\">\n\t\t\t\t\t<div class=\"elementor-column elementor-col-100 elementor-top-column elementor-element elementor-element-9744d6f\" data-id=\"9744d6f\" data-element_type=\"column\" data-e-type=\"column\">\n\t\t\t<div class=\"elementor-widget-wrap elementor-element-populated\">\n\t\t\t\t\t\t<div class=\"elementor-element elementor-element-79056b8 elementor-widget elementor-widget-shortcode\" data-id=\"79056b8\" data-element_type=\"widget\" data-e-type=\"widget\" data-widget_type=\"shortcode.default\">\n\t\t\t\t<div class=\"elementor-widget-container\">\n\t\t\t\t\t\t\t<div class=\"elementor-shortcode\">\n\t<div class=\"franja-ultimos-blog\"><h2>Sigue aprendiendo en nuestro blog<\/h2><div class=\"content blog-content\">\n        <div class=\"post\">\n            <a href=\"https:\/\/www.insuit.net\/es\/inclusion-financiera-latam\/\"><div class=\"post-image-container\" style=\"background-image:url(https:\/\/www.insuit.net\/wp-content\/uploads\/2026\/04\/inclusion-financiera-latam.webp);\">\n\t            <img decoding=\"async\" src=\"\/wp-content\/uploads\/2020\/04\/blog-placeholder.png\">\n\t        <\/div><\/a>\n\t        <div class=\"post-title\"><h2>Descubre los beneficios de las estrategias de inclusi\u00f3n financiera en LATAM<\/h2><\/div>\n\t        <div class=\"post-date\">24 de abril de 2026<\/div>\n\t        <div class=\"post-read-more\"><a href=\"https:\/\/www.insuit.net\/es\/inclusion-financiera-latam\/\">Leer m\u00e1s <i class=\"fa fa-chevron-right\"><\/i><\/a><\/div>\n        <\/div>\n        \n        <div class=\"post\">\n            <a href=\"https:\/\/www.insuit.net\/es\/monitoreo-accesibilidad-sitio-web\/\"><div class=\"post-image-container\" style=\"background-image:url(https:\/\/www.insuit.net\/wp-content\/uploads\/2026\/04\/monitoreo-accesibilidad-sitio-web.webp);\">\n\t            <img decoding=\"async\" src=\"\/wp-content\/uploads\/2020\/04\/blog-placeholder.png\">\n\t        <\/div><\/a>\n\t        <div class=\"post-title\"><h2>C\u00f3mo llevar a cabo el monitoreo de accesibilidad del sitio web con inSuit Monitor\u2122<\/h2><\/div>\n\t        <div class=\"post-date\">16 de abril de 2026<\/div>\n\t        <div class=\"post-read-more\"><a href=\"https:\/\/www.insuit.net\/es\/monitoreo-accesibilidad-sitio-web\/\">Leer m\u00e1s <i class=\"fa fa-chevron-right\"><\/i><\/a><\/div>\n        <\/div>\n        \n        <div class=\"post\">\n            <a href=\"https:\/\/www.insuit.net\/es\/accesibilidad-wordpress\/\"><div class=\"post-image-container\" style=\"background-image:url(https:\/\/www.insuit.net\/wp-content\/uploads\/2026\/04\/accesibilidad-wordpress.webp);\">\n\t            <img decoding=\"async\" src=\"\/wp-content\/uploads\/2020\/04\/blog-placeholder.png\">\n\t        <\/div><\/a>\n\t        <div class=\"post-title\"><h2>C\u00f3mo mejorar la accesibilidad de tu web en WordPress<\/h2><\/div>\n\t        <div class=\"post-date\">31 de marzo de 2026<\/div>\n\t        <div class=\"post-read-more\"><a href=\"https:\/\/www.insuit.net\/es\/accesibilidad-wordpress\/\">Leer m\u00e1s <i class=\"fa fa-chevron-right\"><\/i><\/a><\/div>\n        <\/div>\n        \n\t<\/div>\n\t\t<a href=\"\/es\/blog\" class=\"round-button\">Ver m\u00e1s noticias<\/a>\n\t<\/div>\n\t<\/div>\n\t\t\t\t\t\t<\/div>\n\t\t\t\t<\/div>\n\t\t\t\t\t<\/div>\n\t\t<\/div>\n\t\t\t\t\t<\/div>\n\t\t<\/section>\n\t\t\t\t<\/div>\n\t\t","protected":false},"excerpt":{"rendered":"<p>Aqu\u00ed tienes tu gu\u00eda de la European Accessibility Act (EAA) Muchas gracias por descargarla, si tienes alguna consulta puedes contactar con nosotros. DESCARGAR<\/p>\n","protected":false},"author":7,"featured_media":0,"parent":0,"menu_order":0,"comment_status":"closed","ping_status":"closed","template":"","meta":{"_acf_changed":false,"content-type":"","footnotes":""},"tags":[],"class_list":["post-14620","page","type-page","status-publish","hentry"],"acf":[],"yoast_head":"<!-- This site is optimized with the Yoast SEO Premium plugin v26.1 (Yoast SEO v27.4) - https:\/\/yoast.com\/product\/yoast-seo-premium-wordpress\/ -->\n<title>Gracias por descargar la gu\u00eda de la EAA - inSuit<\/title>\n<meta name=\"robots\" content=\"noindex, nofollow\" \/>\n<meta property=\"og:locale\" content=\"es_ES\" \/>\n<meta property=\"og:type\" content=\"article\" \/>\n<meta property=\"og:title\" content=\"Gracias por descargar la gu\u00eda de la EAA\" \/>\n<meta property=\"og:description\" content=\"Aqu\u00ed tienes tu gu\u00eda de la European Accessibility Act (EAA) Muchas gracias por descargarla, si tienes alguna consulta puedes contactar con nosotros. DESCARGAR\" \/>\n<meta property=\"og:url\" content=\"https:\/\/www.insuit.net\/es\/gracias-descarga-guia-eaa\/\" \/>\n<meta property=\"og:site_name\" content=\"inSuit\" \/>\n<meta property=\"article:modified_time\" content=\"2025-10-02T14:19:37+00:00\" \/>\n<meta property=\"og:image\" content=\"https:\/\/www.insuit.net\/wp-content\/uploads\/elementor\/thumbs\/portada-guia-eaa-r20zrwq4otbqebni40mutq2pv10cs1yx92cdcvj6ay.jpg\" \/>\n<meta name=\"twitter:card\" content=\"summary_large_image\" \/>\n<meta name=\"twitter:label1\" content=\"Tiempo de lectura\" \/>\n\t<meta name=\"twitter:data1\" content=\"1 minuto\" \/>\n<script type=\"application\/ld+json\" class=\"yoast-schema-graph\">{\"@context\":\"https:\\\/\\\/schema.org\",\"@graph\":[{\"@type\":\"WebPage\",\"@id\":\"https:\\\/\\\/www.insuit.net\\\/es\\\/gracias-descarga-guia-eaa\\\/\",\"url\":\"https:\\\/\\\/www.insuit.net\\\/es\\\/gracias-descarga-guia-eaa\\\/\",\"name\":\"Gracias por descargar la gu\u00eda de la EAA - inSuit\",\"isPartOf\":{\"@id\":\"https:\\\/\\\/www.insuit.net\\\/es\\\/#website\"},\"primaryImageOfPage\":{\"@id\":\"https:\\\/\\\/www.insuit.net\\\/es\\\/gracias-descarga-guia-eaa\\\/#primaryimage\"},\"image\":{\"@id\":\"https:\\\/\\\/www.insuit.net\\\/es\\\/gracias-descarga-guia-eaa\\\/#primaryimage\"},\"thumbnailUrl\":\"https:\\\/\\\/www.insuit.net\\\/wp-content\\\/uploads\\\/elementor\\\/thumbs\\\/portada-guia-eaa-r20zrwq4otbqebni40mutq2pv10cs1yx92cdcvj6ay.jpg\",\"datePublished\":\"2025-02-25T13:14:08+00:00\",\"dateModified\":\"2025-10-02T14:19:37+00:00\",\"breadcrumb\":{\"@id\":\"https:\\\/\\\/www.insuit.net\\\/es\\\/gracias-descarga-guia-eaa\\\/#breadcrumb\"},\"inLanguage\":\"es\",\"potentialAction\":[{\"@type\":\"ReadAction\",\"target\":[\"https:\\\/\\\/www.insuit.net\\\/es\\\/gracias-descarga-guia-eaa\\\/\"]}]},{\"@type\":\"ImageObject\",\"inLanguage\":\"es\",\"@id\":\"https:\\\/\\\/www.insuit.net\\\/es\\\/gracias-descarga-guia-eaa\\\/#primaryimage\",\"url\":\"https:\\\/\\\/www.insuit.net\\\/wp-content\\\/uploads\\\/elementor\\\/thumbs\\\/portada-guia-eaa-r20zrwq4otbqebni40mutq2pv10cs1yx92cdcvj6ay.jpg\",\"contentUrl\":\"https:\\\/\\\/www.insuit.net\\\/wp-content\\\/uploads\\\/elementor\\\/thumbs\\\/portada-guia-eaa-r20zrwq4otbqebni40mutq2pv10cs1yx92cdcvj6ay.jpg\"},{\"@type\":\"BreadcrumbList\",\"@id\":\"https:\\\/\\\/www.insuit.net\\\/es\\\/gracias-descarga-guia-eaa\\\/#breadcrumb\",\"itemListElement\":[{\"@type\":\"ListItem\",\"position\":1,\"name\":\"Home\",\"item\":\"https:\\\/\\\/www.insuit.net\\\/es\\\/\"},{\"@type\":\"ListItem\",\"position\":2,\"name\":\"Gracias por descargar la gu\u00eda de la EAA\"}]},{\"@type\":\"WebSite\",\"@id\":\"https:\\\/\\\/www.insuit.net\\\/es\\\/#website\",\"url\":\"https:\\\/\\\/www.insuit.net\\\/es\\\/\",\"name\":\"inSuit\",\"description\":\"Accesibilidad web para personas con discapacidad\",\"potentialAction\":[{\"@type\":\"SearchAction\",\"target\":{\"@type\":\"EntryPoint\",\"urlTemplate\":\"https:\\\/\\\/www.insuit.net\\\/es\\\/?s={search_term_string}\"},\"query-input\":{\"@type\":\"PropertyValueSpecification\",\"valueRequired\":true,\"valueName\":\"search_term_string\"}}],\"inLanguage\":\"es\"}]}<\/script>\n<!-- \/ Yoast SEO Premium plugin. -->","yoast_head_json":{"title":"Gracias por descargar la gu\u00eda de la EAA - inSuit","robots":{"index":"noindex","follow":"nofollow"},"og_locale":"es_ES","og_type":"article","og_title":"Gracias por descargar la gu\u00eda de la EAA","og_description":"Aqu\u00ed tienes tu gu\u00eda de la European Accessibility Act (EAA) Muchas gracias por descargarla, si tienes alguna consulta puedes contactar con nosotros. DESCARGAR","og_url":"https:\/\/www.insuit.net\/es\/gracias-descarga-guia-eaa\/","og_site_name":"inSuit","article_modified_time":"2025-10-02T14:19:37+00:00","og_image":[{"url":"https:\/\/www.insuit.net\/wp-content\/uploads\/elementor\/thumbs\/portada-guia-eaa-r20zrwq4otbqebni40mutq2pv10cs1yx92cdcvj6ay.jpg","type":"","width":"","height":""}],"twitter_card":"summary_large_image","twitter_misc":{"Tiempo de lectura":"1 minuto"},"schema":{"@context":"https:\/\/schema.org","@graph":[{"@type":"WebPage","@id":"https:\/\/www.insuit.net\/es\/gracias-descarga-guia-eaa\/","url":"https:\/\/www.insuit.net\/es\/gracias-descarga-guia-eaa\/","name":"Gracias por descargar la gu\u00eda de la EAA - inSuit","isPartOf":{"@id":"https:\/\/www.insuit.net\/es\/#website"},"primaryImageOfPage":{"@id":"https:\/\/www.insuit.net\/es\/gracias-descarga-guia-eaa\/#primaryimage"},"image":{"@id":"https:\/\/www.insuit.net\/es\/gracias-descarga-guia-eaa\/#primaryimage"},"thumbnailUrl":"https:\/\/www.insuit.net\/wp-content\/uploads\/elementor\/thumbs\/portada-guia-eaa-r20zrwq4otbqebni40mutq2pv10cs1yx92cdcvj6ay.jpg","datePublished":"2025-02-25T13:14:08+00:00","dateModified":"2025-10-02T14:19:37+00:00","breadcrumb":{"@id":"https:\/\/www.insuit.net\/es\/gracias-descarga-guia-eaa\/#breadcrumb"},"inLanguage":"es","potentialAction":[{"@type":"ReadAction","target":["https:\/\/www.insuit.net\/es\/gracias-descarga-guia-eaa\/"]}]},{"@type":"ImageObject","inLanguage":"es","@id":"https:\/\/www.insuit.net\/es\/gracias-descarga-guia-eaa\/#primaryimage","url":"https:\/\/www.insuit.net\/wp-content\/uploads\/elementor\/thumbs\/portada-guia-eaa-r20zrwq4otbqebni40mutq2pv10cs1yx92cdcvj6ay.jpg","contentUrl":"https:\/\/www.insuit.net\/wp-content\/uploads\/elementor\/thumbs\/portada-guia-eaa-r20zrwq4otbqebni40mutq2pv10cs1yx92cdcvj6ay.jpg"},{"@type":"BreadcrumbList","@id":"https:\/\/www.insuit.net\/es\/gracias-descarga-guia-eaa\/#breadcrumb","itemListElement":[{"@type":"ListItem","position":1,"name":"Home","item":"https:\/\/www.insuit.net\/es\/"},{"@type":"ListItem","position":2,"name":"Gracias por descargar la gu\u00eda de la EAA"}]},{"@type":"WebSite","@id":"https:\/\/www.insuit.net\/es\/#website","url":"https:\/\/www.insuit.net\/es\/","name":"inSuit","description":"Accesibilidad web para personas con discapacidad","potentialAction":[{"@type":"SearchAction","target":{"@type":"EntryPoint","urlTemplate":"https:\/\/www.insuit.net\/es\/?s={search_term_string}"},"query-input":{"@type":"PropertyValueSpecification","valueRequired":true,"valueName":"search_term_string"}}],"inLanguage":"es"}]}},"_links":{"self":[{"href":"https:\/\/www.insuit.net\/es\/wp-json\/wp\/v2\/pages\/14620","targetHints":{"allow":["GET"]}}],"collection":[{"href":"https:\/\/www.insuit.net\/es\/wp-json\/wp\/v2\/pages"}],"about":[{"href":"https:\/\/www.insuit.net\/es\/wp-json\/wp\/v2\/types\/page"}],"author":[{"embeddable":true,"href":"https:\/\/www.insuit.net\/es\/wp-json\/wp\/v2\/users\/7"}],"replies":[{"embeddable":true,"href":"https:\/\/www.insuit.net\/es\/wp-json\/wp\/v2\/comments?post=14620"}],"version-history":[{"count":22,"href":"https:\/\/www.insuit.net\/es\/wp-json\/wp\/v2\/pages\/14620\/revisions"}],"predecessor-version":[{"id":29361,"href":"https:\/\/www.insuit.net\/es\/wp-json\/wp\/v2\/pages\/14620\/revisions\/29361"}],"wp:attachment":[{"href":"https:\/\/www.insuit.net\/es\/wp-json\/wp\/v2\/media?parent=14620"}],"wp:term":[{"taxonomy":"post_tag","embeddable":true,"href":"https:\/\/www.insuit.net\/es\/wp-json\/wp\/v2\/tags?post=14620"}],"curies":[{"name":"wp","href":"https:\/\/api.w.org\/{rel}","templated":true}]}}